{"id":222597,"date":"2019-02-13T22:10:00","date_gmt":"2019-02-13T21:10:00","guid":{"rendered":"https:\/\/privatecruise.no\/galleria\/"},"modified":"2025-03-27T14:58:09","modified_gmt":"2025-03-27T13:58:09","slug":"galleria","status":"publish","type":"page","link":"https:\/\/privatecruise.no\/it\/galleria\/","title":{"rendered":"Galleria"},"content":{"rendered":"<p>[et_pb_section fb_built=&#8221;1&#8243; specialty=&#8221;on&#8221; custom_padding_last_edited=&#8221;on|phone&#8221; module_class=&#8221;topSub&#8221; _builder_version=&#8221;3.19.11&#8243; background_image=&#8221;https:\/\/privatecruise.no\/wp-content\/uploads\/2019\/02\/City-Island.jpg&#8221; custom_margin=&#8221;||&#8221; custom_padding=&#8221;150px||150px&#8221; custom_padding_tablet=&#8221;100px||100px|&#8221; custom_padding_phone=&#8221;75px||75px|&#8221;][et_pb_column type=&#8221;1_2&#8243; specialty_columns=&#8221;2&#8243; _builder_version=&#8221;3.0.47&#8243; parallax__hover=&#8221;off&#8221; parallax_method__hover=&#8221;on&#8221; parallax=&#8221;off&#8221; parallax_method=&#8221;on&#8221;][\/et_pb_column][et_pb_column type=&#8221;1_2&#8243; _builder_version=&#8221;3.0.47&#8243; parallax__hover=&#8221;off&#8221; parallax_method__hover=&#8221;on&#8221; parallax=&#8221;off&#8221; parallax_method=&#8221;on&#8221;][\/et_pb_column][\/et_pb_section][et_pb_section fb_built=&#8221;1&#8243; custom_padding_last_edited=&#8221;on|phone&#8221; admin_label=&#8221;About Section&#8221; module_id=&#8221;info&#8221; module_class=&#8221;SubInfo&#8221; _builder_version=&#8221;3.19.11&#8243; background_color=&#8221;#ffffff&#8221; custom_padding=&#8221;0|0px|0|0px|false|false&#8221; custom_padding_tablet=&#8221;||35px|&#8221; custom_padding_phone=&#8221;||0px&#8221;][et_pb_row custom_padding=&#8221;33.5938px|0px|24px|0px|false|false&#8221; custom_padding_phone=&#8221;||0px&#8221; custom_padding_last_edited=&#8221;on|desktop&#8221; _builder_version=&#8221;3.19.11&#8243; custom_margin_last_edited=&#8221;on|phone&#8221; animation_style=&#8221;slide&#8221; animation_direction=&#8221;bottom&#8221; animation_intensity_slide=&#8221;5%&#8221;][et_pb_column type=&#8221;4_4&#8243; _builder_version=&#8221;3.0.47&#8243; parallax=&#8221;off&#8221; parallax_method=&#8221;on&#8221;][et_pb_text _builder_version=&#8221;3.19.11&#8243; text_font=&#8221;||||||||&#8221; text_line_height_last_edited=&#8221;off|desktop&#8221; header_font=&#8221;|700|||||||&#8221; header_font_size=&#8221;50px&#8221; header_font_size_tablet=&#8221;32px&#8221; header_font_size_phone=&#8221;28px&#8221; header_font_size_last_edited=&#8221;on|phone&#8221; header_line_height=&#8221;1.5em&#8221; header_2_font=&#8221;|700|||||||&#8221; header_2_font_size=&#8221;50px&#8221; header_2_font_size_tablet=&#8221;32px&#8221; header_2_font_size_phone=&#8221;28px&#8221; header_2_font_size_last_edited=&#8221;on|phone&#8221; header_2_line_height=&#8221;1.5em&#8221; header_5_font=&#8221;|||on|||||&#8221; header_5_text_color=&#8221;rgba(0,0,0,0.4)&#8221; header_5_font_size=&#8221;20px&#8221; header_5_letter_spacing=&#8221;3px&#8221; background_color=&#8221;#ffffff&#8221; box_shadow_style=&#8221;preset3&#8243; box_shadow_vertical=&#8221;-15px&#8221; text_orientation=&#8221;center&#8221; max_width=&#8221;600px&#8221; module_alignment=&#8221;center&#8221; custom_margin=&#8221;-75px||0px&#8221; custom_padding=&#8221;35px||0px&#8221;]<\/p>\n<h5>Volete un&#8217;ispirazione?<\/h5>\n<h1>Galleria di immagini<\/h1>\n<p>[\/et_pb_text][\/et_pb_column][\/et_pb_row][et_pb_row use_custom_gutter=&#8221;on&#8221; gutter_width=&#8221;1&#8243; make_equal=&#8221;on&#8221; _builder_version=&#8221;3.19.11&#8243; module_alignment=&#8221;center&#8221;][et_pb_column type=&#8221;4_4&#8243; _builder_version=&#8221;3.0.47&#8243; parallax=&#8221;off&#8221; parallax_method=&#8221;on&#8221;][et_pb_gallery gallery_ids=&#8221;206771,206664,206662,206654,206634,206642,206651,206644&#8243; posts_number=&#8221;32&#8243; db_images_per_row=&#8221;4&#8243; db_image_max_width_tablet=&#8221;51&#8243; db_image_max_height_tablet=&#8221;501&#8243; db_image_row_spacing_tablet=&#8221;51&#8243; db_image_center_titles=&#8221;left&#8221; db_image_object_fit=&#8221;initial&#8221; show_title_and_caption=&#8221;off&#8221; _builder_version=&#8221;3.19.11&#8243;]<\/p>\n<h2>Viaggio  <\/h2>\n<h4><span>Sapevate che la Norvegia \u00e8 stata spesso classificata come il Paese pi\u00f9 felice del mondo?<\/span><\/h4>\n<p><span>Questo in base a criteri come libert\u00e0, onest\u00e0, benessere, buona salute e generosit\u00e0. Venite a trovarci e partecipate a ci\u00f2 che ci rende felici.   <\/span>\u00c8 possibile che lo straordinario paesaggio a cui abbiamo accesso ci renda davvero felici?  <span>La regione di Stavanger fa parte della Norvegia dei fiordi. Qui troverete scenari mozzafiato con cascate, fiordi di un blu intenso e montagne innevate.   <\/span><\/p>\n<p>[\/et_pb_gallery][\/et_pb_column][\/et_pb_row][\/et_pb_section][et_pb_section fb_built=&#8221;1&#8243; custom_padding_last_edited=&#8221;on|phone&#8221; admin_label=&#8221;About Section&#8221; module_id=&#8221;tripadvisor&#8221; _builder_version=&#8221;3.19.11&#8243; background_color=&#8221;#ffffff&#8221; custom_padding=&#8221;35px|0px|55px|0px|false|false&#8221; custom_padding_tablet=&#8221;||35px|&#8221; custom_padding_phone=&#8221;||0px&#8221;][et_pb_row _builder_version=&#8221;3.19.11&#8243;][et_pb_column type=&#8221;4_4&#8243; _builder_version=&#8221;3.19.11&#8243; parallax=&#8221;off&#8221; parallax_method=&#8221;on&#8221;][et_pb_image src=&#8221;https:\/\/privatecruise.no\/wp-content\/uploads\/2019\/02\/Tripadvisor-Cert.jpg&#8221; url=&#8221;https:\/\/www.tripadvisor.com\/Attraction_Review-g190511-d8290687-Reviews-Private_Cruise-Stavanger_Stavanger_Municipality_Rogaland_Western_Norway.html&#8221; url_new_window=&#8221;on&#8221; align=&#8221;center&#8221; _builder_version=&#8221;3.19.11&#8243; max_width=&#8221;200px&#8221; custom_margin=&#8221;||-35px&#8221;][\/et_pb_image][et_pb_text _builder_version=&#8221;3.19.11&#8243; text_font=&#8221;||||||||&#8221; text_line_height_last_edited=&#8221;off|desktop&#8221; header_font=&#8221;|700|||||||&#8221; header_font_size=&#8221;50px&#8221; header_font_size_tablet=&#8221;32px&#8221; header_font_size_phone=&#8221;28px&#8221; header_font_size_last_edited=&#8221;on|phone&#8221; header_line_height=&#8221;1.5em&#8221; header_2_font=&#8221;|700|||||||&#8221; header_2_font_size=&#8221;50px&#8221; header_2_font_size_tablet=&#8221;32px&#8221; header_2_font_size_phone=&#8221;28px&#8221; header_2_font_size_last_edited=&#8221;on|phone&#8221; header_2_line_height=&#8221;1.5em&#8221; header_5_font=&#8221;|||on|||||&#8221; header_5_text_color=&#8221;rgba(0,0,0,0.4)&#8221; header_5_font_size=&#8221;20px&#8221; header_5_letter_spacing=&#8221;3px&#8221; text_orientation=&#8221;center&#8221; max_width=&#8221;600px&#8221; module_alignment=&#8221;center&#8221; custom_padding=&#8221;35px||0px&#8221;]<\/p>\n<h2>Recensioni di Tripadvisor<\/h2>\n<h5>5 su 5 stelle<\/h5>\n<p>[\/et_pb_text][\/et_pb_column][\/et_pb_row][et_pb_row _builder_version=&#8221;3.19.6&#8243; animation_style=&#8221;slide&#8221; animation_direction=&#8221;bottom&#8221; animation_delay=&#8221;250ms&#8221; animation_intensity_slide=&#8221;5%&#8221;][et_pb_column type=&#8221;1_2&#8243; _builder_version=&#8221;3.0.47&#8243; parallax=&#8221;off&#8221; parallax_method=&#8221;on&#8221;][et_pb_text _builder_version=&#8221;3.19.11&#8243; text_font=&#8221;Teko|500|||||||&#8221; text_text_color=&#8221;#000000&#8243; text_font_size=&#8221;20px&#8221; text_font_size_phone=&#8221;16px&#8221; text_font_size_last_edited=&#8221;on|phone&#8221; text_letter_spacing=&#8221;2px&#8221; header_font=&#8221;||||||||&#8221; text_orientation=&#8221;center&#8221; max_width=&#8221;80%&#8221; max_width_last_edited=&#8221;on|phone&#8221; module_alignment=&#8221;center&#8221; animation_style=&#8221;zoom&#8221; animation_intensity_zoom=&#8221;8%&#8221;]<\/p>\n<p>&#8220;Tre coppie, una barca a motore, uno skipper eccezionale e un paesaggio meraviglioso&#8230; tutti gli ingredienti per una splendida giornata in acqua. La nostra crociera ci ha portato attraverso il Lysefjord mozzafiato per ammirare con meraviglia la famosa Roccia del Pulpito, dove abbiamo bevuto champagne innaffiato da acqua limpida e pura prelevata dalla vicina cascata. \u00c8 stato un viaggio idilliaco, pieno di risate e memorabile che non esiteremmo a raccomandare. Grazie al nostro skipper amichevole, competente e professionale&#8221;.<\/p>\n<p>[\/et_pb_text][et_pb_text _builder_version=&#8221;3.19.11&#8243; text_font=&#8221;||||||||&#8221; text_font_size=&#8221;12px&#8221; text_orientation=&#8221;center&#8221;]<\/p>\n<p><em>&#8211; una delle tante recensioni a 5 stelle su Tripadvisor, questa dell&#8217;utente &#8220;Sjammal&#8221;.  <\/em><\/p>\n<p>[\/et_pb_text][et_pb_image src=&#8221;https:\/\/privatecruise.no\/wp-content\/uploads\/2019\/01\/tripadvisor-1.png&#8221; _builder_version=&#8221;3.19.11&#8243; max_width=&#8221;150px&#8221; module_alignment=&#8221;center&#8221;][\/et_pb_image][\/et_pb_column][et_pb_column type=&#8221;1_2&#8243; _builder_version=&#8221;3.0.47&#8243; parallax=&#8221;off&#8221; parallax_method=&#8221;on&#8221;][et_pb_text _builder_version=&#8221;3.19.11&#8243; text_font=&#8221;Teko|500|||||||&#8221; text_text_color=&#8221;#000000&#8243; text_font_size=&#8221;20px&#8221; text_font_size_phone=&#8221;16px&#8221; text_font_size_last_edited=&#8221;on|phone&#8221; text_letter_spacing=&#8221;2px&#8221; header_font=&#8221;||||||||&#8221; text_orientation=&#8221;center&#8221; max_width=&#8221;80%&#8221; max_width_last_edited=&#8221;on|phone&#8221; module_alignment=&#8221;center&#8221; animation_style=&#8221;zoom&#8221; animation_intensity_zoom=&#8221;8%&#8221;]<\/p>\n<p>&#8220;Tre coppie, una barca a motore, uno skipper eccezionale e un paesaggio meraviglioso&#8230; tutti gli ingredienti per una splendida giornata in acqua. La nostra crociera ci ha portato attraverso il Lysefjord mozzafiato per ammirare con meraviglia la famosa Roccia del Pulpito, dove abbiamo bevuto champagne innaffiato da acqua limpida e pura prelevata dalla vicina cascata. \u00c8 stato un viaggio idilliaco, pieno di risate e memorabile che non esiteremmo a raccomandare. Grazie al nostro skipper amichevole, competente e professionale&#8221;.<\/p>\n<p>[\/et_pb_text][et_pb_text _builder_version=&#8221;3.19.11&#8243; text_font=&#8221;||||||||&#8221; text_font_size=&#8221;12px&#8221; text_orientation=&#8221;center&#8221;]<\/p>\n<p><em>&#8211; una delle tante recensioni a 5 stelle su Tripadvisor, questa dell&#8217;utente Fiona W, Jersey. REGNO UNITO   <\/em><\/p>\n<p>[\/et_pb_text][et_pb_image src=&#8221;https:\/\/privatecruise.no\/wp-content\/uploads\/2019\/01\/tripadvisor-1.png&#8221; _builder_version=&#8221;3.19.11&#8243; max_width=&#8221;150px&#8221; module_alignment=&#8221;center&#8221;][\/et_pb_image][\/et_pb_column][\/et_pb_row][et_pb_row custom_padding=&#8221;22px|0px|33.5781px|0px|false|false&#8221; _builder_version=&#8221;3.19.11&#8243;][et_pb_column type=&#8221;4_4&#8243; _builder_version=&#8221;3.19.11&#8243; parallax=&#8221;off&#8221; parallax_method=&#8221;on&#8221;][et_pb_text _builder_version=&#8221;3.19.11&#8243; text_font=&#8221;||||on||||&#8221; text_orientation=&#8221;center&#8221;]<\/p>\n<p><a href=\"https:\/\/no.tripadvisor.com\/Attraction_Review-g190511-d8290687-Reviews-Private_Cruise-Stavanger_Stavanger_Municipality_Rogaland_Western_Norway.html\" target=\"_blank\" rel=\"noopener noreferrer\">Leggi altre recensioni su Tripadvisor<\/a><\/p>\n<p>[\/et_pb_text][\/et_pb_column][\/et_pb_row][\/et_pb_section][et_pb_section fb_built=&#8221;1&#8243; admin_label=&#8221;Suggested Product&#8221; _builder_version=&#8221;3.19.11&#8243; custom_padding=&#8221;0|0px|0|0px|false|false&#8221; locked=&#8221;off&#8221; gutter_width__hover=&#8221;3&#8243; gutter_width__hover_enabled=&#8221;3&#8243; parallax_1__hover=&#8221;off&#8221; parallax_1__hover_enabled=&#8221;off&#8221; parallax_2__hover=&#8221;off&#8221; parallax_2__hover_enabled=&#8221;off&#8221; parallax_3__hover=&#8221;off&#8221; parallax_3__hover_enabled=&#8221;off&#8221; parallax_method_1__hover=&#8221;on&#8221; parallax_method_1__hover_enabled=&#8221;on&#8221; parallax_method_2__hover=&#8221;on&#8221; parallax_method_2__hover_enabled=&#8221;on&#8221; parallax_method_3__hover=&#8221;on&#8221; parallax_method_3__hover_enabled=&#8221;on&#8221; use_background_color_gradient__hover=&#8221;off&#8221; use_background_color_gradient__hover_enabled=&#8221;off&#8221; background_color_gradient_start__hover=&#8221;#2b87da&#8221; background_color_gradient_start__hover_enabled=&#8221;#2b87da&#8221; background_color_gradient_end__hover=&#8221;#29c4a9&#8243; background_color_gradient_end__hover_enabled=&#8221;#29c4a9&#8243; background_color_gradient_start_position__hover=&#8221;0%&#8221; background_color_gradient_start_position__hover_enabled=&#8221;0%&#8221; background_color_gradient_end_position__hover=&#8221;100%&#8221; background_color_gradient_end_position__hover_enabled=&#8221;100%&#8221; background_color_gradient_type__hover=&#8221;linear&#8221; background_color_gradient_type__hover_enabled=&#8221;linear&#8221; background_color_gradient_direction__hover=&#8221;180deg&#8221; background_color_gradient_direction__hover_enabled=&#8221;180deg&#8221; background_color_gradient_direction_radial__hover=&#8221;center&#8221; background_color_gradient_direction_radial__hover_enabled=&#8221;center&#8221; background_color_gradient_overlays_image__hover=&#8221;off&#8221; background_color_gradient_overlays_image__hover_enabled=&#8221;off&#8221; parallax__hover=&#8221;off&#8221; parallax__hover_enabled=&#8221;off&#8221; parallax_method__hover=&#8221;on&#8221; parallax_method__hover_enabled=&#8221;on&#8221; background_size__hover=&#8221;cover&#8221; background_size__hover_enabled=&#8221;cover&#8221; background_position__hover=&#8221;center&#8221; background_position__hover_enabled=&#8221;center&#8221; background_repeat__hover=&#8221;no-repeat&#8221; background_repeat__hover_enabled=&#8221;no-repeat&#8221; background_blend__hover=&#8221;normal&#8221; background_blend__hover_enabled=&#8221;normal&#8221; allow_player_pause__hover=&#8221;off&#8221; allow_player_pause__hover_enabled=&#8221;off&#8221; background_video_pause_outside_viewport__hover=&#8221;on&#8221; background_video_pause_outside_viewport__hover_enabled=&#8221;on&#8221; inner_shadow__hover=&#8221;off&#8221; inner_shadow__hover_enabled=&#8221;off&#8221; make_fullwidth__hover=&#8221;off&#8221; make_fullwidth__hover_enabled=&#8221;off&#8221; use_custom_width__hover=&#8221;off&#8221; use_custom_width__hover_enabled=&#8221;off&#8221; width_unit__hover=&#8221;on&#8221; width_unit__hover_enabled=&#8221;on&#8221; custom_width_px__hover=&#8221;1080px&#8221; custom_width_px__hover_enabled=&#8221;1080px&#8221; custom_width_percent__hover=&#8221;80%&#8221; custom_width_percent__hover_enabled=&#8221;80%&#8221; make_equal__hover=&#8221;off&#8221; make_equal__hover_enabled=&#8221;off&#8221; use_custom_gutter__hover=&#8221;off&#8221; use_custom_gutter__hover_enabled=&#8221;off&#8221; border_radii__hover=&#8221;on||||&#8221; border_radii__hover_enabled=&#8221;on||||&#8221; box_shadow_style__hover=&#8221;none&#8221; box_shadow_style__hover_enabled=&#8221;none&#8221; box_shadow_color__hover=&#8221;rgba(0,0,0,0.3)&#8221; box_shadow_color__hover_enabled=&#8221;rgba(0,0,0,0.3)&#8221; max_width__hover=&#8221;100%&#8221; max_width__hover_enabled=&#8221;100%&#8221; filter_hue_rotate__hover=&#8221;0deg&#8221; filter_hue_rotate__hover_enabled=&#8221;0deg&#8221; filter_saturate__hover=&#8221;100%&#8221; filter_saturate__hover_enabled=&#8221;100%&#8221; filter_brightness__hover=&#8221;100%&#8221; filter_brightness__hover_enabled=&#8221;100%&#8221; filter_contrast__hover=&#8221;100%&#8221; filter_contrast__hover_enabled=&#8221;100%&#8221; filter_invert__hover=&#8221;0%&#8221; filter_invert__hover_enabled=&#8221;0%&#8221; filter_sepia__hover=&#8221;0%&#8221; filter_sepia__hover_enabled=&#8221;0%&#8221; filter_opacity__hover=&#8221;100%&#8221; filter_opacity__hover_enabled=&#8221;100%&#8221; filter_blur__hover=&#8221;0px&#8221; filter_blur__hover_enabled=&#8221;0px&#8221; mix_blend_mode__hover=&#8221;normal&#8221; mix_blend_mode__hover_enabled=&#8221;normal&#8221; animation_style__hover=&#8221;none&#8221; animation_style__hover_enabled=&#8221;none&#8221; animation_repeat__hover=&#8221;once&#8221; animation_repeat__hover_enabled=&#8221;once&#8221; animation_direction__hover=&#8221;center&#8221; animation_direction__hover_enabled=&#8221;center&#8221; animation_duration__hover=&#8221;1000ms&#8221; animation_duration__hover_enabled=&#8221;1000ms&#8221; animation_delay__hover=&#8221;0ms&#8221; animation_delay__hover_enabled=&#8221;0ms&#8221; animation_intensity_slide__hover=&#8221;50%&#8221; animation_intensity_slide__hover_enabled=&#8221;50%&#8221; animation_intensity_zoom__hover=&#8221;50%&#8221; animation_intensity_zoom__hover_enabled=&#8221;50%&#8221; animation_intensity_flip__hover=&#8221;50%&#8221; animation_intensity_flip__hover_enabled=&#8221;50%&#8221; animation_intensity_fold__hover=&#8221;50%&#8221; animation_intensity_fold__hover_enabled=&#8221;50%&#8221; animation_intensity_roll__hover=&#8221;50%&#8221; animation_intensity_roll__hover_enabled=&#8221;50%&#8221; animation_starting_opacity__hover=&#8221;0%&#8221; animation_starting_opacity__hover_enabled=&#8221;0%&#8221; animation_speed_curve__hover=&#8221;ease-in-out&#8221; animation_speed_curve__hover_enabled=&#8221;ease-in-out&#8221; hover_transition_duration__hover=&#8221;300ms&#8221; hover_transition_duration__hover_enabled=&#8221;300ms&#8221; hover_transition_delay__hover=&#8221;0ms&#8221; hover_transition_delay__hover_enabled=&#8221;0ms&#8221; hover_transition_speed_curve__hover=&#8221;ease&#8221; hover_transition_speed_curve__hover_enabled=&#8221;ease&#8221;][et_pb_row use_custom_width=&#8221;on&#8221; width_unit=&#8221;off&#8221; custom_width_percent=&#8221;100%&#8221; use_custom_gutter=&#8221;on&#8221; gutter_width=&#8221;1&#8243; custom_padding=&#8221;0|0px|0|0px|false|false&#8221; make_equal=&#8221;on&#8221; background_color_1=&#8221;#000000&#8243; background_color_3=&#8221;#1a2545&#8243; padding_top_bottom_link_1=&#8221;true&#8221; padding_top_bottom_link_2=&#8221;true&#8221; padding_top_bottom_link_3=&#8221;false&#8221; padding_left_right_link_1=&#8221;true&#8221; padding_left_right_link_3=&#8221;false&#8221; use_background_color_gradient_2=&#8221;off&#8221; background_color_gradient_start_2=&#8221;rgba(26,37,69,0)&#8221; background_color_gradient_end_2=&#8221;#1a2545&#8243; background_color_gradient_direction_2=&#8221;90deg&#8221; background_color_gradient_start_position_2=&#8221;60%&#8221; background_color_gradient_end_position_2=&#8221;60%&#8221; padding_top_1=&#8221;80px&#8221; padding_top_2=&#8221;100px&#8221; padding_top_3=&#8221;15vw&#8221; padding_right_1=&#8221;10vw&#8221; padding_right_3=&#8221;10vw&#8221; padding_bottom_1=&#8221;80px&#8221; padding_bottom_2=&#8221;100px&#8221; padding_bottom_3=&#8221;10vw&#8221; padding_left_1=&#8221;10vw&#8221; padding_left_3=&#8221;5vw&#8221; padding_2_tablet=&#8221;50px||0px&#8221; padding_3_tablet=&#8221;|||10vw&#8221; padding_1_phone=&#8221;40px||40px&#8221; padding_2_phone=&#8221;0px||0px|25px&#8221; padding_3_phone=&#8221;40px||40px||true&#8221; padding_2_last_edited=&#8221;on|phone&#8221; module_class_1=&#8221;second-on-mobile&#8221; module_class_2=&#8221;first-on-mobile&#8221; custom_css_main_1=&#8221;display: flex;||flex-direction: column;||justify-content: center;||&#8221; module_class=&#8221;custom_row&#8221; _builder_version=&#8221;3.19.11&#8243;][et_pb_column type=&#8221;3_5&#8243; _builder_version=&#8221;3.19&#8243; padding_phone=&#8221;40px||40px&#8221; padding_bottom=&#8221;80px&#8221; padding_left=&#8221;10vw&#8221; padding_right=&#8221;10vw&#8221; padding_top=&#8221;80px&#8221; background_color=&#8221;#000000&#8243; parallax=&#8221;off&#8221; parallax_method=&#8221;on&#8221; module_class=&#8221;second-on-mobile&#8221; custom_css_main=&#8221;display: flex;||flex-direction: column;||justify-content: center;||&#8221;][et_pb_text _builder_version=&#8221;3.19.6&#8243; text_font=&#8221;||||||||&#8221; text_text_color=&#8221;#ffffff&#8221; text_line_height=&#8221;2em&#8221; header_font=&#8221;||||||||&#8221; header_2_font=&#8221;|700|||||||&#8221; header_2_font_size=&#8221;36px&#8221; header_2_font_size_tablet=&#8221;32px&#8221; header_2_font_size_phone=&#8221;32px&#8221; header_2_font_size_last_edited=&#8221;on|phone&#8221; header_2_line_height=&#8221;1.6em&#8221; header_3_font=&#8221;|700|||||||&#8221; header_3_font_size=&#8221;30px&#8221; header_3_font_size_phone=&#8221;22px&#8221; header_3_font_size_last_edited=&#8221;on|phone&#8221; header_3_line_height=&#8221;1.6em&#8221; header_4_font=&#8221;|500||on|||||&#8221; header_4_font_size_phone=&#8221;18px&#8221; header_4_font_size_last_edited=&#8221;on|phone&#8221; header_4_letter_spacing=&#8221;5px&#8221; header_4_line_height=&#8221;1.5em&#8221; background_layout=&#8221;dark&#8221; custom_margin=&#8221;||35px&#8221; locked=&#8221;off&#8221;]<\/p>\n<h4>Cosa state aspettando?  <\/h4>\n<h2>Prenotate oggi stesso una crociera con Private Cruise!<\/h2>\n<p>Private Cruise \u00e8 orgogliosa della capacit\u00e0 di creare la crociera perfetta per qualsiasi occasione. Offriamo crociere turistiche private giornaliere e un servizio completamente personalizzato, unico e personale. Siamo consapevoli che la compassione e l&#8217;attenta pianificazione sono fattori chiave. Siamo orgogliosi del nostro servizio di alto livello e dell&#8217;attenzione immacolata ai dettagli che forniamo a ciascuno dei nostri clienti.[\/et_pb_text][et_pb_button button_url=&#8221;https:\/\/privatecruise.no\/booking\/&#8221; button_text=&#8221;PRENOTA UNA CROCIERA con crociera privata&#8221; _builder_version=&#8221;3.19.6&#8243; custom_button=&#8221;on&#8221; button_text_size=&#8221;14px&#8221; button_text_color=&#8221;#000000&#8243; button_bg_color=&#8221;#ffffff&#8221; button_border_width=&#8221;0px&#8221; button_border_color=&#8221;#ffffff&#8221; button_border_radius=&#8221;100px&#8221; button_letter_spacing=&#8221;2px&#8221; button_font=&#8221;|500||on|||||&#8221; button_use_icon=&#8221;off&#8221; button_text_size_phone=&#8221;12px&#8221; button_text_size_last_edited=&#8221;on|phone&#8221; box_shadow_style=&#8221;preset1&#8243; box_shadow_vertical=&#8221;10px&#8221; box_shadow_blur=&#8221;20px&#8221; box_shadow_color=&#8221;rgba(0,0,0,0.15)&#8221; custom_padding=&#8221;16px|30px|16px|30px|true|true&#8221; button_letter_spacing_hover=&#8221;2px&#8221; locked=&#8221;off&#8221; button_text_size__hover_enabled=&#8221;off&#8221; button_one_text_size__hover_enabled=&#8221;off&#8221; button_two_text_size__hover_enabled=&#8221;off&#8221; button_text_color__hover_enabled=&#8221;off&#8221; button_one_text_color__hover_enabled=&#8221;off&#8221; button_two_text_color__hover_enabled=&#8221;off&#8221; button_border_width__hover_enabled=&#8221;off&#8221; button_one_border_width__hover_enabled=&#8221;off&#8221; button_two_border_width__hover_enabled=&#8221;off&#8221; button_border_color__hover_enabled=&#8221;off&#8221; button_one_border_color__hover_enabled=&#8221;off&#8221; button_two_border_color__hover_enabled=&#8221;off&#8221; button_border_radius__hover_enabled=&#8221;off&#8221; button_one_border_radius__hover_enabled=&#8221;off&#8221; button_two_border_radius__hover_enabled=&#8221;off&#8221; button_letter_spacing__hover_enabled=&#8221;on&#8221; button_letter_spacing__hover=&#8221;2px&#8221; button_one_letter_spacing__hover_enabled=&#8221;off&#8221; button_two_letter_spacing__hover_enabled=&#8221;off&#8221; button_bg_color__hover_enabled=&#8221;on&#8221; button_one_bg_color__hover_enabled=&#8221;off&#8221; button_two_bg_color__hover_enabled=&#8221;off&#8221; button_bg_color__hover=&#8221;#d6d6d5&#8243;][\/et_pb_button][\/et_pb_column][et_pb_column type=&#8221;2_5&#8243; _builder_version=&#8221;3.19&#8243; padding_phone=&#8221;0px||0px|25px&#8221; padding_tablet=&#8221;50px||0px&#8221; padding_last_edited=&#8221;on|phone&#8221; padding_bottom=&#8221;100px&#8221; padding_top=&#8221;100px&#8221; parallax=&#8221;off&#8221; parallax_method=&#8221;on&#8221; use_background_color_gradient=&#8221;off&#8221; background_color_gradient_start=&#8221;rgba(26,37,69,0)&#8221; background_color_gradient_end=&#8221;#1a2545&#8243; background_color_gradient_direction=&#8221;90deg&#8221; background_color_gradient_start_position=&#8221;60%&#8221; background_color_gradient_end_position=&#8221;60%&#8221; module_class=&#8221;first-on-mobile&#8221;][et_pb_image src=&#8221;https:\/\/privatecruise.no\/wp-content\/uploads\/2019\/01\/yacht-img-15.jpg&#8221; _builder_version=&#8221;3.19.6&#8243; border_width_all=&#8221;8px&#8221; border_color_all=&#8221;#ffffff&#8221; custom_margin=&#8221;|||-5vw&#8221; animation_style=&#8221;slide&#8221; animation_direction=&#8221;right&#8221; animation_intensity_slide=&#8221;2%&#8221; locked=&#8221;off&#8221; show_bottom_space__hover=&#8221;on&#8221; show_bottom_space__hover_enabled=&#8221;on&#8221;][\/et_pb_image][\/et_pb_column][\/et_pb_row][\/et_pb_section]<\/p>\n","protected":false},"excerpt":{"rendered":"<p>Volete un&#8217;ispirazione? Galleria di immaginiViaggio Sapevate che la Norvegia \u00e8 stata spesso classificata come il Paese pi\u00f9 felice del mondo? Questo in base a criteri come libert\u00e0, onest\u00e0, benessere, buona salute e generosit\u00e0. Venite a trovarci e partecipate a ci\u00f2 che ci rende felici. \u00c8 possibile che lo straordinario paesaggio a cui abbiamo accesso ci [&hellip;]<\/p>\n","protected":false},"author":6,"featured_media":0,"parent":0,"menu_order":0,"comment_status":"closed","ping_status":"closed","template":"","meta":{"_et_pb_use_builder":"on","_et_pb_old_content":"","_et_gb_content_width":"","footnotes":""},"class_list":["post-222597","page","type-page","status-publish","hentry"],"_links":{"self":[{"href":"https:\/\/privatecruise.no\/it\/wp-json\/wp\/v2\/pages\/222597","targetHints":{"allow":["GET"]}}],"collection":[{"href":"https:\/\/privatecruise.no\/it\/wp-json\/wp\/v2\/pages"}],"about":[{"href":"https:\/\/privatecruise.no\/it\/wp-json\/wp\/v2\/types\/page"}],"author":[{"embeddable":true,"href":"https:\/\/privatecruise.no\/it\/wp-json\/wp\/v2\/users\/6"}],"replies":[{"embeddable":true,"href":"https:\/\/privatecruise.no\/it\/wp-json\/wp\/v2\/comments?post=222597"}],"version-history":[{"count":7,"href":"https:\/\/privatecruise.no\/it\/wp-json\/wp\/v2\/pages\/222597\/revisions"}],"predecessor-version":[{"id":222616,"href":"https:\/\/privatecruise.no\/it\/wp-json\/wp\/v2\/pages\/222597\/revisions\/222616"}],"wp:attachment":[{"href":"https:\/\/privatecruise.no\/it\/wp-json\/wp\/v2\/media?parent=222597"}],"curies":[{"name":"wp","href":"https:\/\/api.w.org\/{rel}","templated":true}]}}