{"id":222454,"date":"2019-02-21T20:04:07","date_gmt":"2019-02-21T19:04:07","guid":{"rendered":"https:\/\/privatecruise.no\/cookie-e-privacy\/"},"modified":"2025-03-27T14:30:51","modified_gmt":"2025-03-27T13:30:51","slug":"cookie-e-privacy","status":"publish","type":"page","link":"https:\/\/privatecruise.no\/it\/cookie-e-privacy\/","title":{"rendered":"Cookie e privacy"},"content":{"rendered":"<p>[et_pb_section fb_built=&#8221;1&#8243; specialty=&#8221;on&#8221; custom_padding_last_edited=&#8221;on|phone&#8221; module_class=&#8221;topSub&#8221; _builder_version=&#8221;3.22.3&#8243; background_image=&#8221;https:\/\/privatecruise.no\/wp-content\/uploads\/2019\/01\/20160816_082959-1.jpg&#8221; custom_margin=&#8221;||&#8221; custom_padding=&#8221;110px||110px||true|false&#8221; custom_padding_tablet=&#8221;100px||100px|&#8221; custom_padding_phone=&#8221;75px||75px|&#8221;][et_pb_column type=&#8221;1_2&#8243; specialty_columns=&#8221;2&#8243; _builder_version=&#8221;3.0.47&#8243; parallax__hover=&#8221;off&#8221; parallax_method__hover=&#8221;on&#8221;][\/et_pb_column][et_pb_column type=&#8221;1_2&#8243; _builder_version=&#8221;3.0.47&#8243; parallax__hover=&#8221;off&#8221; parallax_method__hover=&#8221;on&#8221;][\/et_pb_column][\/et_pb_section][et_pb_section fb_built=&#8221;1&#8243; _builder_version=&#8221;3.22.3&#8243; custom_padding=&#8221;0|0px|67.1562px|0px|false|false&#8221;][et_pb_row custom_padding=&#8221;33.5938px|0px|24px|0px|false|false&#8221; custom_padding_phone=&#8221;||0px&#8221; custom_padding_last_edited=&#8221;on|desktop&#8221; _builder_version=&#8221;3.22.3&#8243; custom_margin_last_edited=&#8221;on|phone&#8221; animation_style=&#8221;slide&#8221; animation_direction=&#8221;bottom&#8221; animation_intensity_slide=&#8221;5%&#8221;][et_pb_column type=&#8221;4_4&#8243; _builder_version=&#8221;3.0.47&#8243;][et_pb_text _builder_version=&#8221;3.19.11&#8243; text_font=&#8221;||||||||&#8221; header_font=&#8221;|700|||||||&#8221; header_font_size=&#8221;50px&#8221; header_line_height=&#8221;1.5em&#8221; header_2_font=&#8221;|700|||||||&#8221; header_2_font_size=&#8221;50px&#8221; header_2_line_height=&#8221;1.5em&#8221; header_5_font=&#8221;|||on|||||&#8221; header_5_text_color=&#8221;rgba(0,0,0,0.4)&#8221; header_5_font_size=&#8221;20px&#8221; header_5_letter_spacing=&#8221;3px&#8221; background_color=&#8221;#ffffff&#8221; box_shadow_style=&#8221;preset3&#8243; box_shadow_vertical=&#8221;-15px&#8221; text_orientation=&#8221;center&#8221; max_width=&#8221;600px&#8221; module_alignment=&#8221;center&#8221; custom_margin=&#8221;-75px||0px&#8221; custom_padding=&#8221;35px||0px&#8221; text_line_height_last_edited=&#8221;off|desktop&#8221; header_font_size_tablet=&#8221;32px&#8221; header_font_size_phone=&#8221;28px&#8221; header_font_size_last_edited=&#8221;on|phone&#8221; header_2_font_size_tablet=&#8221;32px&#8221; header_2_font_size_phone=&#8221;28px&#8221; header_2_font_size_last_edited=&#8221;on|phone&#8221;]<\/p>\n<h5>La tua privacy \u00e8 importante<\/h5>\n<h1>Informazioni sui cookie e sulla privacy<\/h1>\n<p>[\/et_pb_text][et_pb_text _builder_version=&#8221;3.23.3&#8243; text_font=&#8221;||||||||&#8221; text_font_size=&#8221;10px&#8221; text_orientation=&#8221;center&#8221; custom_margin=&#8221;||0px|&#8221;]<\/p>\n<p><em>Ultimo aggiornamento: 23.06.2019 &#8211; aggiunto Pixel di Facebook<\/em><\/p>\n<p>[\/et_pb_text][\/et_pb_column][\/et_pb_row][et_pb_row _builder_version=&#8221;3.22.3&#8243;][et_pb_column type=&#8221;4_4&#8243; _builder_version=&#8221;3.0.47&#8243;][et_pb_text _builder_version=&#8221;3.9&#8243; text_font=&#8221;||||||||&#8221; max_width=&#8221;850px&#8221; module_alignment=&#8221;center&#8221;]<\/p>\n<h1 style=\"text-align: center\">Informativa sulla privacy e cookie<\/h1>\n<p style=\"text-align: center\"><strong>I dati personali sono dati e valutazioni che possono essere collegati a un individuo. Ad esempio, possono essere il nome, il luogo di residenza, il numero di telefono, l&#8217;indirizzo e-mail e l&#8217;indirizzo IP, o una combinazione di questi, che consente di risalire a chi si cela dietro i dati. Su questo sito registriamo le statistiche anonime di tutti i visitatori. Utilizziamo i cookie principalmente per misurare il traffico e ottimizzare i contenuti. Queste informazioni non possono essere ricondotte all&#8217;utente in quanto persona fisica.    <\/strong><\/p>\n<p>[\/et_pb_text][\/et_pb_column][\/et_pb_row][et_pb_row custom_padding=&#8221;4px|0px|27px|0px|false|false&#8221; _builder_version=&#8221;3.22.3&#8243; background_size=&#8221;initial&#8221; background_position=&#8221;top_left&#8221; background_repeat=&#8221;repeat&#8221;][et_pb_column type=&#8221;1_2&#8243; _builder_version=&#8221;3.0.47&#8243;][et_pb_text _builder_version=&#8221;3.11.1&#8243; background_size=&#8221;initial&#8221; background_position=&#8221;top_left&#8221; background_repeat=&#8221;repeat&#8221;]<\/p>\n<p>Tutti gli utilizzi dei dati personali sono considerati trattamenti dei dati personali, come la raccolta, la registrazione, l&#8217;assemblaggio, l&#8217;archiviazione e la divulgazione o una combinazione di questi. Il trattamento dei dati personali \u00e8 disciplinato dalla Legge sui dati personali. <\/p>\n<p><strong>Private Cruise<\/strong> \u00e8 responsabile del trattamento dei dati personali elaborati in relazione all&#8217;utilizzo dei nostri servizi e prodotti, nonch\u00e9 dei dati personali che raccogliamo ed elaboriamo per le finalit\u00e0 indicate di seguito. Il fatto che <strong>Crociera Privata<\/strong> <strong> <\/strong>\u00e8 il responsabile del trattamento significa principalmente che \u00e8 <strong>Private Cruise<\/strong>, che \u00e8 responsabile per quanto riguarda la legge sui dati personali su questo sito web e il suo contenuto.<\/p>\n<p>[\/et_pb_text][\/et_pb_column][et_pb_column type=&#8221;1_2&#8243; _builder_version=&#8221;3.0.47&#8243;][et_pb_text _builder_version=&#8221;3.11.1&#8243; background_size=&#8221;initial&#8221; background_position=&#8221;top_left&#8221; background_repeat=&#8221;repeat&#8221;]<\/p>\n<p>Se <strong>Private Cruise<\/strong> sceglie un&#8217;altra societ\u00e0 responsabile dell&#8217;elaborazione dei dati personali, cio\u00e8 dei dati che ti riguardano, la chiamiamo elaboratore di dati. Nei casi in cui utilizziamo fornitori di dati, ci assicureremo di aver stipulato accordi di trattamento dei dati che regolano le modalit\u00e0 con cui il responsabile del trattamento dei dati pu\u00f2 trattare i dati che diventano disponibili. L&#8217;accordo con il responsabile del trattamento dei dati prevede che quest&#8217;ultimo possa elaborare i dati personali solo per conto di <strong>Private Cruise<\/strong> e per scopi ben definiti, come previsto dalla normativa sul trattamento dei dati personali.  <\/p>\n<p>[\/et_pb_text][\/et_pb_column][\/et_pb_row][et_pb_row custom_padding=&#8221;0|0px|0|0px|false|false&#8221; _builder_version=&#8221;3.22.3&#8243;][et_pb_column type=&#8221;4_4&#8243; _builder_version=&#8221;3.0.47&#8243;][et_pb_divider divider_weight=&#8221;3px&#8221; _builder_version=&#8221;3.9&#8243; max_width=&#8221;65%&#8221; module_alignment=&#8221;center&#8221;][\/et_pb_divider][\/et_pb_column][\/et_pb_row][et_pb_row custom_padding=&#8221;4px|0px|27px|0px|false|false&#8221; _builder_version=&#8221;3.22.3&#8243; background_size=&#8221;initial&#8221; background_position=&#8221;top_left&#8221; background_repeat=&#8221;repeat&#8221;][et_pb_column type=&#8221;1_2&#8243; _builder_version=&#8221;3.0.47&#8243;][et_pb_text _builder_version=&#8221;3.19.15&#8243; background_size=&#8221;initial&#8221; background_position=&#8221;top_left&#8221; background_repeat=&#8221;repeat&#8221;]<\/p>\n<p><strong>Utilizziamo i &#8220;cookie&#8221;?<\/strong><\/p>\n<p>S\u00ec. I cookie sono piccoli file che un sito o il suo fornitore di servizi trasferisce sul disco rigido del tuo computer attraverso il tuo browser web (se lo permetti) e che permettono ai sistemi del sito o del fornitore di servizi di riconoscere il tuo browser e di acquisire e ricordare determinate informazioni. I cookie ci aiutano a capire le tue preferenze in base all&#8217;attivit\u00e0 precedente o attuale del sito, consentendoci di fornirti servizi migliori. Utilizziamo i cookie anche per aiutarci a compilare dati aggregati sul traffico e sull&#8217;interazione del sito, in modo da poter offrire esperienze e strumenti migliori in futuro.   <\/p>\n<p><strong>Utilizziamo i cookie per:<\/strong><br \/> &#8211; Comprendere e salvare le preferenze dell&#8217;utente per le visite future.<br \/> &#8211; compilare dati aggregati sul traffico e sulle interazioni del sito al fine di offrire esperienze e strumenti migliori in futuro. Possiamo anche utilizzare servizi di terze parti di fiducia che tracciano queste informazioni per nostro conto. <\/p>\n<p>Puoi scegliere di farti avvisare dal tuo computer ogni volta che viene inviato un cookie, oppure puoi scegliere di disattivare tutti i cookie. Questo avviene attraverso le impostazioni del tuo browser. Poich\u00e9 ogni browser \u00e8 leggermente diverso dall&#8217;altro, consulta il menu di aiuto del tuo browser per conoscere il modo corretto di modificare i cookie.  <\/p>\n<p>Se disattivi i cookie, alcune delle funzioni che rendono pi\u00f9 efficiente la tua esperienza sul sito potrebbero non funzionare correttamente.<\/p>\n<p>&nbsp;<\/p>\n<p>[\/et_pb_text][\/et_pb_column][et_pb_column type=&#8221;1_2&#8243; _builder_version=&#8221;3.0.47&#8243;][et_pb_text _builder_version=&#8221;3.19.15&#8243; background_size=&#8221;initial&#8221; background_position=&#8221;top_left&#8221; background_repeat=&#8221;repeat&#8221;]<\/p>\n<p><b>Quali cookie utilizziamo?<\/b><\/p>\n<p>Utilizziamo lo strumento Google Analytics per studiare il traffico, i modelli di utilizzo e le tendenze di questo sito. I dati raccolti vengono utilizzati per ottimizzare l&#8217;esperienza dell&#8217;utente e personalizzare i contenuti del sito. Secondo le linee guida di Google Analytic, non raccogliamo informazioni personali sull&#8217;utente. I dati raccolti vengono memorizzati sui server di Google.   <\/p>\n<p>Utilizziamo anche il Pixel di Facebook per monitorare gli annunci pubblicitari su Facebook e per misurare il traffico verso la nostra pagina web.  <\/p>\n<p><b>Come eliminare i cookie<\/b><\/p>\n<p>Di solito, la maggior parte dei browser \u00e8 impostata per accettare i cookie. Ti ricordiamo che puoi eliminare i cookie seguendo le istruzioni per l&#8217;eliminazione dei cookie del tuo browser. Puoi trovare informazioni al riguardo nella sezione &#8220;Aiuto&#8221; del tuo browser. Ricordiamo che la limitazione dell&#8217;accesso ai cookie pu\u00f2 influire sulla funzionalit\u00e0 del nostro sito.   <\/p>\n<p>Segui queste istruzioni:<\/p>\n<p><strong>Internet Explorer:<\/strong> <a href=\"https:\/\/support.microsoft.com\/en-us\/kb\/278835#\/en-us\/kb\/278835\" target=\"_blank\" rel=\"noopener\">https:\/\/support.microsoft.com\/en-us\/kb\/278835#\/en-us\/kb\/278835<\/a><br \/> <strong>Chrome:<\/strong> <a href=\"https:\/\/support.google.com\/chrome\/answer\/95647?hl=no\" target=\"_blank\" rel=\"noopener\">https:\/\/support.google.com\/chrome\/answer\/95647?hl=no<\/a><br \/> <strong>Safari:<\/strong> <a href=\"https:\/\/support.apple.com\/kb\/PH17191?locale=no_NO\" target=\"_blank\" rel=\"noopener\">https:\/\/support.apple.com\/kb\/PH17191?locale=no_NO<\/a><br \/> <strong>Firefox:<\/strong> <a href=\"https:\/\/support.mozilla.org\/no\/kb\/delete-cookies-remove-info-websites-stored\" target=\"_blank\" rel=\"noopener\">https:\/\/support.mozilla.org\/no\/kb\/delete-cookies-remove-info-websites-stored<\/a><\/p>\n<p>[\/et_pb_text][\/et_pb_column][\/et_pb_row][et_pb_row custom_padding=&#8221;0|0px|0|0px|false|false&#8221; _builder_version=&#8221;3.22.3&#8243;][et_pb_column type=&#8221;4_4&#8243; _builder_version=&#8221;3.0.47&#8243;][et_pb_image src=&#8221;https:\/\/privatecruise.no\/wp-content\/uploads\/2019\/02\/analytics.jpg&#8221; align_tablet=&#8221;center&#8221; align_last_edited=&#8221;on|desktop&#8221; _builder_version=&#8221;3.23&#8243;][\/et_pb_image][et_pb_divider divider_weight=&#8221;3px&#8221; _builder_version=&#8221;3.9&#8243; max_width=&#8221;65%&#8221; module_alignment=&#8221;center&#8221;][\/et_pb_divider][\/et_pb_column][\/et_pb_row][et_pb_row custom_padding=&#8221;27px|0px|17px|0px|false|false&#8221; _builder_version=&#8221;3.22.3&#8243;][et_pb_column type=&#8221;1_2&#8243; _builder_version=&#8221;3.0.47&#8243;][et_pb_text _builder_version=&#8221;3.11.1&#8243;]<\/p>\n<h4>Come raccogliamo le informazioni su di te?<\/h4>\n<p>La maggior parte dei dati che ti riguardano sono quelli che vengono generati quando utilizzi uno dei nostri servizi. Ad esempio, le pagine visitate e le informazioni sul tuo dispositivo (PC, cellulare, tablet). <\/p>\n<p><strong>1. Informazioni che condividi con noi<\/strong><br \/> Quando utilizzi un modulo, fornisci alcuni dati che vengono memorizzati da noi. Queste informazioni vengono memorizzate nei nostri database per poter rispondere alla tua richiesta di contatto. <\/p>\n<p><strong>2. Informazioni raccolte attraverso l&#8217;uso dei Servizi<\/strong><br \/> Quando si utilizzano i nostri servizi, registriamo le informazioni relative ai servizi utilizzati e alle modalit\u00e0 di utilizzo. Questo per avere la possibilit\u00e0 di migliorare la nostra esperienza utente, i contenuti dei servizi, la prevenzione delle frodi e la personalizzazione dei contenuti e degli annunci in base ai tuoi modelli di utilizzo e di interesse. <\/p>\n<p><strong>3. Informazioni da altre fonti<\/strong><br \/> Possiamo ricevere informazioni da altre fonti, come reti pubblicitarie, clienti, strumenti di targeting o altre terze parti, per aiutarci o aiutarli a capire i tuoi modelli di utilizzo, le tue preferenze o, in generale, per migliorare i servizi che offriamo in modo che siano pi\u00f9 adatti alle tue esigenze e ai tuoi interessi.<\/p>\n<p>&nbsp;<\/p>\n<h4>Come utilizziamo le informazioni che abbiamo raccolto su di te?<\/h4>\n<p>Abbiamo raccolto tutte le informazioni personali per comprendere e migliorare i nostri servizi e prodotti in modo che tu possa avere la migliore esperienza d&#8217;uso sui nostri siti web. <strong>Private Cruise<\/strong> lavora costantemente per offrirti la migliore esperienza possibile con i nostri servizi. A tal fine, possiamo utilizzare i dati personali che abbiamo raccolto: <\/p>\n<p><em>&#8211; Per concludere un accordo con te e far s\u00ec che i servizi funzionino nel miglior modo possibile<\/em><br \/><strong>Private Cruise<\/strong> elabora le informazioni personali e altre forme di dati per fornire i servizi concordati con l&#8217;utente. Utilizziamo i dati anche per garantirti la migliore esperienza d&#8217;uso attraverso l&#8217;accesso automatico, la personalizzazione della visualizzazione dei contenuti sullo schermo e il caricamento pi\u00f9 rapido possibile delle pagine. <\/p>\n<p>&#8211; <em> Per scopi statistici e per comprendere le tendenze del mercato<\/em><br \/>Elaboriamo statistiche e tracciamo tendenze del mercato per migliorare e sviluppare ulteriormente i nostri siti.<\/p>\n<p>&#8211; <em> Per personalizzare i servizi &#8211; Servizi su misura per te<\/em><br \/>Vogliamo darti la possibilit\u00e0 di ottenere contenuti e personalizzazioni su misura. Per farlo, utilizziamo i dati relativi al comportamento dell&#8217;utente, le sue preferenze o altre informazioni disponibili. In questo modo possiamo conoscere le tue esigenze e i tuoi desideri, ad esempio rimuovendo dalla prima pagina i post che hai gi\u00e0 letto o mostrandoti le recensioni degli articoli consigliati, e possiamo fornirti raccomandazioni su contenuti o servizi in base a ci\u00f2 che hai letto o acquistato. Forniamo anche raccomandazioni basate su ci\u00f2 che hanno letto altri utenti con modalit\u00e0 di utilizzo simili alle tue.   <\/p>\n<p>[\/et_pb_text][\/et_pb_column][et_pb_column type=&#8221;1_2&#8243; _builder_version=&#8221;3.0.47&#8243;][et_pb_text _builder_version=&#8221;3.11.1&#8243;]<\/p>\n<h4>Informazioni sul marketing via e-mail e testo<\/h4>\n<p>Se hai un rapporto di clientela attiva con <strong>Private Cruise<\/strong>, potremo inviarti marketing tramite e-mail o altri metodi di comunicazione elettronica nell&#8217;ambito di applicazione della Legge sul Marketing, a meno che tu non abbia richiesto altro. Se non hai un rapporto di clientela attiva con noi, ti invieremo questo tipo di marketing solo se ci avrai dato un consenso esplicito e informato. <\/p>\n<h4>Come vengono condivise queste informazioni?<\/h4>\n<p>In alcuni casi, condividiamo le informazioni anche con societ\u00e0 affiliate che le utilizzano per trasmettere contenuti o offerte mirate attraverso i loro servizi. In questi casi stipuliamo accordi che limitano l&#8217;accesso all&#8217;uso delle informazioni e stabiliscono l&#8217;obbligo di rispettare le leggi sulla privacy applicabili. <\/p>\n<p>Se c&#8217;\u00e8 il sospetto che ci sia stato un reato in relazione all&#8217;uso dei servizi, le informazioni possono essere divulgate alle autorit\u00e0 pubbliche su richiesta.<\/p>\n<p>Non condivideremo, venderemo o trasmetteremo le informazioni personali in modi diversi da quelli descritti nella presente Informativa sulla privacy.<\/p>\n<h4>Correzione e cancellazione dei dati personali<\/h4>\n<p>\u00c8 importante che le informazioni che raccogliamo su di te siano corrette e aggiornate. Se noti un errore, ti invitiamo a contattarci per correggere le informazioni. Puoi anche contattarci se desideri che le informazioni vengano cancellate.  <\/p>\n<p>Non salveremo le informazioni personali al di l\u00e0 di quanto necessario per adempiere alle finalit\u00e0 del trattamento e ai doveri di legge che abbiamo, ad esempio, in conformit\u00e0 con la legge sulla contabilit\u00e0.<\/p>\n<h4>La nostra analisi e gli strumenti di terze parti<\/h4>\n<p><strong>Private Cruise<\/strong> utilizza strumenti di analisi per raccogliere informazioni sull&#8217;utilizzo dei nostri servizi. Utilizziamo Google Analytics, dove misuriamo il numero di visitatori, le pagine visitate, la durata della visita e simili. <\/p>\n<p>Le statistiche sugli utenti e sul traffico sono solitamente utilizzate in forma aggregata, pertanto non contengono informazioni che possano essere collegate direttamente a te come persona identificata. Gli indirizzi IP sono anonimi.   <\/p>\n<h4>Informazioni sulla privacy dei bambini<\/h4>\n<p><strong>Private Cruise<\/strong> non desidera raccogliere o trattare in altro modo i dati personali di bambini di et\u00e0 inferiore ai 15 anni.<\/p>\n<p>Se i minori di 15 anni ci hanno comunque fornito informazioni personali, le cancelleremo non appena verremo a conoscenza del rapporto.<\/p>\n<p>[\/et_pb_text][\/et_pb_column][\/et_pb_row][et_pb_row custom_padding=&#8221;0|0px|8px|0px|false|false&#8221; _builder_version=&#8221;3.22.3&#8243;][et_pb_column type=&#8221;4_4&#8243; _builder_version=&#8221;3.0.47&#8243;][et_pb_divider divider_weight=&#8221;3px&#8221; _builder_version=&#8221;3.9&#8243; max_width=&#8221;65%&#8221; module_alignment=&#8221;center&#8221;][\/et_pb_divider][\/et_pb_column][\/et_pb_row][et_pb_row _builder_version=&#8221;3.22.3&#8243;][et_pb_column type=&#8221;4_4&#8243; _builder_version=&#8221;3.0.47&#8243;][et_pb_text _builder_version=&#8221;3.11.1&#8243;]<\/p>\n<h4>Modifiche all&#8217;Informativa sulla privacy<\/h4>\n<p>Periodicamente potremo aggiornare l&#8217;Informativa sulla privacy per i Servizi di <strong>Crociera Privata<\/strong>, per riflettere eventuali modifiche apportate ai siti. Quando aggiorneremo l&#8217;informativa sulla privacy, la nuova informativa sar\u00e0 pubblicata sui siti 14 giorni prima dell&#8217;introduzione delle modifiche. Ti informeremo delle modifiche apportate ai servizi.  <\/p>\n<h4>Contatto<\/h4>\n<p>Se hai domande sull&#8217;Informativa sulla privacy, contattaci all&#8217;indirizzo:<\/p>\n<p>Email: <b><a href=\"mailto:post@privatecruise.no\">post@privatecruise.no<\/a> <\/b> <\/p>\n<p>[\/et_pb_text][\/et_pb_column][\/et_pb_row][\/et_pb_section][et_pb_section fb_built=&#8221;1&#8243; disabled_on=&#8221;on|on|off&#8221; _builder_version=&#8221;3.22.3&#8243; custom_margin=&#8221;5px|0px|0px|0px&#8221; custom_padding=&#8221;0px|0px|0px|0px&#8221;][et_pb_row use_custom_gutter=&#8221;on&#8221; gutter_width=&#8221;1&#8243; custom_padding=&#8221;0px|0px|0px|0px&#8221; custom_margin=&#8221;0px|0px|0px|0px&#8221; make_equal=&#8221;on&#8221; module_class=&#8221; et_pb_row_fullwidth&#8221; _builder_version=&#8221;3.22.3&#8243; width=&#8221;100%&#8221; width_tablet=&#8221;100%&#8221; width_last_edited=&#8221;on|desktop&#8221; max_width=&#8221;100%&#8221; max_width_tablet=&#8221;100%&#8221; max_width_last_edited=&#8221;on|desktop&#8221; module_alignment=&#8221;center&#8221; make_fullwidth=&#8221;on&#8221;][et_pb_column type=&#8221;4_4&#8243; _builder_version=&#8221;3.0.47&#8243;][et_pb_gallery gallery_ids=&#8221;206771,206664,206662,206654,206634,206642,206651,206644&#8243; posts_number=&#8221;8&#8243; db_images_per_row=&#8221;8&#8243; db_image_max_width_tablet=&#8221;51&#8243; db_image_max_height_tablet=&#8221;501&#8243; db_image_row_spacing_tablet=&#8221;51&#8243; db_image_center_titles=&#8221;left&#8221; db_image_object_fit=&#8221;initial&#8221; show_title_and_caption=&#8221;off&#8221; show_pagination=&#8221;off&#8221; _builder_version=&#8221;3.19.11&#8243;]<\/p>\n<h2>Viaggio  <\/h2>\n<h4><span>Sapevi che la Norvegia \u00e8 stata spesso classificata come il paese pi\u00f9 felice del mondo?<\/span><\/h4>\n<p><span>Questo in base a criteri come libert\u00e0, onest\u00e0, benessere, buona salute e generosit\u00e0. Vieni a trovarci e partecipa a ci\u00f2 che ci rende felici.   <\/span>\u00c8 possibile che lo straordinario paesaggio a cui abbiamo accesso ci renda davvero felici?  <span>La regione di Stavanger fa parte della Norvegia dei fiordi. Qui troverai paesaggi mozzafiato con cascate, fiordi di un blu intenso e montagne innevate.   <\/span><\/p>\n<p>[\/et_pb_gallery][\/et_pb_column][\/et_pb_row][\/et_pb_section]<\/p>\n","protected":false},"excerpt":{"rendered":"<p>La tua privacy \u00e8 importante Informazioni sui cookie e sulla privacyUltimo aggiornamento: 23.06.2019 &#8211; aggiunto Pixel di FacebookInformativa sulla privacy e cookie I dati personali sono dati e valutazioni che possono essere collegati a un individuo. Ad esempio, possono essere il nome, il luogo di residenza, il numero di telefono, l&#8217;indirizzo e-mail e l&#8217;indirizzo IP, [&hellip;]<\/p>\n","protected":false},"author":6,"featured_media":0,"parent":0,"menu_order":0,"comment_status":"closed","ping_status":"closed","template":"","meta":{"_et_pb_use_builder":"on","_et_pb_old_content":"","_et_gb_content_width":"","footnotes":""},"class_list":["post-222454","page","type-page","status-publish","hentry"],"_links":{"self":[{"href":"https:\/\/privatecruise.no\/it\/wp-json\/wp\/v2\/pages\/222454","targetHints":{"allow":["GET"]}}],"collection":[{"href":"https:\/\/privatecruise.no\/it\/wp-json\/wp\/v2\/pages"}],"about":[{"href":"https:\/\/privatecruise.no\/it\/wp-json\/wp\/v2\/types\/page"}],"author":[{"embeddable":true,"href":"https:\/\/privatecruise.no\/it\/wp-json\/wp\/v2\/users\/6"}],"replies":[{"embeddable":true,"href":"https:\/\/privatecruise.no\/it\/wp-json\/wp\/v2\/comments?post=222454"}],"version-history":[{"count":8,"href":"https:\/\/privatecruise.no\/it\/wp-json\/wp\/v2\/pages\/222454\/revisions"}],"predecessor-version":[{"id":222491,"href":"https:\/\/privatecruise.no\/it\/wp-json\/wp\/v2\/pages\/222454\/revisions\/222491"}],"wp:attachment":[{"href":"https:\/\/privatecruise.no\/it\/wp-json\/wp\/v2\/media?parent=222454"}],"curies":[{"name":"wp","href":"https:\/\/api.w.org\/{rel}","templated":true}]}}