{"id":222949,"date":"2019-02-09T13:38:59","date_gmt":"2019-02-09T12:38:59","guid":{"rendered":"https:\/\/privatecruise.no\/alimentacion-y-bebidas\/"},"modified":"2025-03-27T16:08:12","modified_gmt":"2025-03-27T15:08:12","slug":"alimentacion-y-bebidas","status":"publish","type":"page","link":"https:\/\/privatecruise.no\/es\/alimentacion-y-bebidas\/","title":{"rendered":"Alimentaci\u00f3n y bebidas"},"content":{"rendered":"<p>[et_pb_section fb_built=\u00bb1&#8243; specialty=\u00bbon\u00bb custom_padding_last_edited=\u00bbon|phone\u00bb module_class=\u00bbtopSub\u00bb _builder_version=\u00bb4.16&#8243; background_image=\u00bbhttps:\/\/privatecruise.no\/wp-content\/uploads\/2019\/01\/Food-PrivateCruise-Stavanger-1.jpg\u00bb custom_margin=\u00bb||\u00bb custom_padding=\u00bb150px||150px\u00bb custom_padding_tablet=\u00bb100px||100px|\u00bb custom_padding_phone=\u00bb75px||75px|\u00bb global_colors_info=\u00bb{}\u00bb][et_pb_column type=\u00bb1_2&#8243; specialty_columns=\u00bb2&#8243; _builder_version=\u00bb4.16&#8243; custom_padding=\u00bb|||\u00bb global_colors_info=\u00bb{}\u00bb parallax__hover=\u00bboff\u00bb parallax_method__hover=\u00bbon\u00bb custom_padding__hover=\u00bb|||\u00bb][\/et_pb_column][et_pb_column type=\u00bb1_2&#8243; _builder_version=\u00bb4.16&#8243; custom_padding=\u00bb|||\u00bb global_colors_info=\u00bb{}\u00bb parallax__hover=\u00bboff\u00bb parallax_method__hover=\u00bbon\u00bb custom_padding__hover=\u00bb|||\u00bb][\/et_pb_column][\/et_pb_section][et_pb_section fb_built=\u00bb1&#8243; custom_padding_last_edited=\u00bbon|phone\u00bb admin_label=\u00bbAbout Section\u00bb module_id=\u00bbinfo\u00bb module_class=\u00bbSubInfo\u00bb _builder_version=\u00bb4.16&#8243; background_color=\u00bb#ffffff\u00bb custom_padding=\u00bb0|0px|27px|0px|false|false\u00bb custom_padding_tablet=\u00bb||35px|\u00bb custom_padding_phone=\u00bb||0px\u00bb global_colors_info=\u00bb{}\u00bb][et_pb_row custom_padding_last_edited=\u00bbon|desktop\u00bb _builder_version=\u00bb4.16&#8243; custom_margin_tablet=\u00bb\u00bb custom_margin_phone=\u00bb\u00bb custom_margin_last_edited=\u00bbon|phone\u00bb custom_padding=\u00bb33.5938px|0px|24px|0px|false|false\u00bb custom_padding_tablet=\u00bb\u00bb custom_padding_phone=\u00bb||0px\u00bb animation_direction=\u00bbbottom\u00bb global_colors_info=\u00bb{}\u00bb][et_pb_column type=\u00bb4_4&#8243; _builder_version=\u00bb4.16&#8243; custom_padding=\u00bb|||\u00bb global_colors_info=\u00bb{}\u00bb custom_padding__hover=\u00bb|||\u00bb][et_pb_text _builder_version=\u00bb4.16&#8243; text_font=\u00bb||||||||\u00bb header_font=\u00bb|700|||||||\u00bb header_font_size=\u00bb50px\u00bb header_line_height=\u00bb1.5em\u00bb header_2_font=\u00bb|700|||||||\u00bb header_2_line_height=\u00bb1.5em\u00bb header_5_font=\u00bb|||on|||||\u00bb header_5_text_color=\u00bbrgba(0,0,0,0.4)\u00bb header_5_font_size=\u00bb20px\u00bb header_5_letter_spacing=\u00bb3px\u00bb background_color=\u00bb#ffffff\u00bb text_orientation=\u00bbcenter\u00bb max_width=\u00bb600px\u00bb module_alignment=\u00bbcenter\u00bb custom_margin=\u00bb-75px||0px\u00bb custom_padding=\u00bb35px||0px\u00bb text_line_height_last_edited=\u00bboff|desktop\u00bb header_font_size_tablet=\u00bb32px\u00bb header_font_size_phone=\u00bb28px\u00bb header_font_size_last_edited=\u00bbon|phone\u00bb header_2_font_size_tablet=\u00bb32px\u00bb header_2_font_size_phone=\u00bb28px\u00bb header_2_font_size_last_edited=\u00bbon|phone\u00bb box_shadow_style=\u00bbpreset3&#8243; box_shadow_vertical=\u00bb-15px\u00bb global_colors_info=\u00bb{}\u00bb]<\/p>\n<h5>Una maravillosa comida en el mar<\/h5>\n<h1>Alimentaci\u00f3n y bebidas<\/h1>\n<p>[\/et_pb_text][\/et_pb_column][\/et_pb_row][et_pb_row _builder_version=\u00bb4.16&#8243; max_width=\u00bb750px\u00bb module_alignment=\u00bbcenter\u00bb custom_padding=\u00bb33.5781px|0px|0|0px|false|false\u00bb animation_direction=\u00bbbottom\u00bb use_custom_width=\u00bbon\u00bb custom_width_px=\u00bb750px\u00bb global_colors_info=\u00bb{}\u00bb][et_pb_column type=\u00bb4_4&#8243; _builder_version=\u00bb4.16&#8243; custom_padding=\u00bb|||\u00bb global_colors_info=\u00bb{}\u00bb custom_padding__hover=\u00bb|||\u00bb][et_pb_text _builder_version=\u00bb4.16&#8243; text_font=\u00bb||||||||\u00bb text_font_size=\u00bb18px\u00bb text_line_height=\u00bb2em\u00bb link_font=\u00bb||||||||\u00bb ul_font=\u00bb||||||||\u00bb ol_font=\u00bb||||||||\u00bb quote_font=\u00bb||||||||\u00bb header_font=\u00bb||||||||\u00bb header_2_font=\u00bb||||||||\u00bb header_3_font=\u00bb|||on|||||\u00bb header_3_font_size=\u00bb20px\u00bb header_3_letter_spacing=\u00bb3px\u00bb header_3_line_height=\u00bb1.5em\u00bb header_4_font=\u00bb||||||||\u00bb text_orientation=\u00bbcenter\u00bb custom_margin_tablet=\u00bb||55px\u00bb custom_margin_phone=\u00bb||35px|\u00bb custom_margin_last_edited=\u00bboff|phone\u00bb text_font_size_tablet=\u00bb16px\u00bb text_font_size_phone=\u00bb14px\u00bb text_font_size_last_edited=\u00bbon|phone\u00bb text_line_height_last_edited=\u00bboff|desktop\u00bb global_colors_info=\u00bb{}\u00bb]<\/p>\n<p>Siempre tenemos una copa de champ\u00e1n de cortes\u00eda, fruta fresca, aperitivos y refrescos listos para nuestros hu\u00e9spedes.<\/p>\n<p>Nada supera la sensaci\u00f3n de una maravillosa comida en el mar. Echaremos el ancla, pararemos los motores y disfrutaremos a bordo de la naturaleza, el silencio y unos deliciosos mariscos noruegos. Le prometemos un recuerdo para toda la vida.  <\/p>\n<p>[\/et_pb_text][et_pb_text _builder_version=\u00bb4.16&#8243; text_font=\u00bb||||||||\u00bb text_font_size=\u00bb18px\u00bb text_line_height=\u00bb2em\u00bb link_font=\u00bb||||||||\u00bb ul_font=\u00bb||||||||\u00bb ol_font=\u00bb||||||||\u00bb quote_font=\u00bb||||||||\u00bb header_font=\u00bb||||||||\u00bb header_2_font=\u00bb||||||||\u00bb header_3_font=\u00bb|||on|||||\u00bb header_3_font_size=\u00bb20px\u00bb header_3_letter_spacing=\u00bb3px\u00bb header_3_line_height=\u00bb1.5em\u00bb header_4_font=\u00bb||||||||\u00bb text_line_height_last_edited=\u00bboff|desktop\u00bb global_colors_info=\u00bb{}\u00bb][\/et_pb_text][\/et_pb_column][\/et_pb_row][et_pb_row _builder_version=\u00bb4.16&#8243; custom_padding=\u00bb33.5781px|0px|0|0px|false|false\u00bb global_colors_info=\u00bb{}\u00bb][et_pb_column type=\u00bb4_4&#8243; _builder_version=\u00bb4.16&#8243; custom_padding=\u00bb|||\u00bb global_colors_info=\u00bb{}\u00bb custom_padding__hover=\u00bb|||\u00bb][et_pb_gallery gallery_ids=\u00bb207529,207530,207532,207534,207535,207537,207539,207531&#8243; posts_number=\u00bb8&#8243; db_images_per_row=\u00bb4&#8243; db_image_row_spacing=\u00bb1%\u00bb dbdb_version=\u00bb3.8.7&#8243; show_title_and_caption=\u00bboff\u00bb show_pagination=\u00bboff\u00bb hover_overlay_color=\u00bbrgba(255,255,255,0.5)\u00bb disabled_on=\u00bbon|on|off\u00bb _builder_version=\u00bb4.24.0&#8243; background_color=\u00bb#ffffff\u00bb mix_blend_mode=\u00bbmultiply\u00bb custom_css_main_element=\u00bbborder: 10px solid #fff;  \u00bb global_colors_info=\u00bb{}\u00bb filter_saturate__hover=\u00bb100%\u00bb][\/et_pb_gallery][et_pb_gallery gallery_ids=\u00bb207529,207530,207531,207532,207078&#8243; fullwidth=\u00bbon\u00bb dbdb_version=\u00bb3.8.7&#8243; disabled_on=\u00bboff|off|on\u00bb _builder_version=\u00bb4.16&#8243; background_color=\u00bb#ffffff\u00bb custom_css_main_element=\u00bbborder: 10px solid #fff;  \u00bb global_colors_info=\u00bb{}\u00bb][\/et_pb_gallery][\/et_pb_column][\/et_pb_row][\/et_pb_section][et_pb_section fb_built=\u00bb1&#8243; specialty=\u00bbon\u00bb background_color_2=\u00bb#ffffff\u00bb padding_top_2=\u00bb10px\u00bb padding_right_2=\u00bb40px\u00bb padding_bottom_2=\u00bb40px\u00bb padding_left_2=\u00bb40px\u00bb admin_label=\u00bbFeatured\u00bb module_class=\u00bbSubDetails\u00bb _builder_version=\u00bb4.16&#8243; background_color=\u00bb#f4f4f4&#8243; background_enable_image=\u00bboff\u00bb custom_padding=\u00bb55px|0px|55px|0px|false|false\u00bb border_radii=\u00bb|||10px|10px\u00bb global_colors_info=\u00bb{}\u00bb][et_pb_column type=\u00bb1_2&#8243; specialty_columns=\u00bb2&#8243; _builder_version=\u00bb4.16&#8243; custom_padding=\u00bb|||\u00bb global_colors_info=\u00bb{}\u00bb custom_padding__hover=\u00bb|||\u00bb][et_pb_row_inner custom_padding_last_edited=\u00bbon|phone\u00bb _builder_version=\u00bb4.16&#8243; background_color=\u00bb#ffffff\u00bb custom_padding=\u00bb40px|40px|77px|40px|false|false\u00bb custom_padding_tablet=\u00bb||20px\u00bb custom_padding_phone=\u00bb\u00bb global_colors_info=\u00bb{}\u00bb][et_pb_column_inner saved_specialty_column_type=\u00bb1_2&#8243; _builder_version=\u00bb4.16&#8243; custom_padding=\u00bb|||\u00bb global_colors_info=\u00bb{}\u00bb custom_padding__hover=\u00bb|||\u00bb][et_pb_image src=\u00bbhttps:\/\/privatecruise.no\/wp-content\/uploads\/2019\/02\/The-boat-PrivateCruise-Stavanger-8.jpg\u00bb align_tablet=\u00bbcenter\u00bb align_phone=\u00bb\u00bb align_last_edited=\u00bbon|desktop\u00bb _builder_version=\u00bb4.16&#8243; global_colors_info=\u00bb{}\u00bb][\/et_pb_image][et_pb_text _builder_version=\u00bb4.27.0&#8243; text_font=\u00bb||||||||\u00bb text_font_size=\u00bb18px\u00bb text_line_height=\u00bb2em\u00bb link_font=\u00bb||||||||\u00bb ul_font=\u00bb||||||||\u00bb ol_font=\u00bb||||||||\u00bb quote_font=\u00bb||||||||\u00bb header_font=\u00bb||||||||\u00bb header_2_font=\u00bb||||||||\u00bb header_3_font=\u00bb|||on|||||\u00bb header_3_font_size=\u00bb42px\u00bb header_3_letter_spacing=\u00bb3px\u00bb header_3_line_height=\u00bb1.1em\u00bb header_4_font=\u00bb||||||||\u00bb max_width=\u00bb600px\u00bb custom_margin=\u00bb||\u00bb custom_padding=\u00bb||0px\u00bb hover_enabled=\u00bb0&#8243; text_line_height_last_edited=\u00bboff|desktop\u00bb header_3_font_size_tablet=\u00bb32px\u00bb header_3_font_size_phone=\u00bb24px\u00bb header_3_font_size_last_edited=\u00bbon|tablet\u00bb global_colors_info=\u00bb{}\u00bb sticky_enabled=\u00bb0&#8243;]<\/p>\n<h3>\u00bfQu\u00e9 te gustar\u00eda?<\/h3>\n<p>[\/et_pb_text][et_pb_text _builder_version=\u00bb4.17.4&#8243; custom_margin=\u00bb-20px||\u00bb custom_padding=\u00bb0px||\u00bb global_colors_info=\u00bb{}\u00bb]<\/p>\n<p><strong>Tenemos una variedad de selecciones de comida en funci\u00f3n de su preferencia:<br \/><\/strong>&#8211; Sopa cremosa de pescado (muy recomendable)<br \/>&#8211; Gambas frescas, ensalada y pan<br \/>&#8211; Sushi Midori Deluxe<br \/>&#8211; Plato de tapas <em><br \/><\/em><br \/>&#8211; <strong>Marisco \u00abdeluxe\u00bb:<\/strong><br \/>Gambas frescas, mejillones azules y cangrejo real<em> <\/em><\/p>\n<p>&#8211; <strong>Chef Gourmet (s\u00f3lo con el yate Barolo III)<\/strong><br \/>Los precios dependen de la comida y las preferencias.<\/p>\n<p>Consulte nuestros <span style=\"text-decoration: underline;\"><strong><a href=\"https:\/\/privatecruise.no\/es\/precios-de-cruceros-privados\/#foodprices\">precios<\/a><\/strong><\/span> para consultar los precios actualizados de la comida y los extras.<\/p>\n<p>[\/et_pb_text][\/et_pb_column_inner][\/et_pb_row_inner][\/et_pb_column][et_pb_column type=\u00bb1_2&#8243; _builder_version=\u00bb4.16&#8243; custom_padding=\u00bb|||\u00bb global_colors_info=\u00bb{}\u00bb custom_padding__hover=\u00bb|||\u00bb][et_pb_button button_url=\u00bbhttps:\/\/privatecruise.no\/es\/?page_id=222904&#8243; button_text=\u00bbLos yates\u00bb button_alignment=\u00bbcenter\u00bb module_class=\u00bbhvr-grow\u00bb _builder_version=\u00bb4.16&#8243; custom_button=\u00bbon\u00bb button_text_size=\u00bb14px\u00bb button_text_color=\u00bb#ffffff\u00bb button_bg_color=\u00bb#000000&#8243; button_border_width=\u00bb0px\u00bb button_border_color=\u00bbrgba(0,0,0,0)\u00bb button_border_radius=\u00bb0px\u00bb button_letter_spacing=\u00bb2px\u00bb button_font=\u00bb|500||on|||||\u00bb button_use_icon=\u00bboff\u00bb custom_margin=\u00bb25px||||false|false\u00bb custom_padding=\u00bb16px|30px|16px|30px|true|true\u00bb button_text_size_tablet=\u00bb\u00bb button_text_size_phone=\u00bb12px\u00bb button_text_size_last_edited=\u00bbon|phone\u00bb custom_css_main_element=\u00bbwidth:100%;\u00bb box_shadow_style=\u00bbpreset1&#8243; box_shadow_vertical=\u00bb10px\u00bb box_shadow_blur=\u00bb20px\u00bb box_shadow_color=\u00bbrgba(0,0,0,0.15)\u00bb global_colors_info=\u00bb{}\u00bb button_text_size__hover_enabled=\u00bboff\u00bb button_text_color__hover_enabled=\u00bboff\u00bb button_bg_color__hover=\u00bb#37313d\u00bb button_bg_color__hover_enabled=\u00bbon|desktop\u00bb button_border_width__hover_enabled=\u00bboff\u00bb button_border_color__hover=\u00bb#3d3d37&#8243; button_border_color__hover_enabled=\u00bboff\u00bb button_border_radius__hover_enabled=\u00bboff\u00bb button_letter_spacing__hover=\u00bb2px\u00bb button_letter_spacing__hover_enabled=\u00bbon\u00bb]<br \/>\n[\/et_pb_button][et_pb_button button_url=\u00bbhttps:\/\/privatecruise.no\/es\/preguntas-frecuentes\/\u00bb button_text=\u00bbPREGUNTAS FRECUENTES\u00bb button_alignment=\u00bbcenter\u00bb module_class=\u00bbhvr-grow\u00bb _builder_version=\u00bb4.16&#8243; custom_button=\u00bbon\u00bb button_text_size=\u00bb14px\u00bb button_text_color=\u00bb#ffffff\u00bb button_bg_color=\u00bb#000000&#8243; button_border_width=\u00bb0px\u00bb button_border_color=\u00bbrgba(0,0,0,0)\u00bb button_border_radius=\u00bb0px\u00bb button_letter_spacing=\u00bb2px\u00bb button_font=\u00bb|500||on|||||\u00bb button_use_icon=\u00bboff\u00bb custom_padding=\u00bb16px|30px|16px|30px|true|true\u00bb button_text_size_tablet=\u00bb\u00bb button_text_size_phone=\u00bb12px\u00bb button_text_size_last_edited=\u00bbon|phone\u00bb custom_css_main_element=\u00bbwidth:100%;\u00bb box_shadow_style=\u00bbpreset1&#8243; box_shadow_vertical=\u00bb10px\u00bb box_shadow_blur=\u00bb20px\u00bb box_shadow_color=\u00bbrgba(0,0,0,0.15)\u00bb global_colors_info=\u00bb{}\u00bb button_text_size__hover_enabled=\u00bboff\u00bb button_text_color__hover_enabled=\u00bboff\u00bb button_bg_color__hover=\u00bb#37313d\u00bb button_bg_color__hover_enabled=\u00bbon|desktop\u00bb button_border_width__hover_enabled=\u00bboff\u00bb button_border_color__hover=\u00bb#3d3d37&#8243; button_border_color__hover_enabled=\u00bboff\u00bb button_border_radius__hover_enabled=\u00bboff\u00bb button_letter_spacing__hover=\u00bb2px\u00bb button_letter_spacing__hover_enabled=\u00bbon\u00bb]<br \/>\n[\/et_pb_button][et_pb_button button_url=\u00bbhttps:\/\/privatecruise.no\/es\/precios-de-cruceros-privados\/\u00bb button_text=\u00bbPrecios\u00bb button_alignment=\u00bbcenter\u00bb module_class=\u00bbhvr-grow\u00bb _builder_version=\u00bb4.16&#8243; custom_button=\u00bbon\u00bb button_text_size=\u00bb14px\u00bb button_text_color=\u00bb#ffffff\u00bb button_bg_color=\u00bb#000000&#8243; button_border_width=\u00bb0px\u00bb button_border_color=\u00bbrgba(0,0,0,0)\u00bb button_border_radius=\u00bb0px\u00bb button_letter_spacing=\u00bb2px\u00bb button_font=\u00bb|500||on|||||\u00bb button_use_icon=\u00bboff\u00bb custom_padding=\u00bb16px|30px|16px|30px|true|true\u00bb button_text_size_tablet=\u00bb\u00bb button_text_size_phone=\u00bb12px\u00bb button_text_size_last_edited=\u00bbon|phone\u00bb custom_css_main_element=\u00bbwidth:100%;\u00bb box_shadow_style=\u00bbpreset1&#8243; box_shadow_vertical=\u00bb10px\u00bb box_shadow_blur=\u00bb20px\u00bb box_shadow_color=\u00bbrgba(0,0,0,0.15)\u00bb global_colors_info=\u00bb{}\u00bb button_text_size__hover_enabled=\u00bboff\u00bb button_text_color__hover_enabled=\u00bboff\u00bb button_bg_color__hover=\u00bb#37313d\u00bb button_bg_color__hover_enabled=\u00bbon|desktop\u00bb button_border_width__hover_enabled=\u00bboff\u00bb button_border_color__hover=\u00bb#3d3d37&#8243; button_border_color__hover_enabled=\u00bboff\u00bb button_border_radius__hover_enabled=\u00bboff\u00bb button_letter_spacing__hover=\u00bb2px\u00bb button_letter_spacing__hover_enabled=\u00bbon\u00bb]<br \/>\n[\/et_pb_button][et_pb_button button_url=\u00bbhttps:\/\/privatecruise.no\/es\/solicitar\/\u00bb button_text=\u00bbEnviar una solicitud\u00bb button_alignment=\u00bbcenter\u00bb module_class=\u00bbhvr-grow\u00bb _builder_version=\u00bb4.24.0&#8243; custom_button=\u00bbon\u00bb button_text_size=\u00bb14px\u00bb button_text_color=\u00bb#ffffff\u00bb button_bg_color=\u00bb#c49300&#8243; button_border_width=\u00bb0px\u00bb button_border_color=\u00bbrgba(0,0,0,0)\u00bb button_border_radius=\u00bb0px\u00bb button_letter_spacing=\u00bb2px\u00bb button_font=\u00bb|500||on|||||\u00bb button_use_icon=\u00bboff\u00bb custom_padding=\u00bb16px|30px|16px|30px|true|true\u00bb button_text_size_tablet=\u00bb\u00bb button_text_size_phone=\u00bb12px\u00bb button_text_size_last_edited=\u00bbon|phone\u00bb custom_css_main_element=\u00bbwidth:100%;\u00bb box_shadow_style=\u00bbpreset1&#8243; box_shadow_vertical=\u00bb10px\u00bb box_shadow_blur=\u00bb20px\u00bb box_shadow_color=\u00bbrgba(0,0,0,0.15)\u00bb global_colors_info=\u00bb{}\u00bb button_text_size__hover_enabled=\u00bboff\u00bb button_text_color__hover_enabled=\u00bboff\u00bb button_bg_color__hover=\u00bb#37313d\u00bb button_bg_color__hover_enabled=\u00bbon|desktop\u00bb button_border_width__hover_enabled=\u00bboff\u00bb button_border_color__hover=\u00bb#3d3d37&#8243; button_border_color__hover_enabled=\u00bboff\u00bb button_border_radius__hover_enabled=\u00bboff\u00bb button_letter_spacing__hover=\u00bb2px\u00bb button_letter_spacing__hover_enabled=\u00bbon\u00bb]<br \/>\n[\/et_pb_button][et_pb_divider _builder_version=\u00bb4.16&#8243; custom_margin=\u00bb75px||\u00bb global_colors_info=\u00bb{}\u00bb]<br \/>\n[\/et_pb_divider][et_pb_text _builder_version=\u00bb4.16&#8243; header_font=\u00bb||||||||\u00bb header_3_font=\u00bb||||||||\u00bb header_3_font_size=\u00bb32px\u00bb header_3_font_size_tablet=\u00bb28px\u00bb header_3_font_size_phone=\u00bb\u00bb header_3_font_size_last_edited=\u00bbon|phone\u00bb global_colors_info=\u00bb{}\u00bb]<\/p>\n<h3><span style=\"text-decoration: underline;\"><strong>P\u00d3NGASE EN CONTACTO CON NOSOTROS:  <\/strong><\/span><\/h3>\n<p><strong>Tel\u00e9fono: +47 934 97 707 <\/strong><a href=\"tel:+47%20934%2097%20707\" target=\"_blank\" rel=\"noopener noreferrer\">+47 934 97 707<\/a><\/p>\n<p><strong>Correo electr\u00f3nico: <\/strong><a href=\"mailto:post@privatecruise.no\" target=\"_blank\" rel=\"noopener noreferrer\">post@privatecruise.no<\/a><\/p>\n<p><b>Abrimos 24 horas, todos los d\u00edas, todo el a\u00f1o<\/b><\/p>\n<p>[\/et_pb_text][et_pb_divider _builder_version=\u00bb4.16&#8243; height=\u00bb12px\u00bb custom_margin=\u00bb55px||\u00bb custom_padding_tablet=\u00bb||35px|\u00bb custom_padding_phone=\u00bb\u00bb custom_padding_last_edited=\u00bbon|phone\u00bb global_colors_info=\u00bb{}\u00bb]<br \/>\n[\/et_pb_divider][\/et_pb_column][\/et_pb_section][et_pb_section fb_built=\u00bb1&#8243; disabled_on=\u00bboff|off|off\u00bb admin_label=\u00bbSeksjon\u00bb _builder_version=\u00bb4.2.2&#8243; z_index=\u00bb500&#8243; custom_margin=\u00bb5px|0px|5px|0px\u00bb custom_padding=\u00bb0px|0px|0px|0px\u00bb global_module=\u00bb208406&#8243; saved_tabs=\u00bball\u00bb collapsed=\u00bboff\u00bb global_colors_info=\u00bb{}\u00bb][et_pb_row _builder_version=\u00bb4.16&#8243; z_index=\u00bb500&#8243; custom_margin=\u00bb0px|0px|0px|0px|false|false\u00bb custom_padding=\u00bb0px|0px|0px|0px|false|false\u00bb global_colors_info=\u00bb{}\u00bb][et_pb_column type=\u00bb4_4&#8243; _builder_version=\u00bb4.16&#8243; global_colors_info=\u00bb{}\u00bb][et_pb_social_media_follow use_icon_font_size=\u00bbon\u00bb icon_font_size=\u00bb24px\u00bb icon_font_size_tablet=\u00bb\u00bb icon_font_size_phone=\u00bb18px\u00bb icon_font_size_last_edited=\u00bbon|phone\u00bb _builder_version=\u00bb4.16&#8243; transform_rotate=\u00bb0deg|0deg|90deg\u00bb positioning=\u00bbfixed\u00bb position_origin_f=\u00bbtop_right\u00bb vertical_offset=\u00bb178px\u00bb horizontal_offset=\u00bb-14px\u00bb z_index=\u00bb500&#8243; vertical_offset_tablet=\u00bb111px\u00bb vertical_offset_phone=\u00bb24px\u00bb vertical_offset_last_edited=\u00bbon|phone\u00bb position_origin_a_tablet=\u00bb\u00bb position_origin_a_phone=\u00bb\u00bb position_origin_a_last_edited=\u00bbon|desktop\u00bb position_origin_f_tablet=\u00bb\u00bb position_origin_f_phone=\u00bbbottom_left\u00bb position_origin_f_last_edited=\u00bbon|tablet\u00bb position_origin_r_tablet=\u00bb\u00bb position_origin_r_phone=\u00bb\u00bb position_origin_r_last_edited=\u00bbon|desktop\u00bb positioning_tablet=\u00bb\u00bb positioning_phone=\u00bb\u00bb positioning_last_edited=\u00bbon|desktop\u00bb global_colors_info=\u00bb{}\u00bb][et_pb_social_media_follow_network social_network=\u00bbfacebook\u00bb url=\u00bbhttps:\/\/www.facebook.com\/privatecruise.no\/\u00bb _builder_version=\u00bb4.16&#8243; background_color=\u00bb#3b5998&#8243; transform_translate=\u00bb-2px|-4px\u00bb transform_translate_linked=\u00bboff\u00bb transform_rotate=\u00bb0deg|0deg|270deg\u00bb global_colors_info=\u00bb{}\u00bb follow_button=\u00bboff\u00bb url_new_window=\u00bbon\u00bb]facebook[\/et_pb_social_media_follow_network][et_pb_social_media_follow_network social_network=\u00bbinstagram\u00bb url=\u00bbhttps:\/\/www.instagram.com\/privatecruise\/\u00bb _builder_version=\u00bb4.16&#8243; background_color=\u00bb#ea2c59&#8243; transform_rotate=\u00bb0deg|0deg|270deg\u00bb global_colors_info=\u00bb{}\u00bb follow_button=\u00bboff\u00bb url_new_window=\u00bbon\u00bb]instagram[\/et_pb_social_media_follow_network][\/et_pb_social_media_follow][\/et_pb_column][\/et_pb_row][\/et_pb_section]<\/p>\n","protected":false},"excerpt":{"rendered":"<p>Una maravillosa comida en el mar Alimentaci\u00f3n y bebidasSiempre tenemos una copa de champ\u00e1n de cortes\u00eda, fruta fresca, aperitivos y refrescos listos para nuestros hu\u00e9spedes. Nada supera la sensaci\u00f3n de una maravillosa comida en el mar. Echaremos el ancla, pararemos los motores y disfrutaremos a bordo de la naturaleza, el silencio y unos deliciosos mariscos [&hellip;]<\/p>\n","protected":false},"author":6,"featured_media":0,"parent":0,"menu_order":0,"comment_status":"closed","ping_status":"closed","template":"","meta":{"_et_pb_use_builder":"on","_et_pb_old_content":"","_et_gb_content_width":"","footnotes":""},"class_list":["post-222949","page","type-page","status-publish","hentry"],"_links":{"self":[{"href":"https:\/\/privatecruise.no\/es\/wp-json\/wp\/v2\/pages\/222949","targetHints":{"allow":["GET"]}}],"collection":[{"href":"https:\/\/privatecruise.no\/es\/wp-json\/wp\/v2\/pages"}],"about":[{"href":"https:\/\/privatecruise.no\/es\/wp-json\/wp\/v2\/types\/page"}],"author":[{"embeddable":true,"href":"https:\/\/privatecruise.no\/es\/wp-json\/wp\/v2\/users\/6"}],"replies":[{"embeddable":true,"href":"https:\/\/privatecruise.no\/es\/wp-json\/wp\/v2\/comments?post=222949"}],"version-history":[{"count":2,"href":"https:\/\/privatecruise.no\/es\/wp-json\/wp\/v2\/pages\/222949\/revisions"}],"predecessor-version":[{"id":222959,"href":"https:\/\/privatecruise.no\/es\/wp-json\/wp\/v2\/pages\/222949\/revisions\/222959"}],"wp:attachment":[{"href":"https:\/\/privatecruise.no\/es\/wp-json\/wp\/v2\/media?parent=222949"}],"curies":[{"name":"wp","href":"https:\/\/api.w.org\/{rel}","templated":true}]}}