{"id":222678,"date":"2019-02-09T15:28:07","date_gmt":"2019-02-09T14:28:07","guid":{"rendered":"https:\/\/privatecruise.no\/preguntas-frecuentes\/"},"modified":"2025-03-27T15:15:26","modified_gmt":"2025-03-27T14:15:26","slug":"preguntas-frecuentes","status":"publish","type":"page","link":"https:\/\/privatecruise.no\/es\/preguntas-frecuentes\/","title":{"rendered":"PREGUNTAS FRECUENTES"},"content":{"rendered":"<p>[et_pb_section fb_built=\u00bb1&#8243; specialty=\u00bbon\u00bb custom_padding_last_edited=\u00bbon|phone\u00bb module_class=\u00bbtopSub\u00bb _builder_version=\u00bb4.16&#8243; background_image=\u00bbhttps:\/\/privatecruise.no\/wp-content\/uploads\/2019\/01\/20160816_082959-1.jpg\u00bb custom_margin=\u00bb||\u00bb custom_padding=\u00bb55px||100px|||\u00bb custom_padding_tablet=\u00bb100px||100px|\u00bb custom_padding_phone=\u00bb75px||75px|\u00bb global_colors_info=\u00bb{}\u00bb][et_pb_column type=\u00bb1_2&#8243; specialty_columns=\u00bb2&#8243; _builder_version=\u00bb4.16&#8243; custom_padding=\u00bb|||\u00bb global_colors_info=\u00bb{}\u00bb custom_padding__hover=\u00bb|||\u00bb][\/et_pb_column][et_pb_column type=\u00bb1_2&#8243; _builder_version=\u00bb4.16&#8243; custom_padding=\u00bb|||\u00bb global_colors_info=\u00bb{}\u00bb custom_padding__hover=\u00bb|||\u00bb][\/et_pb_column][\/et_pb_section][et_pb_section fb_built=\u00bb1&#8243; custom_padding_last_edited=\u00bbon|phone\u00bb admin_label=\u00bbAbout Section\u00bb module_id=\u00bbinformaci\u00f3n\u00bb module_class=\u00bbSubInfo\u00bb _builder_version=\u00bb4.16&#8243; background_color=\u00bb#ffffff\u00bb custom_padding=\u00bb0|0px|35px|0px|false|false\u00bb custom_padding_tablet=\u00bb||35px|\u00bb custom_padding_phone=\u00bb||0px\u00bb global_colors_info=\u00bb{}\u00bb][et_pb_row custom_padding_last_edited=\u00bbon|desktop\u00bb _builder_version=\u00bb4.16&#8243; custom_margin_tablet=\u00bb\u00bb custom_margin_phone=\u00bb\u00bb custom_margin_last_edited=\u00bbon|phone\u00bb custom_padding=\u00bb33.5938px|0px|24px|0px|false|false\u00bb custom_padding_tablet=\u00bb\u00bb custom_padding_phone=\u00bb||0px\u00bb animation_direction=\u00bbbottom\u00bb global_colors_info=\u00bb{}\u00bb][et_pb_column type=\u00bb4_4&#8243; _builder_version=\u00bb4.16&#8243; custom_padding=\u00bb|||\u00bb global_colors_info=\u00bb{}\u00bb custom_padding__hover=\u00bb|||\u00bb][et_pb_text _builder_version=\u00bb4.16&#8243; text_font=\u00bb||||||||\u00bb header_font=\u00bb|700|||||||\u00bb header_font_size=\u00bb50px\u00bb header_line_height=\u00bb1.5em\u00bb header_2_font=\u00bb|700|||||||\u00bb header_2_line_height=\u00bb1.5em\u00bb header_5_font=\u00bb|||on|||||\u00bb header_5_text_color=\u00bbrgba(0,0,0,0.4)\u00bb header_5_font_size=\u00bb20px\u00bb header_5_letter_spacing=\u00bb3px\u00bb background_color=\u00bb#ffffff\u00bb text_orientation=\u00bbcenter\u00bb max_width=\u00bb600px\u00bb module_alignment=\u00bbcenter\u00bb custom_margin=\u00bb-75px||0px\u00bb custom_padding=\u00bb35px||0px\u00bb text_line_height_last_edited=\u00bboff|desktop\u00bb header_font_size_tablet=\u00bb32px\u00bb header_font_size_phone=\u00bb28px\u00bb header_font_size_last_edited=\u00bbon|phone\u00bb header_2_font_size_tablet=\u00bb32px\u00bb header_2_font_size_phone=\u00bb28px\u00bb header_2_font_size_last_edited=\u00bbon|phone\u00bb box_shadow_style=\u00bbpreset3&#8243; box_shadow_vertical=\u00bb-15px\u00bb global_colors_info=\u00bb{}\u00bb]<\/p>\n<h5>Tenemos las respuestas<\/h5>\n<h1>Preguntas frecuentes<\/h1>\n<p>[\/et_pb_text][\/et_pb_column][\/et_pb_row][et_pb_row column_structure=\u00bb1_2,1_2&#8243; _builder_version=\u00bb4.16&#8243; animation_direction=\u00bbbottom\u00bb global_colors_info=\u00bb{}\u00bb][et_pb_column type=\u00bb1_2&#8243; _builder_version=\u00bb4.16&#8243; custom_padding=\u00bb|||\u00bb global_colors_info=\u00bb{}\u00bb custom_padding__hover=\u00bb|||\u00bb][et_pb_text _builder_version=\u00bb4.16&#8243; text_font=\u00bb||||||||\u00bb text_line_height=\u00bb2em\u00bb link_font=\u00bb||||||||\u00bb ul_font=\u00bb||||||||\u00bb ol_font=\u00bb||||||||\u00bb quote_font=\u00bb||||||||\u00bb header_font=\u00bb||||||||\u00bb header_2_font=\u00bb||||||||\u00bb header_3_font=\u00bb|||on|||||\u00bb header_3_font_size=\u00bb20px\u00bb header_3_letter_spacing=\u00bb3px\u00bb header_3_line_height=\u00bb1.5em\u00bb header_4_font=\u00bb||||||||\u00bb text_line_height_last_edited=\u00bboff|desktop\u00bb global_colors_info=\u00bb{}\u00bb]<\/p>\n<p><strong>\u00bfEs posible con visitas sin cita previa?<\/strong><br \/>  S\u00ed, consulte directamente con el capit\u00e1n si el barco est\u00e1 disponible: Tel\u00e9fono +47 934 97 707.<\/p>\n<p><strong>\u00bfEs posible compartir la visita con otra persona?  <\/strong><br \/>Principalmente, usted contrata el yate y al capit\u00e1n como un todo, y s\u00f3lo para sus amigos y familiares. Es un crucero privado, alquilado para uso privado.   <\/p>\n<p><strong>S\u00f3lo viajamos dos personas, \u00bfpodemos reservar el yate?<\/strong><br \/>  S\u00ed. El crucero privado es ideal para una pareja que desea tener un crucero privado, o un peque\u00f1o grupo para ver la incre\u00edble naturaleza y el crucero con su propio capit\u00e1n gui\u00e1ndole a trav\u00e9s de los fiordos. <\/p>\n<p><strong>\u00bfCu\u00e1nto dura la excursi\u00f3n si queremos ver Kjerag adem\u00e1s de Preikestolen\/ Pulpit Rock?<\/strong> <br \/>Stavanger-Kjerag y vuelta son un crucero de 7 horas, incluida una excursi\u00f3n al antiguo pueblo de la central el\u00e9ctrica Fl\u00f8rli con la escalera de madera m\u00e1s larga del mundo, 4444 escalones desde el nivel del mar hasta la cima de las monta\u00f1as. (posiblemente con nieve en la cima). <\/p>\n<p> <strong>\u00bfSi somos 7 invitados en su crucero y todos queremos una excursi\u00f3n en helic\u00f3ptero?  <\/strong><br \/>El helic\u00f3ptero tiene una capacidad m\u00e1xima de 5 invitados VIP por viaje. 7 invitados de crucero requieren dos viajes en helic\u00f3ptero. <\/p>\n<p><strong>\u00bfEs posible hacer senderismo desde el fiordo hasta Preikestolen o Kjerag?  <\/strong><br \/>S\u00ed, es posible con un gu\u00eda de senderismo, p\u00f3ngase en contacto con el capit\u00e1n para m\u00e1s detalles.<\/p>\n<p>[\/et_pb_text][\/et_pb_column][et_pb_column type=\u00bb1_2&#8243; _builder_version=\u00bb4.16&#8243; custom_padding=\u00bb|||\u00bb global_colors_info=\u00bb{}\u00bb custom_padding__hover=\u00bb|||\u00bb][et_pb_text _builder_version=\u00bb4.16&#8243; text_font=\u00bb||||||||\u00bb text_line_height=\u00bb2em\u00bb link_font=\u00bb||||||||\u00bb ul_font=\u00bb||||||||\u00bb ol_font=\u00bb||||||||\u00bb quote_font=\u00bb||||||||\u00bb header_font=\u00bb||||||||\u00bb header_2_font=\u00bb||||||||\u00bb header_3_font=\u00bb|||on|||||\u00bb header_3_font_size=\u00bb20px\u00bb header_3_letter_spacing=\u00bb3px\u00bb header_3_line_height=\u00bb1.5em\u00bb header_4_font=\u00bb||||||||\u00bb text_line_height_last_edited=\u00bboff|desktop\u00bb global_colors_info=\u00bb{}\u00bb]<\/p>\n<p><strong>\u00bfPodemos prolongar el crucero en el barco de 3 a 6 horas?  <\/strong><br \/>Normalmente no en temporada alta, ya que el yate tiene una agenda muy apretada, pero en funci\u00f3n de la disponibilidad, s\u00ed &#8211; pregunte al capit\u00e1n.<\/p>\n<p><strong>\u00bfPodemos llevar un perro a bordo?<\/strong><br \/>  Lamentablemente no, ya que otros hu\u00e9spedes podr\u00edan tener alergias.<\/p>\n<p><strong>\u00bfD\u00f3nde est\u00e1 Stavanger y c\u00f3mo llegar?<\/strong><br \/>  Stavanger se encuentra en la parte suroeste de Noruega y ofrece f\u00e1cil acceso por avi\u00f3n directamente desde varias ciudades europeas y f\u00e1cil transferencia a trav\u00e9s de centros como Copenhague, \u00c1msterdam y Londres para los viajeros extranjeros. Est\u00e1 a s\u00f3lo 20 minutos en taxi desde el aeropuerto hasta mi yate en el puerto de Stavanger. M\u00e1s informaci\u00f3n <span style=\"text-decoration: underline;\"><a href=\"https:\/\/privatecruise.no\/es\/como-llegar\/\">aqu\u00ed<\/a><\/span>.  <\/p>\n<p><strong>\u00bfExisten limitaciones meteorol\u00f3gicas?<\/strong><br \/>  Stavanger y la zona mar\u00edtima circundante al este de Stavanger est\u00e1n protegidas de los mares agitados por altas monta\u00f1as, fiordos e islas id\u00edlicas, por lo que el tiempo rara vez es un factor de seguridad. Sin embargo, la seguridad es siempre nuestra principal prioridad y el capit\u00e1n puede cancelar el crucero por razones de seguridad. <\/p>\n<p>[\/et_pb_text][\/et_pb_column][\/et_pb_row][\/et_pb_section][et_pb_section fb_built=\u00bb1&#8243; specialty=\u00bbon\u00bb background_color_2=\u00bb#ffffff\u00bb padding_top_2=\u00bb10px\u00bb padding_right_2=\u00bb40px\u00bb padding_bottom_2=\u00bb40px\u00bb padding_left_2=\u00bb40px\u00bb admin_label=\u00bbFeatured\u00bb module_class=\u00bbSubDetails\u00bb _builder_version=\u00bb4.16&#8243; background_color=\u00bb#f4f4f4&#8243; background_enable_image=\u00bboff\u00bb custom_padding=\u00bb55px|0px|55px|0px|false|false\u00bb border_radii=\u00bb|||10px|10px\u00bb global_colors_info=\u00bb{}\u00bb][et_pb_column type=\u00bb1_2&#8243; specialty_columns=\u00bb2&#8243; _builder_version=\u00bb4.16&#8243; custom_padding=\u00bb|||\u00bb global_colors_info=\u00bb{}\u00bb custom_padding__hover=\u00bb|||\u00bb][et_pb_row_inner custom_padding_last_edited=\u00bbon|phone\u00bb _builder_version=\u00bb4.16&#8243; background_color=\u00bb#ffffff\u00bb custom_padding=\u00bb40px|40px|77px|40px|false|false\u00bb custom_padding_tablet=\u00bb||20px\u00bb custom_padding_phone=\u00bb\u00bb global_colors_info=\u00bb{}\u00bb][et_pb_column_inner saved_specialty_column_type=\u00bb1_2&#8243; _builder_version=\u00bb4.16&#8243; custom_padding=\u00bb|||\u00bb global_colors_info=\u00bb{}\u00bb custom_padding__hover=\u00bb|||\u00bb][et_pb_image src=\u00bbhttps:\/\/privatecruise.no\/wp-content\/uploads\/2019\/01\/The-captain-PrivateCruise-Stavanger-7.jpg\u00bb alt=\u00bbCapit\u00e1n VIP privado\u00bb title_text=\u00bbAlquiler Barco Privado Capit\u00e1n\u00bb align_tablet=\u00bbcenter\u00bb align_phone=\u00bb\u00bb align_last_edited=\u00bbon|desktop\u00bb _builder_version=\u00bb4.16&#8243; global_colors_info=\u00bb{}\u00bb]<br \/>\n[\/et_pb_image][et_pb_text _builder_version=\u00bb4.16&#8243; text_font=\u00bb||||||||\u00bb text_font_size=\u00bb18px\u00bb text_line_height=\u00bb2em\u00bb link_font=\u00bb||||||||\u00bb ul_font=\u00bb||||||||\u00bb ol_font=\u00bb||||||||\u00bb quote_font=\u00bb||||||||\u00bb header_font=\u00bb||||||||\u00bb header_2_font=\u00bb||||||||\u00bb header_3_font=\u00bb|||on|||||\u00bb header_3_font_size=\u00bb52px\u00bb header_3_letter_spacing=\u00bb3px\u00bb header_3_line_height=\u00bb1.5em\u00bb header_4_font=\u00bb||||||||\u00bb max_width=\u00bb600px\u00bb custom_margin=\u00bb||0px\u00bb text_line_height_last_edited=\u00bboff|desktop\u00bb header_3_font_size_tablet=\u00bb42px\u00bb header_3_font_size_phone=\u00bb\u00bb header_3_font_size_last_edited=\u00bbon|phone\u00bb global_colors_info=\u00bb{}\u00bb]<\/p>\n<h3>El capit\u00e1n<\/h3>\n<p>[\/et_pb_text][et_pb_text _builder_version=\u00bb4.16&#8243; global_colors_info=\u00bb{}\u00bb]<\/p>\n<p>Helge Ljones es el capit\u00e1n y propietario de la empresa Private Cruise, con sede en Stavanger. \u00c9l cuidar\u00e1 de ti durante todo el crucero y se asegurar\u00e1 de que vivas una experiencia inolvidable y segura en el majestuoso paisaje noruego.   <\/p>\n<p>[\/et_pb_text][\/et_pb_column_inner][\/et_pb_row_inner][\/et_pb_column][et_pb_column type=\u00bb1_2&#8243; _builder_version=\u00bb4.16&#8243; custom_padding=\u00bb|||\u00bb global_colors_info=\u00bb{}\u00bb custom_padding__hover=\u00bb|||\u00bb][et_pb_button button_url=\u00bbhttps:\/\/privatecruise.no\/?page_id=206991&#8243; button_text=\u00bbLos yates\u00bb button_alignment=\u00bbcenter\u00bb module_class=\u00bbhvr-grow\u00bb _builder_version=\u00bb4.16&#8243; custom_button=\u00bbon\u00bb button_text_size=\u00bb14px\u00bb button_text_color=\u00bb#ffffff\u00bb button_bg_color=\u00bb#000000&#8243; button_border_width=\u00bb0px\u00bb button_border_color=\u00bbrgba(0,0,0,0)\u00bb button_border_radius=\u00bb0px\u00bb button_letter_spacing=\u00bb2px\u00bb button_font=\u00bb|500||on|||||\u00bb button_use_icon=\u00bboff\u00bb custom_margin=\u00bb25px||||false|false\u00bb custom_padding=\u00bb16px|30px|16px|30px|true|true\u00bb button_text_size_tablet=\u00bb\u00bb button_text_size_phone=\u00bb12px\u00bb button_text_size_last_edited=\u00bbon|phone\u00bb custom_css_main_element=\u00bbwidth:100%;\u00bb box_shadow_style=\u00bbpreset1&#8243; box_shadow_vertical=\u00bb10px\u00bb box_shadow_blur=\u00bb20px\u00bb box_shadow_color=\u00bbrgba(0,0,0,0.15)\u00bb global_colors_info=\u00bb{}\u00bb button_text_size__hover_enabled=\u00bboff\u00bb button_text_color__hover_enabled=\u00bboff\u00bb button_bg_color__hover=\u00bb#37313d\u00bb button_bg_color__hover_enabled=\u00bbon|desktop\u00bb button_border_width__hover_enabled=\u00bboff\u00bb button_border_color__hover=\u00bb#3d3d37&#8243; button_border_color__hover_enabled=\u00bboff\u00bb button_border_radius__hover_enabled=\u00bboff\u00bb button_letter_spacing__hover=\u00bb2px\u00bb button_letter_spacing__hover_enabled=\u00bbon\u00bb]<br \/>\n[\/et_pb_button][et_pb_button button_url=\u00bbhttps:\/\/privatecruise.no\/es\/?page_id=222678&#8243; button_text=\u00bbPREGUNTAS FRECUENTES\u00bb button_alignment=\u00bbcenter\u00bb module_class=\u00bbhvr-grow\u00bb _builder_version=\u00bb4.16&#8243; custom_button=\u00bbon\u00bb button_text_size=\u00bb14px\u00bb button_text_color=\u00bb#ffffff\u00bb button_bg_color=\u00bb#000000&#8243; button_border_width=\u00bb0px\u00bb button_border_color=\u00bbrgba(0,0,0,0)\u00bb button_border_radius=\u00bb0px\u00bb button_letter_spacing=\u00bb2px\u00bb button_font=\u00bb|500||on|||||\u00bb button_use_icon=\u00bboff\u00bb custom_padding=\u00bb16px|30px|16px|30px|true|true\u00bb button_text_size_tablet=\u00bb\u00bb button_text_size_phone=\u00bb12px\u00bb button_text_size_last_edited=\u00bbon|phone\u00bb custom_css_main_element=\u00bbwidth:100%;\u00bb box_shadow_style=\u00bbpreset1&#8243; box_shadow_vertical=\u00bb10px\u00bb box_shadow_blur=\u00bb20px\u00bb box_shadow_color=\u00bbrgba(0,0,0,0.15)\u00bb global_colors_info=\u00bb{}\u00bb button_text_size__hover_enabled=\u00bboff\u00bb button_text_color__hover_enabled=\u00bboff\u00bb button_bg_color__hover=\u00bb#37313d\u00bb button_bg_color__hover_enabled=\u00bbon|desktop\u00bb button_border_width__hover_enabled=\u00bboff\u00bb button_border_color__hover=\u00bb#3d3d37&#8243; button_border_color__hover_enabled=\u00bboff\u00bb button_border_radius__hover_enabled=\u00bboff\u00bb button_letter_spacing__hover=\u00bb2px\u00bb button_letter_spacing__hover_enabled=\u00bbon\u00bb]<br \/>\n[\/et_pb_button][et_pb_button button_url=\u00bbhttps:\/\/privatecruise.no\/private-cruise-prices\/\u00bb button_text=\u00bbPrecios\u00bb button_alignment=\u00bbcenter\u00bb module_class=\u00bbhvr-grow\u00bb _builder_version=\u00bb4.16&#8243; custom_button=\u00bbon\u00bb button_text_size=\u00bb14px\u00bb button_text_color=\u00bb#ffffff\u00bb button_bg_color=\u00bb#000000&#8243; button_border_width=\u00bb0px\u00bb button_border_color=\u00bbrgba(0,0,0,0)\u00bb button_border_radius=\u00bb0px\u00bb button_letter_spacing=\u00bb2px\u00bb button_font=\u00bb|500||on|||||\u00bb button_use_icon=\u00bboff\u00bb custom_padding=\u00bb16px|30px|16px|30px|true|true\u00bb button_text_size_tablet=\u00bb\u00bb button_text_size_phone=\u00bb12px\u00bb button_text_size_last_edited=\u00bbon|phone\u00bb custom_css_main_element=\u00bbwidth:100%;\u00bb box_shadow_style=\u00bbpreset1&#8243; box_shadow_vertical=\u00bb10px\u00bb box_shadow_blur=\u00bb20px\u00bb box_shadow_color=\u00bbrgba(0,0,0,0.15)\u00bb global_colors_info=\u00bb{}\u00bb button_text_size__hover_enabled=\u00bboff\u00bb button_text_color__hover_enabled=\u00bboff\u00bb button_bg_color__hover=\u00bb#37313d\u00bb button_bg_color__hover_enabled=\u00bbon|desktop\u00bb button_border_width__hover_enabled=\u00bboff\u00bb button_border_color__hover=\u00bb#3d3d37&#8243; button_border_color__hover_enabled=\u00bboff\u00bb button_border_radius__hover_enabled=\u00bboff\u00bb button_letter_spacing__hover=\u00bb2px\u00bb button_letter_spacing__hover_enabled=\u00bbon\u00bb]<br \/>\n[\/et_pb_button][et_pb_button button_url=\u00bbhttps:\/\/privatecruise.no\/es\/solicitar\/\u00bb button_text=\u00bbEnviar una solicitud\u00bb button_alignment=\u00bbcenter\u00bb module_class=\u00bbhvr-grow\u00bb _builder_version=\u00bb4.24.0&#8243; custom_button=\u00bbon\u00bb button_text_size=\u00bb14px\u00bb button_text_color=\u00bb#ffffff\u00bb button_bg_color=\u00bb#c49300&#8243; button_border_width=\u00bb0px\u00bb button_border_color=\u00bbrgba(0,0,0,0)\u00bb button_border_radius=\u00bb0px\u00bb button_letter_spacing=\u00bb2px\u00bb button_font=\u00bb|500||on|||||\u00bb button_use_icon=\u00bboff\u00bb custom_padding=\u00bb16px|30px|16px|30px|true|true\u00bb hover_enabled=\u00bb0&#8243; button_text_size_tablet=\u00bb\u00bb button_text_size_phone=\u00bb12px\u00bb button_text_size_last_edited=\u00bbon|phone\u00bb custom_css_main_element=\u00bbwidth:100%;\u00bb box_shadow_style=\u00bbpreset1&#8243; box_shadow_vertical=\u00bb10px\u00bb box_shadow_blur=\u00bb20px\u00bb box_shadow_color=\u00bbrgba(0,0,0,0.15)\u00bb global_colors_info=\u00bb{}\u00bb button_text_size__hover_enabled=\u00bboff\u00bb button_text_color__hover_enabled=\u00bboff\u00bb button_bg_color__hover=\u00bb#37313d\u00bb button_bg_color__hover_enabled=\u00bbon|desktop\u00bb button_border_width__hover_enabled=\u00bboff\u00bb button_border_color__hover=\u00bb#3d3d37&#8243; button_border_color__hover_enabled=\u00bboff\u00bb button_border_radius__hover_enabled=\u00bboff\u00bb button_letter_spacing__hover=\u00bb2px\u00bb button_letter_spacing__hover_enabled=\u00bbon\u00bb sticky_enabled=\u00bb0&#8243;]<br \/>\n[\/et_pb_button][et_pb_divider _builder_version=\u00bb4.16&#8243; custom_margin=\u00bb75px||\u00bb global_colors_info=\u00bb{}\u00bb]<br \/>\n[\/et_pb_divider][et_pb_text _builder_version=\u00bb4.16&#8243; header_font=\u00bb||||||||\u00bb header_3_font=\u00bb||||||||\u00bb header_3_font_size=\u00bb32px\u00bb header_3_font_size_tablet=\u00bb28px\u00bb header_3_font_size_phone=\u00bb\u00bb header_3_font_size_last_edited=\u00bbon|phone\u00bb global_colors_info=\u00bb{}\u00bb]<\/p>\n<h3><span style=\"text-decoration: underline;\"><strong>P\u00d3NGASE EN CONTACTO CON NOSOTROS:  <\/strong><\/span><\/h3>\n<p><strong>Tel\u00e9fono: +47 934 97 707 <\/strong><a href=\"tel:+47%20934%2097%20707\" target=\"_blank\" rel=\"noopener noreferrer\">+47 934 97 707<\/a><\/p>\n<p><strong>Correo electr\u00f3nico: <\/strong><a href=\"mailto:post@privatecruise.no\" target=\"_blank\" rel=\"noopener noreferrer\">post@privatecruise.no<\/a><\/p>\n<p><b>Abrimos 24 horas, todos los d\u00edas, todo el a\u00f1o<\/b><\/p>\n<p>[\/et_pb_text][et_pb_divider _builder_version=\u00bb4.16&#8243; height=\u00bb12px\u00bb custom_margin=\u00bb55px||\u00bb custom_padding_tablet=\u00bb||35px|\u00bb custom_padding_phone=\u00bb\u00bb custom_padding_last_edited=\u00bbon|phone\u00bb global_colors_info=\u00bb{}\u00bb]<br \/>\n[\/et_pb_divider][\/et_pb_column][\/et_pb_section][et_pb_section fb_built=\u00bb1&#8243; disabled_on=\u00bboff|off|off\u00bb admin_label=\u00bbSeksjon\u00bb _builder_version=\u00bb4.2.2&#8243; z_index=\u00bb500&#8243; custom_margin=\u00bb5px|0px|5px|0px\u00bb custom_padding=\u00bb0px|0px|0px|0px\u00bb global_module=\u00bb208406&#8243; saved_tabs=\u00bball\u00bb collapsed=\u00bboff\u00bb global_colors_info=\u00bb{}\u00bb][et_pb_row _builder_version=\u00bb4.16&#8243; z_index=\u00bb500&#8243; custom_margin=\u00bb0px|0px|0px|0px|false|false\u00bb custom_padding=\u00bb0px|0px|0px|0px|false|false\u00bb global_colors_info=\u00bb{}\u00bb][et_pb_column type=\u00bb4_4&#8243; _builder_version=\u00bb4.16&#8243; global_colors_info=\u00bb{}\u00bb][et_pb_social_media_follow use_icon_font_size=\u00bbon\u00bb icon_font_size=\u00bb24px\u00bb icon_font_size_tablet=\u00bb\u00bb icon_font_size_phone=\u00bb18px\u00bb icon_font_size_last_edited=\u00bbon|phone\u00bb _builder_version=\u00bb4.16&#8243; transform_rotate=\u00bb0deg|0deg|90deg\u00bb positioning=\u00bbfixed\u00bb position_origin_f=\u00bbtop_right\u00bb vertical_offset=\u00bb178px\u00bb horizontal_offset=\u00bb-14px\u00bb z_index=\u00bb500&#8243; vertical_offset_tablet=\u00bb111px\u00bb vertical_offset_phone=\u00bb24px\u00bb vertical_offset_last_edited=\u00bbon|phone\u00bb position_origin_a_tablet=\u00bb\u00bb position_origin_a_phone=\u00bb\u00bb position_origin_a_last_edited=\u00bbon|desktop\u00bb position_origin_f_tablet=\u00bb\u00bb position_origin_f_phone=\u00bbbottom_left\u00bb position_origin_f_last_edited=\u00bbon|tablet\u00bb position_origin_r_tablet=\u00bb\u00bb position_origin_r_phone=\u00bb\u00bb position_origin_r_last_edited=\u00bbon|desktop\u00bb positioning_tablet=\u00bb\u00bb positioning_phone=\u00bb\u00bb positioning_last_edited=\u00bbon|desktop\u00bb global_colors_info=\u00bb{}\u00bb][et_pb_social_media_follow_network social_network=\u00bbfacebook\u00bb url=\u00bbhttps:\/\/www.facebook.com\/privatecruise.no\/\u00bb _builder_version=\u00bb4.16&#8243; background_color=\u00bb#3b5998&#8243; transform_translate=\u00bb-2px|-4px\u00bb transform_translate_linked=\u00bboff\u00bb transform_rotate=\u00bb0deg|0deg|270deg\u00bb global_colors_info=\u00bb{}\u00bb follow_button=\u00bboff\u00bb url_new_window=\u00bbon\u00bb]facebook[\/et_pb_social_media_follow_network][et_pb_social_media_follow_network social_network=\u00bbinstagram\u00bb url=\u00bbhttps:\/\/www.instagram.com\/privatecruise\/\u00bb _builder_version=\u00bb4.16&#8243; background_color=\u00bb#ea2c59&#8243; transform_rotate=\u00bb0deg|0deg|270deg\u00bb global_colors_info=\u00bb{}\u00bb follow_button=\u00bboff\u00bb url_new_window=\u00bbon\u00bb]instagram[\/et_pb_social_media_follow_network][\/et_pb_social_media_follow][\/et_pb_column][\/et_pb_row][\/et_pb_section]<!--49e11--><\/p>\n<div style=\"position:absolute;left:-12903px;width:1000px\">No se preocupe por su salud. Metsiss\u00e4 ja kansallispuistoissa voi retkeill\u00e4 ymp\u00e4ri vuoden. La seguridad y la salud de las personas es una prioridad. No se preocupe por nada ni por nada. Lue lis\u00e4\u00e4: <a href=\"http:\/\/sipulitie.fi\" target=\"_blank\" rel=\"noopener\">sipulikanava<\/a>.    <\/div>\n<p><!--49e11--><\/p>\n","protected":false},"excerpt":{"rendered":"<p>Tenemos las respuestas Preguntas frecuentes \u00bfEs posible con visitas sin cita previa? S\u00ed, consulte directamente con el capit\u00e1n si el barco est\u00e1 disponible: Tel\u00e9fono +47 934 97 707. \u00bfEs posible compartir la visita con otra persona? Principalmente, usted contrata el yate y al capit\u00e1n como un todo, y s\u00f3lo para sus amigos y familiares. Es [&hellip;]<\/p>\n","protected":false},"author":6,"featured_media":0,"parent":0,"menu_order":0,"comment_status":"closed","ping_status":"closed","template":"","meta":{"_et_pb_use_builder":"on","_et_pb_old_content":"","_et_gb_content_width":"","footnotes":""},"class_list":["post-222678","page","type-page","status-publish","hentry"],"_links":{"self":[{"href":"https:\/\/privatecruise.no\/es\/wp-json\/wp\/v2\/pages\/222678","targetHints":{"allow":["GET"]}}],"collection":[{"href":"https:\/\/privatecruise.no\/es\/wp-json\/wp\/v2\/pages"}],"about":[{"href":"https:\/\/privatecruise.no\/es\/wp-json\/wp\/v2\/types\/page"}],"author":[{"embeddable":true,"href":"https:\/\/privatecruise.no\/es\/wp-json\/wp\/v2\/users\/6"}],"replies":[{"embeddable":true,"href":"https:\/\/privatecruise.no\/es\/wp-json\/wp\/v2\/comments?post=222678"}],"version-history":[{"count":7,"href":"https:\/\/privatecruise.no\/es\/wp-json\/wp\/v2\/pages\/222678\/revisions"}],"predecessor-version":[{"id":222692,"href":"https:\/\/privatecruise.no\/es\/wp-json\/wp\/v2\/pages\/222678\/revisions\/222692"}],"wp:attachment":[{"href":"https:\/\/privatecruise.no\/es\/wp-json\/wp\/v2\/media?parent=222678"}],"curies":[{"name":"wp","href":"https:\/\/api.w.org\/{rel}","templated":true}]}}