{"id":222593,"date":"2019-02-13T22:10:00","date_gmt":"2019-02-13T21:10:00","guid":{"rendered":"https:\/\/privatecruise.no\/galeria\/"},"modified":"2025-03-27T14:58:09","modified_gmt":"2025-03-27T13:58:09","slug":"galeria","status":"publish","type":"page","link":"https:\/\/privatecruise.no\/es\/galeria\/","title":{"rendered":"Galer\u00eda"},"content":{"rendered":"<p>[et_pb_section fb_built=\u00bb1&#8243; specialty=\u00bbon\u00bb custom_padding_last_edited=\u00bbon|phone\u00bb module_class=\u00bbtopSub\u00bb _builder_version=\u00bb3.19.11&#8243; background_image=\u00bbhttps:\/\/privatecruise.no\/wp-content\/uploads\/2019\/02\/City-Island.jpg\u00bb custom_margin=\u00bb||\u00bb custom_padding=\u00bb150px||150px\u00bb custom_padding_tablet=\u00bb100px||100px|\u00bb custom_padding_phone=\u00bb75px||75px|\u00bb][et_pb_column type=\u00bb1_2&#8243; specialty_columns=\u00bb2&#8243; _builder_version=\u00bb3.0.47&#8243; parallax__hover=\u00bboff\u00bb parallax_method__hover=\u00bbon\u00bb parallax=\u00bboff\u00bb parallax_method=\u00bbon\u00bb][\/et_pb_column][et_pb_column type=\u00bb1_2&#8243; _builder_version=\u00bb3.0.47&#8243; parallax__hover=\u00bboff\u00bb parallax_method__hover=\u00bbon\u00bb parallax=\u00bboff\u00bb parallax_method=\u00bbon\u00bb][\/et_pb_column][\/et_pb_section][et_pb_section fb_built=\u00bb1&#8243; custom_padding_last_edited=\u00bbon|phone\u00bb admin_label=\u00bbAbout Section\u00bb module_id=\u00bbinformaci\u00f3n\u00bb module_class=\u00bbSubInfo\u00bb _builder_version=\u00bb3.19.11&#8243; background_color=\u00bb#ffffff\u00bb custom_padding=\u00bb0|0px|0|0px|false|false\u00bb custom_padding_tablet=\u00bb||35px|\u00bb custom_padding_phone=\u00bb||0px\u00bb][et_pb_row custom_padding=\u00bb33.5938px|0px|24px|0px|false|false\u00bb custom_padding_phone=\u00bb||0px\u00bb custom_padding_last_edited=\u00bbon|desktop\u00bb _builder_version=\u00bb3.19.11&#8243; custom_margin_last_edited=\u00bbon|phone\u00bb animation_style=\u00bbslide\u00bb animation_direction=\u00bbbottom\u00bb animation_intensity_slide=\u00bb5%\u00bb][et_pb_column type=\u00bb4_4&#8243; _builder_version=\u00bb3.0.47&#8243; parallax=\u00bboff\u00bb parallax_method=\u00bbon\u00bb][et_pb_text _builder_version=\u00bb3.19.11&#8243; text_font=\u00bb||||||||\u00bb text_line_height_last_edited=\u00bboff|desktop\u00bb header_font=\u00bb|700|||||||\u00bb header_font_size=\u00bb50px\u00bb header_font_size_tablet=\u00bb32px\u00bb header_font_size_phone=\u00bb28px\u00bb header_font_size_last_edited=\u00bbon|phone\u00bb header_line_height=\u00bb1.5em\u00bb header_2_font=\u00bb|700|||||||\u00bb header_2_font_size=\u00bb50px\u00bb header_2_font_size_tablet=\u00bb32px\u00bb header_2_font_size_phone=\u00bb28px\u00bb header_2_font_size_last_edited=\u00bbon|phone\u00bb header_2_line_height=\u00bb1.5em\u00bb header_5_font=\u00bb|||on|||||\u00bb header_5_text_color=\u00bbrgba(0,0,0,0.4)\u00bb header_5_font_size=\u00bb20px\u00bb header_5_letter_spacing=\u00bb3px\u00bb background_color=\u00bb#ffffff\u00bb box_shadow_style=\u00bbpreset3&#8243; box_shadow_vertical=\u00bb-15px\u00bb text_orientation=\u00bbcenter\u00bb max_width=\u00bb600px\u00bb module_alignment=\u00bbcenter\u00bb custom_margin=\u00bb-75px||0px\u00bb custom_padding=\u00bb35px||0px\u00bb]<\/p>\n<h5>\u00bfQuiere inspirarse?<\/h5>\n<h1>Galer\u00eda de im\u00e1genes<\/h1>\n<p>[\/et_pb_text][\/et_pb_column][\/et_pb_row][et_pb_row use_custom_gutter=\u00bbon\u00bb gutter_width=\u00bb1&#8243; make_equal=\u00bbon\u00bb _builder_version=\u00bb3.19.11&#8243; module_alignment=\u00bbcenter\u00bb][et_pb_column type=\u00bb4_4&#8243; _builder_version=\u00bb3.0.47&#8243; parallax=\u00bboff\u00bb parallax_method=\u00bbon\u00bb][et_pb_gallery gallery_ids=\u00bb206771,206664,206662,206654,206634,206642,206651,206644&#8243; posts_number=\u00bb32&#8243; db_images_per_row=\u00bb4&#8243; db_image_max_width_tablet=\u00bb51&#8243; db_image_max_height_tablet=\u00bb501&#8243; db_image_row_spacing_tablet=\u00bb51&#8243; db_image_center_titles=\u00bbleft\u00bb db_image_object_fit=\u00bbinitial\u00bb show_title_and_caption=\u00bboff\u00bb _builder_version=\u00bb3.19.11&#8243;]<\/p>\n<h2>Viaje  <\/h2>\n<h4><span>\u00bfSab\u00eda que Noruega ha sido calificada con frecuencia como el pa\u00eds m\u00e1s feliz del mundo?<\/span><\/h4>\n<p><span>Esto en base a criterios como la libertad, la honestidad, el bienestar, la buena salud y la generosidad. Ven a visitarnos y participa en lo que nos hace felices.   <\/span>\u00bfSer\u00e1 que el extraordinario paisaje al que tenemos acceso nos hace realmente felices?  <span>La regi\u00f3n de Stavanger forma parte de la Noruega de los fiordos. Aqu\u00ed encontrar\u00e1 impresionantes paisajes con cascadas, fiordos de un azul intenso y monta\u00f1as nevadas.   <\/span><\/p>\n<p>[\/et_pb_gallery][\/et_pb_column][\/et_pb_row][\/et_pb_section][et_pb_section fb_built=\u00bb1&#8243; custom_padding_last_edited=\u00bbon|phone\u00bb admin_label=\u00bbAbout Section\u00bb module_id=\u00bbtripadvisor\u00bb _builder_version=\u00bb3.19.11&#8243; background_color=\u00bb#ffffff\u00bb custom_padding=\u00bb35px|0px|55px|0px|false|false\u00bb custom_padding_tablet=\u00bb||35px|\u00bb custom_padding_phone=\u00bb||0px\u00bb][et_pb_row _builder_version=\u00bb3.19.11&#8243;][et_pb_column type=\u00bb4_4&#8243; _builder_version=\u00bb3.19.11&#8243; parallax=\u00bboff\u00bb parallax_method=\u00bbon\u00bb][et_pb_image src=\u00bbhttps:\/\/privatecruise.no\/wp-content\/uploads\/2019\/02\/Tripadvisor-Cert.jpg\u00bb url=\u00bbhttps:\/\/www.tripadvisor.com\/Attraction_Review-g190511-d8290687-Reviews-Private_Cruise-Stavanger_Stavanger_Municipality_Rogaland_Western_Norway.html\u00bb url_new_window=\u00bbon\u00bb align=\u00bbcenter\u00bb _builder_version=\u00bb3.19.11&#8243; max_width=\u00bb200px\u00bb custom_margin=\u00bb||-35px\u00bb][\/et_pb_image][et_pb_text _builder_version=\u00bb3.19.11&#8243; text_font=\u00bb||||||||\u00bb text_line_height_last_edited=\u00bboff|desktop\u00bb header_font=\u00bb|700|||||||\u00bb header_font_size=\u00bb50px\u00bb header_font_size_tablet=\u00bb32px\u00bb header_font_size_phone=\u00bb28px\u00bb header_font_size_last_edited=\u00bbon|phone\u00bb header_line_height=\u00bb1.5em\u00bb header_2_font=\u00bb|700|||||||\u00bb header_2_font_size=\u00bb50px\u00bb header_2_font_size_tablet=\u00bb32px\u00bb header_2_font_size_phone=\u00bb28px\u00bb header_2_font_size_last_edited=\u00bbon|phone\u00bb header_2_line_height=\u00bb1.5em\u00bb header_5_font=\u00bb|||on|||||\u00bb header_5_text_color=\u00bbrgba(0,0,0,0.4)\u00bb header_5_font_size=\u00bb20px\u00bb header_5_letter_spacing=\u00bb3px\u00bb text_orientation=\u00bbcenter\u00bb max_width=\u00bb600px\u00bb module_alignment=\u00bbcenter\u00bb custom_padding=\u00bb35px||0px\u00bb]<\/p>\n<h2>Opiniones de Tripadvisor<\/h2>\n<h5>5 de 5 estrellas<\/h5>\n<p>[\/et_pb_text][\/et_pb_column][\/et_pb_row][et_pb_row _builder_version=\u00bb3.19.6&#8243; animation_style=\u00bbslide\u00bb animation_direction=\u00bbbottom\u00bb animation_delay=\u00bb250ms\u00bb animation_intensity_slide=\u00bb5%\u00bb][et_pb_column type=\u00bb1_2&#8243; _builder_version=\u00bb3.0.47&#8243; parallax=\u00bboff\u00bb parallax_method=\u00bbon\u00bb][et_pb_text _builder_version=\u00bb3.19.11&#8243; text_font=\u00bbTeko|500|||||||\u00bb text_text_color=\u00bb#000000&#8243; text_font_size=\u00bb20px\u00bb text_font_size_phone=\u00bb16px\u00bb text_font_size_last_edited=\u00bbon|phone\u00bb text_letter_spacing=\u00bb2px\u00bb header_font=\u00bb||||||||\u00bb text_orientation=\u00bbcenter\u00bb max_width=\u00bb80%\u00bb max_width_last_edited=\u00bbon|phone\u00bb module_alignment=\u00bbcenter\u00bb animation_style=\u00bbzoom\u00bb animation_intensity_zoom=\u00bb8%\u00bb]<\/p>\n<p>\u00abTres parejas, una lancha, un patr\u00f3n estupendo y un paisaje precioso&#8230; todos los ingredientes para pasar un d\u00eda estupendo en el agua. Nuestro crucero nos llev\u00f3 a trav\u00e9s del impresionante Lysefjord para contemplar maravillados la famosa Roca del P\u00falpito, donde bebimos champ\u00e1n regado con agua clara y pura recogida de la cascada cercana. Fue un viaje id\u00edlico, lleno de risas y memorable que no dudar\u00edamos en recomendar. Gracias a nuestro amable, experto y profesional patr\u00f3n\u00bb.<\/p>\n<p>[\/et_pb_text][et_pb_text _builder_version=\u00bb3.19.11&#8243; text_font=\u00bb||||||||\u00bb text_font_size=\u00bb12px\u00bb text_orientation=\u00bbcenter\u00bb]<\/p>\n<p><em>&#8211; una de las muchas rese\u00f1as de 5 estrellas en Tripadvisor, \u00e9sta del usuario \u00abSjammal\u00bb  <\/em><\/p>\n<p>[\/et_pb_text][et_pb_image src=\u00bbhttps:\/\/privatecruise.no\/wp-content\/uploads\/2019\/01\/tripadvisor-1.png\u00bb _builder_version=\u00bb3.19.11&#8243; max_width=\u00bb150px\u00bb module_alignment=\u00bbcenter\u00bb][\/et_pb_image][\/et_pb_column][et_pb_column type=\u00bb1_2&#8243; _builder_version=\u00bb3.0.47&#8243; parallax=\u00bboff\u00bb parallax_method=\u00bbon\u00bb][et_pb_text _builder_version=\u00bb3.19.11&#8243; text_font=\u00bbTeko|500|||||||\u00bb text_text_color=\u00bb#000000&#8243; text_font_size=\u00bb20px\u00bb text_font_size_phone=\u00bb16px\u00bb text_font_size_last_edited=\u00bbon|phone\u00bb text_letter_spacing=\u00bb2px\u00bb header_font=\u00bb||||||||\u00bb text_orientation=\u00bbcenter\u00bb max_width=\u00bb80%\u00bb max_width_last_edited=\u00bbon|phone\u00bb module_alignment=\u00bbcenter\u00bb animation_style=\u00bbzoom\u00bb animation_intensity_zoom=\u00bb8%\u00bb]<\/p>\n<p>\u00abTres parejas, una lancha, un patr\u00f3n estupendo y un paisaje precioso&#8230; todos los ingredientes para pasar un d\u00eda estupendo en el agua. Nuestro crucero nos llev\u00f3 a trav\u00e9s del impresionante Lysefjord para contemplar maravillados la famosa Roca del P\u00falpito, donde bebimos champ\u00e1n regado con agua clara y pura recogida de la cascada cercana. Fue un viaje id\u00edlico, lleno de risas y memorable que no dudar\u00edamos en recomendar. Gracias a nuestro amable, experto y profesional patr\u00f3n\u00bb.<\/p>\n<p>[\/et_pb_text][et_pb_text _builder_version=\u00bb3.19.11&#8243; text_font=\u00bb||||||||\u00bb text_font_size=\u00bb12px\u00bb text_orientation=\u00bbcenter\u00bb]<\/p>\n<p><em>&#8211; una de las muchas rese\u00f1as de 5 estrellas en Tripadvisor, \u00e9sta de la usuaria Fiona W, Jersey. REINO UNIDO   <\/em><\/p>\n<p>[\/et_pb_text][et_pb_image src=\u00bbhttps:\/\/privatecruise.no\/wp-content\/uploads\/2019\/01\/tripadvisor-1.png\u00bb _builder_version=\u00bb3.19.11&#8243; max_width=\u00bb150px\u00bb module_alignment=\u00bbcenter\u00bb][\/et_pb_image][\/et_pb_column][\/et_pb_row][et_pb_row custom_padding=\u00bb22px|0px|33.5781px|0px|false|false\u00bb _builder_version=\u00bb3.19.11&#8243;][et_pb_column type=\u00bb4_4&#8243; _builder_version=\u00bb3.19.11&#8243; parallax=\u00bboff\u00bb parallax_method=\u00bbon\u00bb][et_pb_text _builder_version=\u00bb3.19.11&#8243; text_font=\u00bb||||on||||\u00bb text_orientation=\u00bbcenter\u00bb]<\/p>\n<p><a href=\"https:\/\/no.tripadvisor.com\/Attraction_Review-g190511-d8290687-Reviews-Private_Cruise-Stavanger_Stavanger_Municipality_Rogaland_Western_Norway.html\" target=\"_blank\" rel=\"noopener noreferrer\">Leer m\u00e1s opiniones en Tripadvisor<\/a><\/p>\n<p>[\/et_pb_text][\/et_pb_column][\/et_pb_row][\/et_pb_section][et_pb_section fb_built=\u00bb1&#8243; admin_label=\u00bbSuggested Product\u00bb _builder_version=\u00bb3.19.11&#8243; custom_padding=\u00bb0|0px|0|0px|false|false\u00bb locked=\u00bboff\u00bb gutter_width__hover=\u00bb3&#8243; gutter_width__hover_enabled=\u00bb3&#8243; parallax_1__hover=\u00bboff\u00bb parallax_1__hover_enabled=\u00bboff\u00bb parallax_2__hover=\u00bboff\u00bb parallax_2__hover_enabled=\u00bboff\u00bb parallax_3__hover=\u00bboff\u00bb parallax_3__hover_enabled=\u00bboff\u00bb parallax_method_1__hover=\u00bbon\u00bb parallax_method_1__hover_enabled=\u00bbon\u00bb parallax_method_2__hover=\u00bbon\u00bb parallax_method_2__hover_enabled=\u00bbon\u00bb parallax_method_3__hover=\u00bbon\u00bb parallax_method_3__hover_enabled=\u00bbon\u00bb use_background_color_gradient__hover=\u00bboff\u00bb use_background_color_gradient__hover_enabled=\u00bboff\u00bb background_color_gradient_start__hover=\u00bb#2b87da\u00bb background_color_gradient_start__hover_enabled=\u00bb#2b87da\u00bb background_color_gradient_end__hover=\u00bb#29c4a9&#8243; background_color_gradient_end__hover_enabled=\u00bb#29c4a9&#8243; background_color_gradient_start_position__hover=\u00bb0%\u00bb background_color_gradient_start_position__hover_enabled=\u00bb0%\u00bb background_color_gradient_end_position__hover=\u00bb100%\u00bb background_color_gradient_end_position__hover_enabled=\u00bb100%\u00bb background_color_gradient_type__hover=\u00bblinear\u00bb background_color_gradient_type__hover_enabled=\u00bblinear\u00bb background_color_gradient_direction__hover=\u00bb180deg\u00bb background_color_gradient_direction__hover_enabled=\u00bb180deg\u00bb background_color_gradient_direction_radial__hover=\u00bbcenter\u00bb background_color_gradient_direction_radial__hover_enabled=\u00bbcenter\u00bb background_color_gradient_overlays_image__hover=\u00bboff\u00bb background_color_gradient_overlays_image__hover_enabled=\u00bboff\u00bb parallax__hover=\u00bboff\u00bb parallax__hover_enabled=\u00bboff\u00bb parallax_method__hover=\u00bbon\u00bb parallax_method__hover_enabled=\u00bbon\u00bb background_size__hover=\u00bbcover\u00bb background_size__hover_enabled=\u00bbcover\u00bb background_position__hover=\u00bbcenter\u00bb background_position__hover_enabled=\u00bbcenter\u00bb background_repeat__hover=\u00bbno-repeat\u00bb background_repeat__hover_enabled=\u00bbno-repeat\u00bb background_blend__hover=\u00bbnormal\u00bb background_blend__hover_enabled=\u00bbnormal\u00bb allow_player_pause__hover=\u00bboff\u00bb allow_player_pause__hover_enabled=\u00bboff\u00bb background_video_pause_outside_viewport__hover=\u00bbon\u00bb background_video_pause_outside_viewport__hover_enabled=\u00bbon\u00bb inner_shadow__hover=\u00bboff\u00bb inner_shadow__hover_enabled=\u00bboff\u00bb make_fullwidth__hover=\u00bboff\u00bb make_fullwidth__hover_enabled=\u00bboff\u00bb use_custom_width__hover=\u00bboff\u00bb use_custom_width__hover_enabled=\u00bboff\u00bb width_unit__hover=\u00bbon\u00bb width_unit__hover_enabled=\u00bbon\u00bb custom_width_px__hover=\u00bb1080px\u00bb custom_width_px__hover_enabled=\u00bb1080px\u00bb custom_width_percent__hover=\u00bb80%\u00bb custom_width_percent__hover_enabled=\u00bb80%\u00bb make_equal__hover=\u00bboff\u00bb make_equal__hover_enabled=\u00bboff\u00bb use_custom_gutter__hover=\u00bboff\u00bb use_custom_gutter__hover_enabled=\u00bboff\u00bb border_radii__hover=\u00bbon||||\u00bb border_radii__hover_enabled=\u00bbon||||\u00bb box_shadow_style__hover=\u00bbnone\u00bb box_shadow_style__hover_enabled=\u00bbnone\u00bb box_shadow_color__hover=\u00bbrgba(0,0,0,0.3)\u00bb box_shadow_color__hover_enabled=\u00bbrgba(0,0,0,0.3)\u00bb max_width__hover=\u00bb100%\u00bb max_width__hover_enabled=\u00bb100%\u00bb filter_hue_rotate__hover=\u00bb0deg\u00bb filter_hue_rotate__hover_enabled=\u00bb0deg\u00bb filter_saturate__hover=\u00bb100%\u00bb filter_saturate__hover_enabled=\u00bb100%\u00bb filter_brightness__hover=\u00bb100%\u00bb filter_brightness__hover_enabled=\u00bb100%\u00bb filter_contrast__hover=\u00bb100%\u00bb filter_contrast__hover_enabled=\u00bb100%\u00bb filter_invert__hover=\u00bb0%\u00bb filter_invert__hover_enabled=\u00bb0%\u00bb filter_sepia__hover=\u00bb0%\u00bb filter_sepia__hover_enabled=\u00bb0%\u00bb filter_opacity__hover=\u00bb100%\u00bb filter_opacity__hover_enabled=\u00bb100%\u00bb filter_blur__hover=\u00bb0px\u00bb filter_blur__hover_enabled=\u00bb0px\u00bb mix_blend_mode__hover=\u00bbnormal\u00bb mix_blend_mode__hover_enabled=\u00bbnormal\u00bb animation_style__hover=\u00bbnone\u00bb animation_style__hover_enabled=\u00bbnone\u00bb animation_repeat__hover=\u00bbonce\u00bb animation_repeat__hover_enabled=\u00bbonce\u00bb animation_direction__hover=\u00bbcenter\u00bb animation_direction__hover_enabled=\u00bbcenter\u00bb animation_duration__hover=\u00bb1000ms\u00bb animation_duration__hover_enabled=\u00bb1000ms\u00bb animation_delay__hover=\u00bb0ms\u00bb animation_delay__hover_enabled=\u00bb0ms\u00bb animation_intensity_slide__hover=\u00bb50%\u00bb animation_intensity_slide__hover_enabled=\u00bb50%\u00bb animation_intensity_zoom__hover=\u00bb50%\u00bb animation_intensity_zoom__hover_enabled=\u00bb50%\u00bb animation_intensity_flip__hover=\u00bb50%\u00bb animation_intensity_flip__hover_enabled=\u00bb50%\u00bb animation_intensity_fold__hover=\u00bb50%\u00bb animation_intensity_fold__hover_enabled=\u00bb50%\u00bb animation_intensity_roll__hover=\u00bb50%\u00bb animation_intensity_roll__hover_enabled=\u00bb50%\u00bb animation_starting_opacity__hover=\u00bb0%\u00bb animation_starting_opacity__hover_enabled=\u00bb0%\u00bb animation_speed_curve__hover=\u00bbease-in-out\u00bb animation_speed_curve__hover_enabled=\u00bbease-in-out\u00bb hover_transition_duration__hover=\u00bb300ms\u00bb hover_transition_duration__hover_enabled=\u00bb300ms\u00bb hover_transition_delay__hover=\u00bb0ms\u00bb hover_transition_delay__hover_enabled=\u00bb0ms\u00bb hover_transition_speed_curve__hover=\u00bbease\u00bb hover_transition_speed_curve__hover_enabled=\u00bbease\u00bb][et_pb_row use_custom_width=\u00bbon\u00bb width_unit=\u00bboff\u00bb custom_width_percent=\u00bb100%\u00bb use_custom_gutter=\u00bbon\u00bb gutter_width=\u00bb1&#8243; custom_padding=\u00bb0|0px|0|0px|false|false\u00bb make_equal=\u00bbon\u00bb background_color_1=\u00bb#000000&#8243; background_color_3=\u00bb#1a2545&#8243; padding_top_bottom_link_1=\u00bbtrue\u00bb padding_top_bottom_link_2=\u00bbtrue\u00bb padding_top_bottom_link_3=\u00bbfalse\u00bb padding_left_right_link_1=\u00bbtrue\u00bb padding_left_right_link_3=\u00bbfalse\u00bb use_background_color_gradient_2=\u00bboff\u00bb background_color_gradient_start_2=\u00bbrgba(26,37,69,0)\u00bb background_color_gradient_end_2=\u00bb#1a2545&#8243; background_color_gradient_direction_2=\u00bb90deg\u00bb background_color_gradient_start_position_2=\u00bb60%\u00bb background_color_gradient_end_position_2=\u00bb60%\u00bb padding_top_1=\u00bb80px\u00bb padding_top_2=\u00bb100px\u00bb padding_top_3=\u00bb15vw\u00bb padding_right_1=\u00bb10vw\u00bb padding_right_3=\u00bb10vw\u00bb padding_bottom_1=\u00bb80px\u00bb padding_bottom_2=\u00bb100px\u00bb padding_bottom_3=\u00bb10vw\u00bb padding_left_1=\u00bb10vw\u00bb padding_left_3=\u00bb5vw\u00bb padding_2_tablet=\u00bb50px||0px\u00bb padding_3_tablet=\u00bb|||10vw\u00bb padding_1_phone=\u00bb40px||40px\u00bb padding_2_phone=\u00bb0px||0px|25px\u00bb padding_3_phone=\u00bb40px||40px||true\u00bb padding_2_last_edited=\u00bbon|phone\u00bb module_class_1=\u00bbsecond-on-mobile\u00bb module_class_2=\u00bbfirst-on-mobile\u00bb custom_css_main_1=\u00bbdisplay: flex;||flex-direction: column;||justify-content: center;||\u00bb module_class=\u00bbcustom_row\u00bb _builder_version=\u00bb3.19.11&#8243;][et_pb_column type=\u00bb3_5&#8243; _builder_version=\u00bb3.19&#8243; padding_phone=\u00bb40px||40px\u00bb padding_bottom=\u00bb80px\u00bb padding_left=\u00bb10vw\u00bb padding_right=\u00bb10vw\u00bb padding_top=\u00bb80px\u00bb background_color=\u00bb#000000&#8243; parallax=\u00bboff\u00bb parallax_method=\u00bbon\u00bb module_class=\u00bbsecond-on-mobile\u00bb custom_css_main=\u00bbdisplay: flex;||flex-direction: column;||justify-content: center;||\u00bb][et_pb_text _builder_version=\u00bb3.19.6&#8243; text_font=\u00bb||||||||\u00bb text_text_color=\u00bb#ffffff\u00bb text_line_height=\u00bb2em\u00bb header_font=\u00bb||||||||\u00bb header_2_font=\u00bb|700|||||||\u00bb header_2_font_size=\u00bb36px\u00bb header_2_font_size_tablet=\u00bb32px\u00bb header_2_font_size_phone=\u00bb32px\u00bb header_2_font_size_last_edited=\u00bbon|phone\u00bb header_2_line_height=\u00bb1.6em\u00bb header_3_font=\u00bb|700|||||||\u00bb header_3_font_size=\u00bb30px\u00bb header_3_font_size_phone=\u00bb22px\u00bb header_3_font_size_last_edited=\u00bbon|phone\u00bb header_3_line_height=\u00bb1.6em\u00bb header_4_font=\u00bb|500||on|||||\u00bb header_4_font_size_phone=\u00bb18px\u00bb header_4_font_size_last_edited=\u00bbon|phone\u00bb header_4_letter_spacing=\u00bb5px\u00bb header_4_line_height=\u00bb1.5em\u00bb background_layout=\u00bbdark\u00bb custom_margin=\u00bb||35px\u00bb locked=\u00bboff\u00bb]<\/p>\n<h4>\u00bfA qu\u00e9 espera?  <\/h4>\n<h2>Reserve hoy mismo un crucero con Private Cruise.<\/h2>\n<p>Private Cruise se enorgullece de su capacidad para crear el crucero perfecto para casi cualquier ocasi\u00f3n. Ofrecemos cruceros tur\u00edsticos privados diarios, as\u00ed como un servicio totalmente personalizado, \u00fanico y personal. Entendemos que la compasi\u00f3n y la planificaci\u00f3n cuidadosa son factores clave. Nos enorgullecemos de nuestro servicio de alto nivel y de la inmaculada atenci\u00f3n al detalle que prestamos a cada uno de nuestros clientes.[\/et_pb_text][et_pb_button button_url=\u00bbhttps:\/\/privatecruise.no\/booking\/\u00bb button_text=\u00bbRESERVAR UN CRUCERO con crucero privado\u00bb _builder_version=\u00bb3.19.6&#8243; custom_button=\u00bbon\u00bb button_text_size=\u00bb14px\u00bb button_text_color=\u00bb#000000&#8243; button_bg_color=\u00bb#ffffff\u00bb button_border_width=\u00bb0px\u00bb button_border_color=\u00bb#ffffff\u00bb button_border_radius=\u00bb100px\u00bb button_letter_spacing=\u00bb2px\u00bb button_font=\u00bb|500||on|||||\u00bb button_use_icon=\u00bboff\u00bb button_text_size_phone=\u00bb12px\u00bb button_text_size_last_edited=\u00bbon|phone\u00bb box_shadow_style=\u00bbpreset1&#8243; box_shadow_vertical=\u00bb10px\u00bb box_shadow_blur=\u00bb20px\u00bb box_shadow_color=\u00bbrgba(0,0,0,0.15)\u00bb custom_padding=\u00bb16px|30px|16px|30px|true|true\u00bb button_letter_spacing_hover=\u00bb2px\u00bb locked=\u00bboff\u00bb button_text_size__hover_enabled=\u00bboff\u00bb button_one_text_size__hover_enabled=\u00bboff\u00bb button_two_text_size__hover_enabled=\u00bboff\u00bb button_text_color__hover_enabled=\u00bboff\u00bb button_one_text_color__hover_enabled=\u00bboff\u00bb button_two_text_color__hover_enabled=\u00bboff\u00bb button_border_width__hover_enabled=\u00bboff\u00bb button_one_border_width__hover_enabled=\u00bboff\u00bb button_two_border_width__hover_enabled=\u00bboff\u00bb button_border_color__hover_enabled=\u00bboff\u00bb button_one_border_color__hover_enabled=\u00bboff\u00bb button_two_border_color__hover_enabled=\u00bboff\u00bb button_border_radius__hover_enabled=\u00bboff\u00bb button_one_border_radius__hover_enabled=\u00bboff\u00bb button_two_border_radius__hover_enabled=\u00bboff\u00bb button_letter_spacing__hover_enabled=\u00bbon\u00bb button_letter_spacing__hover=\u00bb2px\u00bb button_one_letter_spacing__hover_enabled=\u00bboff\u00bb button_two_letter_spacing__hover_enabled=\u00bboff\u00bb button_bg_color__hover_enabled=\u00bbon\u00bb button_one_bg_color__hover_enabled=\u00bboff\u00bb button_two_bg_color__hover_enabled=\u00bboff\u00bb button_bg_color__hover=\u00bb#d6d6d5&#8243;][\/et_pb_button][\/et_pb_column][et_pb_column type=\u00bb2_5&#8243; _builder_version=\u00bb3.19&#8243; padding_phone=\u00bb0px||0px|25px\u00bb padding_tablet=\u00bb50px||0px\u00bb padding_last_edited=\u00bbon|phone\u00bb padding_bottom=\u00bb100px\u00bb padding_top=\u00bb100px\u00bb parallax=\u00bboff\u00bb parallax_method=\u00bbon\u00bb use_background_color_gradient=\u00bboff\u00bb background_color_gradient_start=\u00bbrgba(26,37,69,0)\u00bb background_color_gradient_end=\u00bb#1a2545&#8243; background_color_gradient_direction=\u00bb90deg\u00bb background_color_gradient_start_position=\u00bb60%\u00bb background_color_gradient_end_position=\u00bb60%\u00bb module_class=\u00bbfirst-on-mobile\u00bb][et_pb_image src=\u00bbhttps:\/\/privatecruise.no\/wp-content\/uploads\/2019\/01\/yacht-img-15.jpg\u00bb _builder_version=\u00bb3.19.6&#8243; border_width_all=\u00bb8px\u00bb border_color_all=\u00bb#ffffff\u00bb custom_margin=\u00bb|||-5vw\u00bb animation_style=\u00bbslide\u00bb animation_direction=\u00bbright\u00bb animation_intensity_slide=\u00bb2%\u00bb locked=\u00bboff\u00bb show_bottom_space__hover=\u00bbon\u00bb show_bottom_space__hover_enabled=\u00bbon\u00bb][\/et_pb_image][\/et_pb_column][\/et_pb_row][\/et_pb_section]<\/p>\n","protected":false},"excerpt":{"rendered":"<p>\u00bfQuiere inspirarse? Galer\u00eda de im\u00e1genesViaje \u00bfSab\u00eda que Noruega ha sido calificada con frecuencia como el pa\u00eds m\u00e1s feliz del mundo? Esto en base a criterios como la libertad, la honestidad, el bienestar, la buena salud y la generosidad. Ven a visitarnos y participa en lo que nos hace felices. \u00bfSer\u00e1 que el extraordinario paisaje al [&hellip;]<\/p>\n","protected":false},"author":6,"featured_media":0,"parent":0,"menu_order":0,"comment_status":"closed","ping_status":"closed","template":"","meta":{"_et_pb_use_builder":"on","_et_pb_old_content":"","_et_gb_content_width":"","footnotes":""},"class_list":["post-222593","page","type-page","status-publish","hentry"],"_links":{"self":[{"href":"https:\/\/privatecruise.no\/es\/wp-json\/wp\/v2\/pages\/222593","targetHints":{"allow":["GET"]}}],"collection":[{"href":"https:\/\/privatecruise.no\/es\/wp-json\/wp\/v2\/pages"}],"about":[{"href":"https:\/\/privatecruise.no\/es\/wp-json\/wp\/v2\/types\/page"}],"author":[{"embeddable":true,"href":"https:\/\/privatecruise.no\/es\/wp-json\/wp\/v2\/users\/6"}],"replies":[{"embeddable":true,"href":"https:\/\/privatecruise.no\/es\/wp-json\/wp\/v2\/comments?post=222593"}],"version-history":[{"count":9,"href":"https:\/\/privatecruise.no\/es\/wp-json\/wp\/v2\/pages\/222593\/revisions"}],"predecessor-version":[{"id":222615,"href":"https:\/\/privatecruise.no\/es\/wp-json\/wp\/v2\/pages\/222593\/revisions\/222615"}],"wp:attachment":[{"href":"https:\/\/privatecruise.no\/es\/wp-json\/wp\/v2\/media?parent=222593"}],"curies":[{"name":"wp","href":"https:\/\/api.w.org\/{rel}","templated":true}]}}