{"id":222448,"date":"2019-02-21T20:04:07","date_gmt":"2019-02-21T19:04:07","guid":{"rendered":"https:\/\/privatecruise.no\/cookies-y-privacidad\/"},"modified":"2025-03-27T14:30:51","modified_gmt":"2025-03-27T13:30:51","slug":"cookies-y-privacidad","status":"publish","type":"page","link":"https:\/\/privatecruise.no\/es\/cookies-y-privacidad\/","title":{"rendered":"Cookies y privacidad"},"content":{"rendered":"<p>[et_pb_section fb_built=\u00bb1&#8243; specialty=\u00bbon\u00bb custom_padding_last_edited=\u00bbon|phone\u00bb module_class=\u00bbtopSub\u00bb _builder_version=\u00bb3.22.3&#8243; background_image=\u00bbhttps:\/\/privatecruise.no\/wp-content\/uploads\/2019\/01\/20160816_082959-1.jpg\u00bb custom_margin=\u00bb||\u00bb custom_padding=\u00bb110px||110px||true|false\u00bb custom_padding_tablet=\u00bb100px||100px|\u00bb custom_padding_phone=\u00bb75px||75px|\u00bb][et_pb_column type=\u00bb1_2&#8243; specialty_columns=\u00bb2&#8243; _builder_version=\u00bb3.0.47&#8243; parallax__hover=\u00bboff\u00bb parallax_method__hover=\u00bbon\u00bb][\/et_pb_column][et_pb_column type=\u00bb1_2&#8243; _builder_version=\u00bb3.0.47&#8243; parallax__hover=\u00bboff\u00bb parallax_method__hover=\u00bbon\u00bb][\/et_pb_column][\/et_pb_section][et_pb_section fb_built=\u00bb1&#8243; _builder_version=\u00bb3.22.3&#8243; custom_padding=\u00bb0|0px|67.1562px|0px|false|false\u00bb][et_pb_row custom_padding=\u00bb33.5938px|0px|24px|0px|false|false\u00bb custom_padding_phone=\u00bb||0px\u00bb custom_padding_last_edited=\u00bbon|desktop\u00bb _builder_version=\u00bb3.22.3&#8243; custom_margin_last_edited=\u00bbon|phone\u00bb animation_style=\u00bbslide\u00bb animation_direction=\u00bbbottom\u00bb animation_intensity_slide=\u00bb5%\u00bb][et_pb_column type=\u00bb4_4&#8243; _builder_version=\u00bb3.0.47&#8243;][et_pb_text _builder_version=\u00bb3.19.11&#8243; text_font=\u00bb||||||||\u00bb header_font=\u00bb|700|||||||\u00bb header_font_size=\u00bb50px\u00bb header_line_height=\u00bb1.5em\u00bb header_2_font=\u00bb|700|||||||\u00bb header_2_font_size=\u00bb50px\u00bb header_2_line_height=\u00bb1.5em\u00bb header_5_font=\u00bb|||on|||||\u00bb header_5_text_color=\u00bbrgba(0,0,0,0.4)\u00bb header_5_font_size=\u00bb20px\u00bb header_5_letter_spacing=\u00bb3px\u00bb background_color=\u00bb#ffffff\u00bb box_shadow_style=\u00bbpreset3&#8243; box_shadow_vertical=\u00bb-15px\u00bb text_orientation=\u00bbcenter\u00bb max_width=\u00bb600px\u00bb module_alignment=\u00bbcenter\u00bb custom_margin=\u00bb-75px||0px\u00bb custom_padding=\u00bb35px||0px\u00bb text_line_height_last_edited=\u00bboff|desktop\u00bb header_font_size_tablet=\u00bb32px\u00bb header_font_size_phone=\u00bb28px\u00bb header_font_size_last_edited=\u00bbon|phone\u00bb header_2_font_size_tablet=\u00bb32px\u00bb header_2_font_size_phone=\u00bb28px\u00bb header_2_font_size_last_edited=\u00bbon|phone\u00bb]<\/p>\n<h5>Tu privacidad importa<\/h5>\n<h1>Informaci\u00f3n sobre cookies y privacidad<\/h1>\n<p>[\/et_pb_text][et_pb_text _builder_version=\u00bb3.23.3&#8243; text_font=\u00bb||||||||\u00bb text_font_size=\u00bb10px\u00bb text_orientation=\u00bbcenter\u00bb custom_margin=\u00bb||0px|\u00bb]<\/p>\n<p><em>\u00daltima actualizaci\u00f3n: 23.06.2019 &#8211; a\u00f1adido el p\u00edxel de Facebook<\/em><\/p>\n<p>[\/et_pb_text][\/et_pb_column][\/et_pb_row][et_pb_row _builder_version=\u00bb3.22.3&#8243;][et_pb_column type=\u00bb4_4&#8243; _builder_version=\u00bb3.0.47&#8243;][et_pb_text _builder_version=\u00bb3.9&#8243; text_font=\u00bb||||||||\u00bb max_width=\u00bb850px\u00bb module_alignment=\u00bbcenter\u00bb]<\/p>\n<h1 style=\"text-align: center\">Pol\u00edtica de privacidad y cookies<\/h1>\n<p style=\"text-align: center\"><strong>Los datos personales son datos y valoraciones que pueden vincularse a una persona. Por ejemplo, pueden ser el nombre, el lugar de residencia, el n\u00famero de tel\u00e9fono, la direcci\u00f3n de correo electr\u00f3nico y la direcci\u00f3n IP, o una combinaci\u00f3n de \u00e9stos, lo que permite rastrear qui\u00e9n est\u00e1 detr\u00e1s de los datos. En este sitio, registramos estad\u00edsticas an\u00f3nimas de todos los visitantes. Utilizamos cookies principalmente para medir el tr\u00e1fico y optimizar el contenido. Esta informaci\u00f3n no puede ser rastreada hasta ti como individuo.    <\/strong><\/p>\n<p>[\/et_pb_text][\/et_pb_column][\/et_pb_row][et_pb_row custom_padding=\u00bb4px|0px|27px|0px|false|false\u00bb _builder_version=\u00bb3.22.3&#8243; background_size=\u00bbinitial\u00bb background_position=\u00bbtop_left\u00bb background_repeat=\u00bbrepeat\u00bb][et_pb_column type=\u00bb1_2&#8243; _builder_version=\u00bb3.0.47&#8243;][et_pb_text _builder_version=\u00bb3.11.1&#8243; background_size=\u00bbinitial\u00bb background_position=\u00bbtop_left\u00bb background_repeat=\u00bbrepeat\u00bb]<\/p>\n<p>Todo uso de datos personales se considera tratamiento de datos personales, como la recogida, el registro, el montaje, el almacenamiento y la divulgaci\u00f3n o una combinaci\u00f3n de \u00e9stos. El tratamiento de datos personales se rige por la Ley de Datos Personales. <\/p>\n<p><strong>Private<\/strong> Cruise es responsable del tratamiento de la informaci\u00f3n personal procesada en relaci\u00f3n con el uso de nuestros servicios y productos, y de la informaci\u00f3n personal que recopilamos y procesamos para los fines indicados a continuaci\u00f3n. El hecho de que <strong>Private Cruise<\/strong> <strong> <\/strong>es el responsable del tratamiento significa principalmente que es <strong>Private Cruise<\/strong>, que es responsable en lo que respecta a la Ley de Datos Personales en este sitio web y su contenido.<\/p>\n<p>[\/et_pb_text][\/et_pb_column][et_pb_column type=\u00bb1_2&#8243; _builder_version=\u00bb3.0.47&#8243;][et_pb_text _builder_version=\u00bb3.11.1&#8243; background_size=\u00bbinitial\u00bb background_position=\u00bbtop_left\u00bb background_repeat=\u00bbrepeat\u00bb]<\/p>\n<p>Si <strong>Private Cruise<\/strong> elige a otra empresa que se encargue de procesar informaci\u00f3n personal, es decir, datos sobre ti, la llamamos procesador de datos. En los casos en que utilicemos proveedores de datos, nos aseguraremos de haber suscrito acuerdos de procesamiento de datos que regulen la forma en que el procesador de datos puede procesar los datos de que disponga. Por defecto, el acuerdo con el procesador de datos s\u00f3lo puede procesar informaci\u00f3n personal en nombre <strong>de Private Cruise<\/strong> y para fines claramente definidos, como exige el reglamento sobre el tratamiento de datos personales.  <\/p>\n<p>[\/et_pb_text][\/et_pb_column][\/et_pb_row][et_pb_row custom_padding=\u00bb0|0px|0|0px|false|false\u00bb _builder_version=\u00bb3.22.3&#8243;][et_pb_column type=\u00bb4_4&#8243; _builder_version=\u00bb3.0.47&#8243;][et_pb_divider divider_weight=\u00bb3px\u00bb _builder_version=\u00bb3.9&#8243; max_width=\u00bb65%\u00bb module_alignment=\u00bbcenter\u00bb][\/et_pb_divider][\/et_pb_column][\/et_pb_row][et_pb_row custom_padding=\u00bb4px|0px|27px|0px|false|false\u00bb _builder_version=\u00bb3.22.3&#8243; background_size=\u00bbinitial\u00bb background_position=\u00bbtop_left\u00bb background_repeat=\u00bbrepeat\u00bb][et_pb_column type=\u00bb1_2&#8243; _builder_version=\u00bb3.0.47&#8243;][et_pb_text _builder_version=\u00bb3.19.15&#8243; background_size=\u00bbinitial\u00bb background_position=\u00bbtop_left\u00bb background_repeat=\u00bbrepeat\u00bb]<\/p>\n<p><strong>\u00bfUtilizamos \u00abcookies\u00bb?<\/strong><\/p>\n<p>S\u00ed. Las cookies son peque\u00f1os archivos que un sitio o su proveedor de servicios transfiere al disco duro de tu ordenador a trav\u00e9s de tu navegador web (si lo permites) y que permiten a los sistemas del sitio o del proveedor de servicios reconocer tu navegador y capturar y recordar cierta informaci\u00f3n. Nos ayudan a comprender tus preferencias basadas en la actividad previa o actual del sitio, lo que nos permite ofrecerte servicios mejorados. Tambi\u00e9n utilizamos cookies para ayudarnos a recopilar datos agregados sobre el tr\u00e1fico y la interacci\u00f3n del sitio, de modo que podamos ofrecer mejores experiencias y herramientas del sitio en el futuro.   <\/p>\n<p><strong>Utilizamos cookies para:<\/strong><br \/> &#8211; Comprender y guardar las preferencias del usuario para futuras visitas.<br \/> &#8211; Recopilar datos agregados sobre el tr\u00e1fico y las interacciones del sitio para ofrecer mejores experiencias y herramientas del sitio en el futuro. Tambi\u00e9n podemos utilizar servicios de terceros de confianza que rastreen esta informaci\u00f3n en nuestro nombre. <\/p>\n<p>Puedes elegir que tu ordenador te avise cada vez que se env\u00ede una cookie, o puedes elegir desactivar todas las cookies. Esto se hace a trav\u00e9s de la configuraci\u00f3n de tu navegador. Como cada navegador es un poco diferente, consulta el men\u00fa de ayuda de tu navegador para conocer la forma correcta de modificar las cookies.  <\/p>\n<p>Si desactivas las cookies, es posible que algunas de las funciones que hacen que tu experiencia en el sitio sea m\u00e1s eficiente no funcionen correctamente.<\/p>\n<p>&nbsp;<\/p>\n<p>[\/et_pb_text][\/et_pb_column][et_pb_column type=\u00bb1_2&#8243; _builder_version=\u00bb3.0.47&#8243;][et_pb_text _builder_version=\u00bb3.19.15&#8243; background_size=\u00bbinitial\u00bb background_position=\u00bbtop_left\u00bb background_repeat=\u00bbrepeat\u00bb]<\/p>\n<p><b>\u00bfQu\u00e9 cookies utilizamos?<\/b><\/p>\n<p>Utilizamos la herramienta Google Analytics para estudiar el tr\u00e1fico, los patrones de uso y las tendencias de este sitio. Los datos recogidos se utilizan para optimizar la experiencia del usuario y personalizar el contenido del sitio web. De acuerdo con las directrices de Google Analytic, no recopilamos informaci\u00f3n personal sobre ti como usuario. Los datos recogidos se almacenan en los servidores de Google.   <\/p>\n<p>Tambi\u00e9n utilizamos el p\u00edxel de Facebook para hacer un seguimiento de los anuncios de Facebook que tengamos en marcha, as\u00ed como para medir el tr\u00e1fico a nuestra p\u00e1gina web.  <\/p>\n<p><b>C\u00f3mo eliminar las cookies<\/b><\/p>\n<p>Normalmente, la mayor\u00eda de los navegadores est\u00e1n configurados para aceptar cookies. Te informamos de que puedes eliminar las cookies siguiendo las instrucciones para eliminar cookies de tu navegador. Puedes encontrar informaci\u00f3n al respecto en la funci\u00f3n \u00abAyuda\u00bb de tu navegador. Ten en cuenta que limitar el acceso a las cookies puede afectar a la funcionalidad de nuestro sitio.   <\/p>\n<p>Sigue estas instrucciones:<\/p>\n<p><strong>Internet Explorer:<\/strong> <a href=\"https:\/\/support.microsoft.com\/en-us\/kb\/278835#\/en-us\/kb\/278835\" target=\"_blank\" rel=\"noopener\">https:\/\/support.microsoft.com\/en-us\/kb\/278835#\/en-us\/kb\/278835<\/a><br \/> <strong>Chrome:<\/strong> <a href=\"https:\/\/support.google.com\/chrome\/answer\/95647?hl=no\" target=\"_blank\" rel=\"noopener\">https:\/\/support.google.com\/chrome\/answer\/95647?hl=no<\/a><br \/> <strong>Safari:<\/strong> <a href=\"https:\/\/support.apple.com\/kb\/PH17191?locale=no_NO\" target=\"_blank\" rel=\"noopener\">https:\/\/support.apple.com\/kb\/PH17191?locale=no_NO<\/a><br \/> <strong>Firefox:<\/strong> <a href=\"https:\/\/support.mozilla.org\/no\/kb\/delete-cookies-remove-info-websites-stored\" target=\"_blank\" rel=\"noopener\">https:\/\/support.mozilla.org\/no\/kb\/delete-cookies-remove-info-websites-stored<\/a><\/p>\n<p>[\/et_pb_text][\/et_pb_column][\/et_pb_row][et_pb_row custom_padding=\u00bb0|0px|0|0px|false|false\u00bb _builder_version=\u00bb3.22.3&#8243;][et_pb_column type=\u00bb4_4&#8243; _builder_version=\u00bb3.0.47&#8243;][et_pb_image src=\u00bbhttps:\/\/privatecruise.no\/wp-content\/uploads\/2019\/02\/analytics.jpg\u00bb align_tablet=\u00bbcenter\u00bb align_last_edited=\u00bbon|desktop\u00bb _builder_version=\u00bb3.23&#8243;][\/et_pb_image][et_pb_divider divider_weight=\u00bb3px\u00bb _builder_version=\u00bb3.9&#8243; max_width=\u00bb65%\u00bb module_alignment=\u00bbcenter\u00bb][\/et_pb_divider][\/et_pb_column][\/et_pb_row][et_pb_row custom_padding=\u00bb27px|0px|17px|0px|false|false\u00bb _builder_version=\u00bb3.22.3&#8243;][et_pb_column type=\u00bb1_2&#8243; _builder_version=\u00bb3.0.47&#8243;][et_pb_text _builder_version=\u00bb3.11.1&#8243;]<\/p>\n<h4>\u00bfC\u00f3mo recopilamos informaci\u00f3n sobre ti?<\/h4>\n<p>La mayor\u00eda de nuestros datos sobre ti son datos que se generan cuando utilizas cualquiera de nuestros servicios. Ejemplos de esto pueden ser: P\u00e1ginas vistas e informaci\u00f3n sobre tu dispositivo (PC, M\u00f3vil, Tablet). <\/p>\n<p><strong>1. Informaci\u00f3n que compartes con nosotros<\/strong><br \/> Al utilizar un formulario, proporcionar\u00e1s algunos datos que se almacenan con nosotros. Esta informaci\u00f3n se almacena en nuestras bases de datos, porque debemos ser capaces de responder a tu solicitud de contacto. <\/p>\n<p><strong>2. Informaci\u00f3n recopilada a trav\u00e9s del uso de los Servicios<\/strong><br \/> Al utilizar nuestros servicios, registraremos esa informaci\u00f3n sobre qu\u00e9 servicios utilizas y c\u00f3mo los utilizas. Hacemos esto para tener la oportunidad de mejorar nuestra experiencia de usuario, el contenido de los servicios, la prevenci\u00f3n del fraude y personalizar el contenido y los anuncios seg\u00fan tus patrones de uso e intereses. <\/p>\n<p><strong>3. Informaci\u00f3n de otras fuentes<\/strong><br \/> Podemos recibir informaci\u00f3n de otras fuentes, como redes publicitarias, clientes, herramientas de segmentaci\u00f3n u otros terceros, para ayudarnos o ayudarles a comprender tus patrones de usuario, preferencias o, en general, para mejorar los servicios que ofrecemos para que est\u00e9n m\u00e1s adaptados a tus necesidades e intereses.<\/p>\n<p>&nbsp;<\/p>\n<h4>\u00bfC\u00f3mo utilizamos la informaci\u00f3n que hemos recopilado sobre ti?<\/h4>\n<p>Hemos recopilado toda la informaci\u00f3n personal que hemos recogido para comprender y mejorar nuestros servicios y productos, de modo que obtengas la mejor experiencia de usuario en nuestros sitios web. <strong>Private Cruise<\/strong> trabaja constantemente para ofrecerte la mejor experiencia posible de nuestros servicios disponibles. Para ello, podemos utilizar la informaci\u00f3n personal que hemos recopilado: <\/p>\n<p><em>&#8211; Para llegar a un acuerdo contigo y hacer que los servicios funcionen lo mejor posible<\/em><br \/><strong>Private Cruise<\/strong> procesa informaci\u00f3n personal y otras formas de datos para prestar los servicios acordados contigo. Tambi\u00e9n utilizamos datos para garantizarte la mejor experiencia de usuario mediante el inicio de sesi\u00f3n autom\u00e1tico, la personalizaci\u00f3n de la vista del contenido de tu pantalla y la carga m\u00e1s r\u00e1pida posible de las p\u00e1ginas. <\/p>\n<p>&#8211; <em> Con fines estad\u00edsticos y para comprender las tendencias del mercado<\/em><br \/>Elaboramos estad\u00edsticas y trazamos las tendencias del mercado para mejorar y seguir desarrollando nuestros sitios.<\/p>\n<p>&#8211; <em> Para personalizar los servicios &#8211; Servicios adaptados a ti<\/em><br \/>Queremos darte la oportunidad de obtener contenidos personalizados y adaptados a ti. Lo hacemos utilizando tus datos de comportamiento de usuario o tus preferencias u otra informaci\u00f3n disponible. Esto puede decirnos algo sobre tus necesidades y deseos, por ejemplo, eliminar de la p\u00e1gina principal las entradas que ya has le\u00eddo o mostrar rese\u00f1as de art\u00edculos recomendados, y podemos ofrecerte recomendaciones sobre contenidos o servicios basadas en lo que has le\u00eddo o comprado. Tambi\u00e9n proporcionamos recomendaciones basadas en lo que han le\u00eddo otros usuarios con patrones de uso similares a los tuyos.   <\/p>\n<p>[\/et_pb_text][\/et_pb_column][et_pb_column type=\u00bb1_2&#8243; _builder_version=\u00bb3.0.47&#8243;][et_pb_text _builder_version=\u00bb3.11.1&#8243;]<\/p>\n<h4>Informaci\u00f3n sobre marketing por correo electr\u00f3nico y texto<\/h4>\n<p>Si tienes una relaci\u00f3n de cliente activa con <strong>Private Cruise<\/strong>, podremos enviarte marketing por correo electr\u00f3nico u otros m\u00e9todos de comunicaci\u00f3n electr\u00f3nica dentro del \u00e1mbito de la Ley de Marketing, a menos que hayas solicitado otra cosa. Si no tienes una relaci\u00f3n de cliente activa con nosotros, s\u00f3lo te enviaremos dicho marketing si nos has dado un consentimiento expl\u00edcito e informado. <\/p>\n<h4>\u00bfC\u00f3mo se comparte esta informaci\u00f3n?<\/h4>\n<p>En algunos casos, tambi\u00e9n compartimos informaci\u00f3n con afiliados que utilizan la informaci\u00f3n para transmitir contenido dirigido y\/u ofertas a trav\u00e9s de sus servicios. A continuaci\u00f3n, firmamos acuerdos que restringen el acceso al uso de la informaci\u00f3n y establecen obligaciones para cumplir las leyes de privacidad aplicables. <\/p>\n<p>Si existe la sospecha de que se ha cometido un delito en relaci\u00f3n con el uso de los servicios, la informaci\u00f3n puede ser revelada a las autoridades p\u00fablicas a petici\u00f3n de \u00e9stas.<\/p>\n<p>No compartiremos, venderemos ni transmitiremos informaci\u00f3n personal de ninguna otra forma que no sea la descrita en esta Declaraci\u00f3n de privacidad.<\/p>\n<h4>Rectificaci\u00f3n y supresi\u00f3n de datos personales<\/h4>\n<p>Es importante que la informaci\u00f3n que recopilamos sobre ti sea correcta y est\u00e9 actualizada. Si detectas un error, te animamos a que te pongas en contacto con nosotros para que podamos corregir la informaci\u00f3n. Tambi\u00e9n puedes ponerte en contacto con nosotros si deseas que se elimine la informaci\u00f3n.  <\/p>\n<p>No guardaremos informaci\u00f3n personal m\u00e1s all\u00e1 de lo necesario para cumplir la finalidad del tratamiento y las obligaciones legales que tenemos, por ejemplo, de acuerdo con la Ley de Contabilidad.<\/p>\n<h4>Nuestras herramientas de an\u00e1lisis y de terceros<\/h4>\n<p><strong>Private Cruise<\/strong> utiliza herramientas de an\u00e1lisis para recopilar informaci\u00f3n sobre c\u00f3mo se utilizan nuestros servicios. Utilizamos Google Analytics, con el que medimos el n\u00famero de visitantes, qu\u00e9 p\u00e1ginas se visitan, cu\u00e1nto dura una visita y similares. <\/p>\n<p>Las estad\u00edsticas sobre los usuarios y el tr\u00e1fico se utilizan normalmente y de forma agregada, por lo que las estad\u00edsticas no contienen ninguna informaci\u00f3n que pueda vincularse directamente a ti como persona identificada. Las direcciones IP son an\u00f3nimas.   <\/p>\n<h4>Sobre la privacidad de los ni\u00f1os<\/h4>\n<p><strong>Private Cruise<\/strong> no desea recoger ni tratar de ning\u00fan otro modo datos personales de menores de 15 a\u00f1os.<\/p>\n<p>Si, a pesar de todo, nos han proporcionado datos personales menores de 15 a\u00f1os, los eliminaremos en cuanto tengamos conocimiento de la relaci\u00f3n.<\/p>\n<p>[\/et_pb_text][\/et_pb_column][\/et_pb_row][et_pb_row custom_padding=\u00bb0|0px|8px|0px|false|false\u00bb _builder_version=\u00bb3.22.3&#8243;][et_pb_column type=\u00bb4_4&#8243; _builder_version=\u00bb3.0.47&#8243;][et_pb_divider divider_weight=\u00bb3px\u00bb _builder_version=\u00bb3.9&#8243; max_width=\u00bb65%\u00bb module_alignment=\u00bbcenter\u00bb][\/et_pb_divider][\/et_pb_column][\/et_pb_row][et_pb_row _builder_version=\u00bb3.22.3&#8243;][et_pb_column type=\u00bb4_4&#8243; _builder_version=\u00bb3.0.47&#8243;][et_pb_text _builder_version=\u00bb3.11.1&#8243;]<\/p>\n<h4>Cambios en la Declaraci\u00f3n de Privacidad<\/h4>\n<p>Peri\u00f3dicamente podremos actualizar la Declaraci\u00f3n de Privacidad de los Servicios de <strong>Cruceros Privados<\/strong>, para reflejar cualquier cambio en los sitios. Cuando actualicemos la declaraci\u00f3n de privacidad, la nueva declaraci\u00f3n se publicar\u00e1 en los sitios 14 d\u00edas antes de que se realicen los cambios. Te informaremos de los cambios en los servicios que se vean afectados.  <\/p>\n<h4>Ponte en contacto con<\/h4>\n<p>Si tienes preguntas sobre la Declaraci\u00f3n de privacidad, ponte en contacto con nosotros en<\/p>\n<p>Correo electr\u00f3nico: <b><a href=\"mailto:post@privatecruise.no\">post@privatecruise.no<\/a> <\/b> <\/p>\n<p>[\/et_pb_text][\/et_pb_column][\/et_pb_row][\/et_pb_section][et_pb_section fb_built=\u00bb1&#8243; disabled_on=\u00bbon|on|off\u00bb _builder_version=\u00bb3.22.3&#8243; custom_margin=\u00bb5px|0px|0px|0px\u00bb custom_padding=\u00bb0px|0px|0px|0px\u00bb][et_pb_row use_custom_gutter=\u00bbon\u00bb gutter_width=\u00bb1&#8243; custom_padding=\u00bb0px|0px|0px|0px\u00bb custom_margin=\u00bb0px|0px|0px|0px\u00bb make_equal=\u00bbon\u00bb module_class=\u00bb et_pb_row_fullwidth\u00bb _builder_version=\u00bb3.22.3&#8243; width=\u00bb100%\u00bb width_tablet=\u00bb100%\u00bb width_last_edited=\u00bbon|desktop\u00bb max_width=\u00bb100%\u00bb max_width_tablet=\u00bb100%\u00bb max_width_last_edited=\u00bbon|desktop\u00bb module_alignment=\u00bbcenter\u00bb make_fullwidth=\u00bbon\u00bb][et_pb_column type=\u00bb4_4&#8243; _builder_version=\u00bb3.0.47&#8243;][et_pb_gallery gallery_ids=\u00bb206771,206664,206662,206654,206634,206642,206651,206644&#8243; posts_number=\u00bb8&#8243; db_images_per_row=\u00bb8&#8243; db_image_max_width_tablet=\u00bb51&#8243; db_image_max_height_tablet=\u00bb501&#8243; db_image_row_spacing_tablet=\u00bb51&#8243; db_image_center_titles=\u00bbleft\u00bb db_image_object_fit=\u00bbinitial\u00bb show_title_and_caption=\u00bboff\u00bb show_pagination=\u00bboff\u00bb _builder_version=\u00bb3.19.11&#8243;]<\/p>\n<h2>Viaje  <\/h2>\n<h4><span>\u00bfSab\u00edas que Noruega ha sido clasificada con frecuencia como El pa\u00eds m\u00e1s feliz del mundo?<\/span><\/h4>\n<p><span>Esto en base a criterios como la libertad, la honestidad, el bienestar, la buena salud y la generosidad. Ven a visitarnos y participa en lo que nos hace felices.   <\/span>\u00bfSer\u00e1 que el extraordinario paisaje al que tenemos acceso nos hace realmente felices?  <span>La regi\u00f3n de Stavanger forma parte de la Noruega de los Fiordos. Aqu\u00ed encontrar\u00e1s paisajes impresionantes: cascadas, fiordos de un azul intenso y monta\u00f1as nevadas.   <\/span><\/p>\n<p>[\/et_pb_gallery][\/et_pb_column][\/et_pb_row][\/et_pb_section]<\/p>\n","protected":false},"excerpt":{"rendered":"<p>Tu privacidad importa Informaci\u00f3n sobre cookies y privacidad\u00daltima actualizaci\u00f3n: 23.06.2019 &#8211; a\u00f1adido el p\u00edxel de FacebookPol\u00edtica de privacidad y cookies Los datos personales son datos y valoraciones que pueden vincularse a una persona. Por ejemplo, pueden ser el nombre, el lugar de residencia, el n\u00famero de tel\u00e9fono, la direcci\u00f3n de correo electr\u00f3nico y la direcci\u00f3n [&hellip;]<\/p>\n","protected":false},"author":6,"featured_media":0,"parent":0,"menu_order":0,"comment_status":"closed","ping_status":"closed","template":"","meta":{"_et_pb_use_builder":"on","_et_pb_old_content":"","_et_gb_content_width":"","footnotes":""},"class_list":["post-222448","page","type-page","status-publish","hentry"],"_links":{"self":[{"href":"https:\/\/privatecruise.no\/es\/wp-json\/wp\/v2\/pages\/222448","targetHints":{"allow":["GET"]}}],"collection":[{"href":"https:\/\/privatecruise.no\/es\/wp-json\/wp\/v2\/pages"}],"about":[{"href":"https:\/\/privatecruise.no\/es\/wp-json\/wp\/v2\/types\/page"}],"author":[{"embeddable":true,"href":"https:\/\/privatecruise.no\/es\/wp-json\/wp\/v2\/users\/6"}],"replies":[{"embeddable":true,"href":"https:\/\/privatecruise.no\/es\/wp-json\/wp\/v2\/comments?post=222448"}],"version-history":[{"count":10,"href":"https:\/\/privatecruise.no\/es\/wp-json\/wp\/v2\/pages\/222448\/revisions"}],"predecessor-version":[{"id":222489,"href":"https:\/\/privatecruise.no\/es\/wp-json\/wp\/v2\/pages\/222448\/revisions\/222489"}],"wp:attachment":[{"href":"https:\/\/privatecruise.no\/es\/wp-json\/wp\/v2\/media?parent=222448"}],"curies":[{"name":"wp","href":"https:\/\/api.w.org\/{rel}","templated":true}]}}