{"id":222911,"date":"2019-02-09T13:38:59","date_gmt":"2019-02-09T12:38:59","guid":{"rendered":"https:\/\/privatecruise.no\/lebensmittel-und-getraenke\/"},"modified":"2025-03-27T16:08:07","modified_gmt":"2025-03-27T15:08:07","slug":"lebensmittel-und-getraenke","status":"publish","type":"page","link":"https:\/\/privatecruise.no\/de\/lebensmittel-und-getraenke\/","title":{"rendered":"Lebensmittel und Getr\u00e4nke"},"content":{"rendered":"<p>[et_pb_section fb_built=&#8220;1&#8243; specialty=&#8220;on&#8220; custom_padding_last_edited=&#8220;on|phone&#8220; module_class=&#8220;topSub&#8220; _builder_version=&#8220;4.16&#8243; background_image=&#8220;https:\/\/privatecruise.no\/wp-content\/uploads\/2019\/01\/Food-PrivateCruise-Stavanger-1.jpg&#8220; custom_margin=&#8220;||&#8220; custom_padding=&#8220;150px||150px&#8220; custom_padding_tablet=&#8220;100px||100px|&#8220; custom_padding_phone=&#8220;75px||75px|&#8220; global_colors_info=&#8220;{}&#8220;][et_pb_column type=&#8220;1_2&#8243; specialty_columns=&#8220;2&#8243; _builder_version=&#8220;4.16&#8243; custom_padding=&#8220;|||&#8220; global_colors_info=&#8220;{}&#8220; parallax__hover=&#8220;off&#8220; parallax_method__hover=&#8220;on&#8220; custom_padding__hover=&#8220;|||&#8220;][\/et_pb_column][et_pb_column type=&#8220;1_2&#8243; _builder_version=&#8220;4.16&#8243; custom_padding=&#8220;|||&#8220; global_colors_info=&#8220;{}&#8220; parallax__hover=&#8220;off&#8220; parallax_method__hover=&#8220;on&#8220; custom_padding__hover=&#8220;|||&#8220;][\/et_pb_column][\/et_pb_section][et_pb_section fb_built=&#8220;1&#8243; custom_padding_last_edited=&#8220;on|phone&#8220; admin_label=&#8220;About Section&#8220; module_id=&#8220;info&#8220; module_class=&#8220;SubInfo&#8220; _builder_version=&#8220;4.16&#8243; background_color=&#8220;#ffffff&#8220; custom_padding=&#8220;0|0px|27px|0px|false|false&#8220; custom_padding_tablet=&#8220;||35px|&#8220; custom_padding_phone=&#8220;||0px&#8220; global_colors_info=&#8220;{}&#8220;][et_pb_row custom_padding_last_edited=&#8220;on|desktop&#8220; _builder_version=&#8220;4.16&#8243; custom_margin_tablet=&#8220;&#8220; custom_margin_phone=&#8220;&#8220; custom_margin_last_edited=&#8220;on|phone&#8220; custom_padding=&#8220;33.5938px|0px|24px|0px|false|false&#8220; custom_padding_tablet=&#8220;&#8220; custom_padding_phone=&#8220;||0px&#8220; animation_direction=&#8220;bottom&#8220; global_colors_info=&#8220;{}&#8220;][et_pb_column type=&#8220;4_4&#8243; _builder_version=&#8220;4.16&#8243; custom_padding=&#8220;|||&#8220; global_colors_info=&#8220;{}&#8220; custom_padding__hover=&#8220;|||&#8220;][et_pb_text _builder_version=&#8220;4.16&#8243; text_font=&#8220;||||||||&#8220; header_font=&#8220;|700|||||||&#8220; header_font_size=&#8220;50px&#8220; header_line_height=&#8220;1.5em&#8220; header_2_font=&#8220;|700|||||||&#8220; header_2_line_height=&#8220;1.5em&#8220; header_5_font=&#8220;|||on|||||&#8220; header_5_text_color=&#8220;rgba(0,0,0,0.4)&#8220; header_5_font_size=&#8220;20px&#8220; header_5_letter_spacing=&#8220;3px&#8220; background_color=&#8220;#ffffff&#8220; text_orientation=&#8220;center&#8220; max_width=&#8220;600px&#8220; module_alignment=&#8220;center&#8220; custom_margin=&#8220;-75px||0px&#8220; custom_padding=&#8220;35px||0px&#8220; text_line_height_last_edited=&#8220;off|desktop&#8220; header_font_size_tablet=&#8220;32px&#8220; header_font_size_phone=&#8220;28px&#8220; header_font_size_last_edited=&#8220;on|phone&#8220; header_2_font_size_tablet=&#8220;32px&#8220; header_2_font_size_phone=&#8220;28px&#8220; header_2_font_size_last_edited=&#8220;on|phone&#8220; box_shadow_style=&#8220;preset3&#8243; box_shadow_vertical=&#8220;-15px&#8220; global_colors_info=&#8220;{}&#8220;]<\/p>\n<h5>Eine wunderbare Mahlzeit auf See<\/h5>\n<h1>Essen &amp; Trinken<\/h1>\n<p>[\/et_pb_text][\/et_pb_column][\/et_pb_row][et_pb_row _builder_version=&#8220;4.16&#8243; max_width=&#8220;750px&#8220; module_alignment=&#8220;center&#8220; custom_padding=&#8220;33.5781px|0px|0|0px|false|false&#8220; animation_direction=&#8220;bottom&#8220; use_custom_width=&#8220;on&#8220; custom_width_px=&#8220;750px&#8220; global_colors_info=&#8220;{}&#8220;][et_pb_column type=&#8220;4_4&#8243; _builder_version=&#8220;4.16&#8243; custom_padding=&#8220;|||&#8220; global_colors_info=&#8220;{}&#8220; custom_padding__hover=&#8220;|||&#8220;][et_pb_text _builder_version=&#8220;4.16&#8243; text_font=&#8220;||||||||&#8220; text_font_size=&#8220;18px&#8220; text_line_height=&#8220;2em&#8220; link_font=&#8220;||||||||&#8220; ul_font=&#8220;||||||||&#8220; ol_font=&#8220;||||||||&#8220; quote_font=&#8220;||||||||&#8220; header_font=&#8220;||||||||&#8220; header_2_font=&#8220;||||||||&#8220; header_3_font=&#8220;|||on|||||&#8220; header_3_font_size=&#8220;20px&#8220; header_3_letter_spacing=&#8220;3px&#8220; header_3_line_height=&#8220;1.5em&#8220; header_4_font=&#8220;||||||||&#8220; text_orientation=&#8220;center&#8220; custom_margin_tablet=&#8220;||55px&#8220; custom_margin_phone=&#8220;||35px|&#8220; custom_margin_last_edited=&#8220;off|phone&#8220; text_font_size_tablet=&#8220;16px&#8220; text_font_size_phone=&#8220;14px&#8220; text_font_size_last_edited=&#8220;on|phone&#8220; text_line_height_last_edited=&#8220;off|desktop&#8220; global_colors_info=&#8220;{}&#8220;]<\/p>\n<p>Wir halten immer ein Glas Champagner, frisches Obst, Snacks und alkoholfreie Getr\u00e4nke f\u00fcr unsere G\u00e4ste bereit!<\/p>\n<p>Nichts \u00fcbertrifft das Gef\u00fchl einer wunderbaren Mahlzeit auf See. Wir werfen den Anker, stoppen die Motoren und genie\u00dfen die Natur, die Stille und k\u00f6stliche norwegische Meeresfr\u00fcchte an Bord. Wir versprechen Ihnen eine Erinnerung, die Sie nie vergessen werden.  <\/p>\n<p>[\/et_pb_text][et_pb_text _builder_version=&#8220;4.16&#8243; text_font=&#8220;||||||||&#8220; text_font_size=&#8220;18px&#8220; text_line_height=&#8220;2em&#8220; link_font=&#8220;||||||||&#8220; ul_font=&#8220;||||||||&#8220; ol_font=&#8220;||||||||&#8220; quote_font=&#8220;||||||||&#8220; header_font=&#8220;||||||||&#8220; header_2_font=&#8220;||||||||&#8220; header_3_font=&#8220;|||on|||||&#8220; header_3_font_size=&#8220;20px&#8220; header_3_letter_spacing=&#8220;3px&#8220; header_3_line_height=&#8220;1.5em&#8220; header_4_font=&#8220;||||||||&#8220; text_line_height_last_edited=&#8220;off|desktop&#8220; global_colors_info=&#8220;{}&#8220;][\/et_pb_text][\/et_pb_column][\/et_pb_row][et_pb_row _builder_version=&#8220;4.16&#8243; custom_padding=&#8220;33.5781px|0px|0|0px|false|false&#8220; global_colors_info=&#8220;{}&#8220;][et_pb_column type=&#8220;4_4&#8243; _builder_version=&#8220;4.16&#8243; custom_padding=&#8220;|||&#8220; global_colors_info=&#8220;{}&#8220; custom_padding__hover=&#8220;|||&#8220;][et_pb_gallery gallery_ids=&#8220;207529,207530,207532,207534,207535,207537,207539,207531&#8243; posts_number=&#8220;8&#8243; db_images_per_row=&#8220;4&#8243; db_image_row_spacing=&#8220;1%&#8220; dbdb_version=&#8220;3.8.7&#8243; show_title_and_caption=&#8220;off&#8220; show_pagination=&#8220;off&#8220; hover_overlay_color=&#8220;rgba(255,255,255,0.5)&#8220; disabled_on=&#8220;on|on|off&#8220; _builder_version=&#8220;4.24.0&#8243; background_color=&#8220;#ffffff&#8220; mix_blend_mode=&#8220;multiply&#8220; custom_css_main_element=&#8220;border: 10px solid #fff;  &#8220; global_colors_info=&#8220;{}&#8220; filter_saturate__hover=&#8220;100%&#8220;][\/et_pb_gallery][et_pb_gallery gallery_ids=&#8220;207529,207530,207531,207532,207078&#8243; fullwidth=&#8220;on&#8220; dbdb_version=&#8220;3.8.7&#8243; disabled_on=&#8220;off|off|on&#8220; _builder_version=&#8220;4.16&#8243; background_color=&#8220;#ffffff&#8220; custom_css_main_element=&#8220;border: 10px solid #fff;  &#8220; global_colors_info=&#8220;{}&#8220;][\/et_pb_gallery][\/et_pb_column][\/et_pb_row][\/et_pb_section][et_pb_section fb_built=&#8220;1&#8243; specialty=&#8220;on&#8220; background_color_2=&#8220;#ffffff&#8220; padding_top_2=&#8220;10px&#8220; padding_right_2=&#8220;40px&#8220; padding_bottom_2=&#8220;40px&#8220; padding_left_2=&#8220;40px&#8220; admin_label=&#8220;Featured&#8220; module_class=&#8220;SubDetails&#8220; _builder_version=&#8220;4.16&#8243; background_color=&#8220;#f4f4f4&#8243; background_enable_image=&#8220;off&#8220; custom_padding=&#8220;55px|0px|55px|0px|false|false&#8220; border_radii=&#8220;|||10px|10px&#8220; global_colors_info=&#8220;{}&#8220;][et_pb_column type=&#8220;1_2&#8243; specialty_columns=&#8220;2&#8243; _builder_version=&#8220;4.16&#8243; custom_padding=&#8220;|||&#8220; global_colors_info=&#8220;{}&#8220; custom_padding__hover=&#8220;|||&#8220;][et_pb_row_inner custom_padding_last_edited=&#8220;on|phone&#8220; _builder_version=&#8220;4.16&#8243; background_color=&#8220;#ffffff&#8220; custom_padding=&#8220;40px|40px|77px|40px|false|false&#8220; custom_padding_tablet=&#8220;||20px&#8220; custom_padding_phone=&#8220;&#8220; global_colors_info=&#8220;{}&#8220;][et_pb_column_inner saved_specialty_column_type=&#8220;1_2&#8243; _builder_version=&#8220;4.16&#8243; custom_padding=&#8220;|||&#8220; global_colors_info=&#8220;{}&#8220; custom_padding__hover=&#8220;|||&#8220;][et_pb_image src=&#8220;https:\/\/privatecruise.no\/wp-content\/uploads\/2019\/02\/The-boat-PrivateCruise-Stavanger-8.jpg&#8220; align_tablet=&#8220;center&#8220; align_phone=&#8220;&#8220; align_last_edited=&#8220;on|desktop&#8220; _builder_version=&#8220;4.16&#8243; global_colors_info=&#8220;{}&#8220;][\/et_pb_image][et_pb_text _builder_version=&#8220;4.27.0&#8243; text_font=&#8220;||||||||&#8220; text_font_size=&#8220;18px&#8220; text_line_height=&#8220;2em&#8220; link_font=&#8220;||||||||&#8220; ul_font=&#8220;||||||||&#8220; ol_font=&#8220;||||||||&#8220; quote_font=&#8220;||||||||&#8220; header_font=&#8220;||||||||&#8220; header_2_font=&#8220;||||||||&#8220; header_3_font=&#8220;|||on|||||&#8220; header_3_font_size=&#8220;42px&#8220; header_3_letter_spacing=&#8220;3px&#8220; header_3_line_height=&#8220;1.1em&#8220; header_4_font=&#8220;||||||||&#8220; max_width=&#8220;600px&#8220; custom_margin=&#8220;||&#8220; custom_padding=&#8220;||0px&#8220; hover_enabled=&#8220;0&#8243; text_line_height_last_edited=&#8220;off|desktop&#8220; header_3_font_size_tablet=&#8220;32px&#8220; header_3_font_size_phone=&#8220;24px&#8220; header_3_font_size_last_edited=&#8220;on|tablet&#8220; global_colors_info=&#8220;{}&#8220; sticky_enabled=&#8220;0&#8243;]<\/p>\n<h3>Was m\u00f6chten Sie?<\/h3>\n<p>[\/et_pb_text][et_pb_text _builder_version=&#8220;4.17.4&#8243; custom_margin=&#8220;-20px||&#8220; custom_padding=&#8220;0px||&#8220; global_colors_info=&#8220;{}&#8220;]<\/p>\n<p><strong>Wir haben eine gro\u00dfe Auswahl an Gerichten f\u00fcr Sie:<br \/><\/strong>&#8211; Fischcremesuppe (sehr empfehlenswert)<br \/>&#8211; Frische Garnelen, Salat und Brot<br \/>&#8211; Sushi Midori Deluxe<br \/>&#8211; Tapas-Teller <em><br \/><\/em><br \/>&#8211; <strong>Meeresfr\u00fcchte &#8222;deluxe&#8220;:<\/strong><br \/>Frische Shrimps, Blaumuscheln und K\u00f6nigskrabben<em> <\/em><\/p>\n<p>&#8211; <strong>Gourmetkoch (nur mit Barolo III Yacht)<\/strong><br \/>Die Preise h\u00e4ngen von den Mahlzeiten und den Vorlieben ab.<\/p>\n<p>Siehe unser <span style=\"text-decoration: underline;\"><strong><a href=\"https:\/\/privatecruise.no\/de\/private-kreuzfahrt-preise\/#foodprices\">Preise<\/a><\/strong><\/span> Seite f\u00fcr aktuelle Preise f\u00fcr Essen und Extras.<\/p>\n<p>[\/et_pb_text][\/et_pb_column_inner][\/et_pb_row_inner][\/et_pb_column][et_pb_column type=&#8220;1_2&#8243; _builder_version=&#8220;4.16&#8243; custom_padding=&#8220;|||&#8220; global_colors_info=&#8220;{}&#8220; custom_padding__hover=&#8220;|||&#8220;][et_pb_button button_url=&#8220;https:\/\/privatecruise.no\/?page_id=206991&#8243; button_text=&#8220;Die Yachten&#8220; button_alignment=&#8220;center&#8220; module_class=&#8220;hvr-grow&#8220; _builder_version=&#8220;4.16&#8243; custom_button=&#8220;on&#8220; button_text_size=&#8220;14px&#8220; button_text_color=&#8220;#ffffff&#8220; button_bg_color=&#8220;#000000&#8243; button_border_width=&#8220;0px&#8220; button_border_color=&#8220;rgba(0,0,0,0)&#8220; button_border_radius=&#8220;0px&#8220; button_letter_spacing=&#8220;2px&#8220; button_font=&#8220;|500||on|||||&#8220; button_use_icon=&#8220;off&#8220; custom_margin=&#8220;25px||||false|false&#8220; custom_padding=&#8220;16px|30px|16px|30px|true|true&#8220; button_text_size_tablet=&#8220;&#8220; button_text_size_phone=&#8220;12px&#8220; button_text_size_last_edited=&#8220;on|phone&#8220; custom_css_main_element=&#8220;width:100%;&#8220; box_shadow_style=&#8220;preset1&#8243; box_shadow_vertical=&#8220;10px&#8220; box_shadow_blur=&#8220;20px&#8220; box_shadow_color=&#8220;rgba(0,0,0,0.15)&#8220; global_colors_info=&#8220;{}&#8220; button_text_size__hover_enabled=&#8220;off&#8220; button_text_color__hover_enabled=&#8220;off&#8220; button_bg_color__hover=&#8220;#37313d&#8220; button_bg_color__hover_enabled=&#8220;on|desktop&#8220; button_border_width__hover_enabled=&#8220;off&#8220; button_border_color__hover=&#8220;#3d3d37&#8243; button_border_color__hover_enabled=&#8220;off&#8220; button_border_radius__hover_enabled=&#8220;off&#8220; button_letter_spacing__hover=&#8220;2px&#8220; button_letter_spacing__hover_enabled=&#8220;on&#8220;]<br \/>\n[\/et_pb_button][et_pb_button button_url=&#8220;https:\/\/privatecruise.no\/de\/faq\/&#8220; button_text=&#8220;FAQ&#8220; button_alignment=&#8220;center&#8220; module_class=&#8220;hvr-grow&#8220; _builder_version=&#8220;4.16&#8243; custom_button=&#8220;on&#8220; button_text_size=&#8220;14px&#8220; button_text_color=&#8220;#ffffff&#8220; button_bg_color=&#8220;#000000&#8243; button_border_width=&#8220;0px&#8220; button_border_color=&#8220;rgba(0,0,0,0)&#8220; button_border_radius=&#8220;0px&#8220; button_letter_spacing=&#8220;2px&#8220; button_font=&#8220;|500||on|||||&#8220; button_use_icon=&#8220;off&#8220; custom_padding=&#8220;16px|30px|16px|30px|true|true&#8220; button_text_size_tablet=&#8220;&#8220; button_text_size_phone=&#8220;12px&#8220; button_text_size_last_edited=&#8220;on|phone&#8220; custom_css_main_element=&#8220;width:100%;&#8220; box_shadow_style=&#8220;preset1&#8243; box_shadow_vertical=&#8220;10px&#8220; box_shadow_blur=&#8220;20px&#8220; box_shadow_color=&#8220;rgba(0,0,0,0.15)&#8220; global_colors_info=&#8220;{}&#8220; button_text_size__hover_enabled=&#8220;off&#8220; button_text_color__hover_enabled=&#8220;off&#8220; button_bg_color__hover=&#8220;#37313d&#8220; button_bg_color__hover_enabled=&#8220;on|desktop&#8220; button_border_width__hover_enabled=&#8220;off&#8220; button_border_color__hover=&#8220;#3d3d37&#8243; button_border_color__hover_enabled=&#8220;off&#8220; button_border_radius__hover_enabled=&#8220;off&#8220; button_letter_spacing__hover=&#8220;2px&#8220; button_letter_spacing__hover_enabled=&#8220;on&#8220;]<br \/>\n[\/et_pb_button][et_pb_button button_url=&#8220;https:\/\/privatecruise.no\/de\/private-kreuzfahrt-preise\/&#8220; button_text=&#8220;Preise&#8220; button_alignment=&#8220;center&#8220; module_class=&#8220;hvr-grow&#8220; _builder_version=&#8220;4.16&#8243; custom_button=&#8220;on&#8220; button_text_size=&#8220;14px&#8220; button_text_color=&#8220;#ffffff&#8220; button_bg_color=&#8220;#000000&#8243; button_border_width=&#8220;0px&#8220; button_border_color=&#8220;rgba(0,0,0,0)&#8220; button_border_radius=&#8220;0px&#8220; button_letter_spacing=&#8220;2px&#8220; button_font=&#8220;|500||on|||||&#8220; button_use_icon=&#8220;off&#8220; custom_padding=&#8220;16px|30px|16px|30px|true|true&#8220; button_text_size_tablet=&#8220;&#8220; button_text_size_phone=&#8220;12px&#8220; button_text_size_last_edited=&#8220;on|phone&#8220; custom_css_main_element=&#8220;width:100%;&#8220; box_shadow_style=&#8220;preset1&#8243; box_shadow_vertical=&#8220;10px&#8220; box_shadow_blur=&#8220;20px&#8220; box_shadow_color=&#8220;rgba(0,0,0,0.15)&#8220; global_colors_info=&#8220;{}&#8220; button_text_size__hover_enabled=&#8220;off&#8220; button_text_color__hover_enabled=&#8220;off&#8220; button_bg_color__hover=&#8220;#37313d&#8220; button_bg_color__hover_enabled=&#8220;on|desktop&#8220; button_border_width__hover_enabled=&#8220;off&#8220; button_border_color__hover=&#8220;#3d3d37&#8243; button_border_color__hover_enabled=&#8220;off&#8220; button_border_radius__hover_enabled=&#8220;off&#8220; button_letter_spacing__hover=&#8220;2px&#8220; button_letter_spacing__hover_enabled=&#8220;on&#8220;]<br \/>\n[\/et_pb_button][et_pb_button button_url=&#8220;https:\/\/privatecruise.no\/de\/anfrage\/&#8220; button_text=&#8220;Eine Anfrage senden&#8220; button_alignment=&#8220;center&#8220; module_class=&#8220;hvr-grow&#8220; _builder_version=&#8220;4.24.0&#8243; custom_button=&#8220;on&#8220; button_text_size=&#8220;14px&#8220; button_text_color=&#8220;#ffffff&#8220; button_bg_color=&#8220;#c49300&#8243; button_border_width=&#8220;0px&#8220; button_border_color=&#8220;rgba(0,0,0,0)&#8220; button_border_radius=&#8220;0px&#8220; button_letter_spacing=&#8220;2px&#8220; button_font=&#8220;|500||on|||||&#8220; button_use_icon=&#8220;off&#8220; custom_padding=&#8220;16px|30px|16px|30px|true|true&#8220; button_text_size_tablet=&#8220;&#8220; button_text_size_phone=&#8220;12px&#8220; button_text_size_last_edited=&#8220;on|phone&#8220; custom_css_main_element=&#8220;width:100%;&#8220; box_shadow_style=&#8220;preset1&#8243; box_shadow_vertical=&#8220;10px&#8220; box_shadow_blur=&#8220;20px&#8220; box_shadow_color=&#8220;rgba(0,0,0,0.15)&#8220; global_colors_info=&#8220;{}&#8220; button_text_size__hover_enabled=&#8220;off&#8220; button_text_color__hover_enabled=&#8220;off&#8220; button_bg_color__hover=&#8220;#37313d&#8220; button_bg_color__hover_enabled=&#8220;on|desktop&#8220; button_border_width__hover_enabled=&#8220;off&#8220; button_border_color__hover=&#8220;#3d3d37&#8243; button_border_color__hover_enabled=&#8220;off&#8220; button_border_radius__hover_enabled=&#8220;off&#8220; button_letter_spacing__hover=&#8220;2px&#8220; button_letter_spacing__hover_enabled=&#8220;on&#8220;]<br \/>\n[\/et_pb_button][et_pb_divider _builder_version=&#8220;4.16&#8243; custom_margin=&#8220;75px||&#8220; global_colors_info=&#8220;{}&#8220;]<br \/>\n[\/et_pb_divider][et_pb_text _builder_version=&#8220;4.16&#8243; header_font=&#8220;||||||||&#8220; header_3_font=&#8220;||||||||&#8220; header_3_font_size=&#8220;32px&#8220; header_3_font_size_tablet=&#8220;28px&#8220; header_3_font_size_phone=&#8220;&#8220; header_3_font_size_last_edited=&#8220;on|phone&#8220; global_colors_info=&#8220;{}&#8220;]<\/p>\n<h3><span style=\"text-decoration: underline;\"><strong>KONTAKTIEREN:  <\/strong><\/span><\/h3>\n<p><strong>Telefon: <\/strong><a href=\"Tel:+47%20934%2097%20707\" target=\"_blank\" rel=\"noopener noreferrer\">+47 934 97 707<\/a><\/p>\n<p><strong>E-Mail: <\/strong><a href=\"mailto:post@privatecruise.no\" target=\"_blank\" rel=\"noopener noreferrer\">post@privatecruise.no<\/a><\/p>\n<p><b>Wir haben 24 Stunden ge\u00f6ffnet &#8211; jeden Tag &#8211; das ganze Jahr<\/b><\/p>\n<p>[\/et_pb_text][et_pb_divider _builder_version=&#8220;4.16&#8243; height=&#8220;12px&#8220; custom_margin=&#8220;55px||&#8220; custom_padding_tablet=&#8220;||35px|&#8220; custom_padding_phone=&#8220;&#8220; custom_padding_last_edited=&#8220;on|phone&#8220; global_colors_info=&#8220;{}&#8220;]<br \/>\n[\/et_pb_divider][\/et_pb_column][\/et_pb_section][et_pb_section fb_built=&#8220;1&#8243; disabled_on=&#8220;off|off|off&#8220; admin_label=&#8220;Seksjon&#8220; _builder_version=&#8220;4.2.2&#8243; z_index=&#8220;500&#8243; custom_margin=&#8220;5px|0px|5px|0px&#8220; custom_padding=&#8220;0px|0px|0px|0px&#8220; global_module=&#8220;208406&#8243; saved_tabs=&#8220;all&#8220; collapsed=&#8220;off&#8220; global_colors_info=&#8220;{}&#8220;][et_pb_row _builder_version=&#8220;4.16&#8243; z_index=&#8220;500&#8243; custom_margin=&#8220;0px|0px|0px|0px|false|false&#8220; custom_padding=&#8220;0px|0px|0px|0px|false|false&#8220; global_colors_info=&#8220;{}&#8220;][et_pb_column type=&#8220;4_4&#8243; _builder_version=&#8220;4.16&#8243; global_colors_info=&#8220;{}&#8220;][et_pb_social_media_follow use_icon_font_size=&#8220;on&#8220; icon_font_size=&#8220;24px&#8220; icon_font_size_tablet=&#8220;&#8220; icon_font_size_phone=&#8220;18px&#8220; icon_font_size_last_edited=&#8220;on|phone&#8220; _builder_version=&#8220;4.16&#8243; transform_rotate=&#8220;0deg|0deg|90deg&#8220; positioning=&#8220;fixed&#8220; position_origin_f=&#8220;top_right&#8220; vertical_offset=&#8220;178px&#8220; horizontal_offset=&#8220;-14px&#8220; z_index=&#8220;500&#8243; vertical_offset_tablet=&#8220;111px&#8220; vertical_offset_phone=&#8220;24px&#8220; vertical_offset_last_edited=&#8220;on|phone&#8220; position_origin_a_tablet=&#8220;&#8220; position_origin_a_phone=&#8220;&#8220; position_origin_a_last_edited=&#8220;on|desktop&#8220; position_origin_f_tablet=&#8220;&#8220; position_origin_f_phone=&#8220;bottom_left&#8220; position_origin_f_last_edited=&#8220;on|tablet&#8220; position_origin_r_tablet=&#8220;&#8220; position_origin_r_phone=&#8220;&#8220; position_origin_r_last_edited=&#8220;on|desktop&#8220; positioning_tablet=&#8220;&#8220; positioning_phone=&#8220;&#8220; positioning_last_edited=&#8220;on|desktop&#8220; global_colors_info=&#8220;{}&#8220;][et_pb_social_media_follow_network social_network=&#8220;facebook&#8220; url=&#8220;https:\/\/www.facebook.com\/privatecruise.no\/&#8220; _builder_version=&#8220;4.16&#8243; background_color=&#8220;#3b5998&#8243; transform_translate=&#8220;-2px|-4px&#8220; transform_translate_linked=&#8220;off&#8220; transform_rotate=&#8220;0deg|0deg|270deg&#8220; global_colors_info=&#8220;{}&#8220; follow_button=&#8220;off&#8220; url_new_window=&#8220;on&#8220;]Facebook[\/et_pb_social_media_follow_network][et_pb_social_media_follow_network social_network=&#8220;instagram&#8220; url=&#8220;https:\/\/www.instagram.com\/privatecruise\/&#8220; _builder_version=&#8220;4.16&#8243; background_color=&#8220;#ea2c59&#8243; transform_rotate=&#8220;0deg|0deg|270deg&#8220; global_colors_info=&#8220;{}&#8220; follow_button=&#8220;off&#8220; url_new_window=&#8220;on&#8220;]instagram[\/et_pb_social_media_follow_network][\/et_pb_social_media_follow][\/et_pb_column][\/et_pb_row][\/et_pb_section]<\/p>\n","protected":false},"excerpt":{"rendered":"<p>Eine wunderbare Mahlzeit auf See Essen &amp; TrinkenWir halten immer ein Glas Champagner, frisches Obst, Snacks und alkoholfreie Getr\u00e4nke f\u00fcr unsere G\u00e4ste bereit! Nichts \u00fcbertrifft das Gef\u00fchl einer wunderbaren Mahlzeit auf See. Wir werfen den Anker, stoppen die Motoren und genie\u00dfen die Natur, die Stille und k\u00f6stliche norwegische Meeresfr\u00fcchte an Bord. Wir versprechen Ihnen eine [&hellip;]<\/p>\n","protected":false},"author":6,"featured_media":0,"parent":0,"menu_order":0,"comment_status":"closed","ping_status":"closed","template":"","meta":{"_et_pb_use_builder":"on","_et_pb_old_content":"","_et_gb_content_width":"","footnotes":""},"class_list":["post-222911","page","type-page","status-publish","hentry"],"_links":{"self":[{"href":"https:\/\/privatecruise.no\/de\/wp-json\/wp\/v2\/pages\/222911","targetHints":{"allow":["GET"]}}],"collection":[{"href":"https:\/\/privatecruise.no\/de\/wp-json\/wp\/v2\/pages"}],"about":[{"href":"https:\/\/privatecruise.no\/de\/wp-json\/wp\/v2\/types\/page"}],"author":[{"embeddable":true,"href":"https:\/\/privatecruise.no\/de\/wp-json\/wp\/v2\/users\/6"}],"replies":[{"embeddable":true,"href":"https:\/\/privatecruise.no\/de\/wp-json\/wp\/v2\/comments?post=222911"}],"version-history":[{"count":5,"href":"https:\/\/privatecruise.no\/de\/wp-json\/wp\/v2\/pages\/222911\/revisions"}],"predecessor-version":[{"id":222930,"href":"https:\/\/privatecruise.no\/de\/wp-json\/wp\/v2\/pages\/222911\/revisions\/222930"}],"wp:attachment":[{"href":"https:\/\/privatecruise.no\/de\/wp-json\/wp\/v2\/media?parent=222911"}],"curies":[{"name":"wp","href":"https:\/\/api.w.org\/{rel}","templated":true}]}}