{"id":222459,"date":"2019-02-21T20:04:07","date_gmt":"2019-02-21T19:04:07","guid":{"rendered":"https:\/\/privatecruise.no\/cookies-und-datenschutz\/"},"modified":"2025-03-27T14:30:51","modified_gmt":"2025-03-27T13:30:51","slug":"cookies-und-datenschutz","status":"publish","type":"page","link":"https:\/\/privatecruise.no\/de\/cookies-und-datenschutz\/","title":{"rendered":"Cookies und Datenschutz"},"content":{"rendered":"<p>[et_pb_section fb_built=&#8220;1&#8243; specialty=&#8220;on&#8220; custom_padding_last_edited=&#8220;on|phone&#8220; module_class=&#8220;topSub&#8220; _builder_version=&#8220;3.22.3&#8243; background_image=&#8220;https:\/\/privatecruise.no\/wp-content\/uploads\/2019\/01\/20160816_082959-1.jpg&#8220; custom_margin=&#8220;||&#8220; custom_padding=&#8220;110px||110px||true|false&#8220; custom_padding_tablet=&#8220;100px||100px|&#8220; custom_padding_phone=&#8220;75px||75px|&#8220;][et_pb_column type=&#8220;1_2&#8243; specialty_columns=&#8220;2&#8243; _builder_version=&#8220;3.0.47&#8243; parallax__hover=&#8220;off&#8220; parallax_method__hover=&#8220;on&#8220;][\/et_pb_column][et_pb_column type=&#8220;1_2&#8243; _builder_version=&#8220;3.0.47&#8243; parallax__hover=&#8220;off&#8220; parallax_method__hover=&#8220;on&#8220;][\/et_pb_column][\/et_pb_section][et_pb_section fb_built=&#8220;1&#8243; _builder_version=&#8220;3.22.3&#8243; custom_padding=&#8220;0|0px|67.1562px|0px|false|false&#8220;][et_pb_row custom_padding=&#8220;33.5938px|0px|24px|0px|false|false&#8220; custom_padding_phone=&#8220;||0px&#8220; custom_padding_last_edited=&#8220;on|desktop&#8220; _builder_version=&#8220;3.22.3&#8243; custom_margin_last_edited=&#8220;on|phone&#8220; animation_style=&#8220;slide&#8220; animation_direction=&#8220;bottom&#8220; animation_intensity_slide=&#8220;5%&#8220;][et_pb_column type=&#8220;4_4&#8243; _builder_version=&#8220;3.0.47&#8243;][et_pb_text _builder_version=&#8220;3.19.11&#8243; text_font=&#8220;||||||||&#8220; header_font=&#8220;|700|||||||&#8220; header_font_size=&#8220;50px&#8220; header_line_height=&#8220;1.5em&#8220; header_2_font=&#8220;|700|||||||&#8220; header_2_font_size=&#8220;50px&#8220; header_2_line_height=&#8220;1.5em&#8220; header_5_font=&#8220;|||on|||||&#8220; header_5_text_color=&#8220;rgba(0,0,0,0.4)&#8220; header_5_font_size=&#8220;20px&#8220; header_5_letter_spacing=&#8220;3px&#8220; background_color=&#8220;#ffffff&#8220; box_shadow_style=&#8220;preset3&#8243; box_shadow_vertical=&#8220;-15px&#8220; text_orientation=&#8220;center&#8220; max_width=&#8220;600px&#8220; module_alignment=&#8220;center&#8220; custom_margin=&#8220;-75px||0px&#8220; custom_padding=&#8220;35px||0px&#8220; text_line_height_last_edited=&#8220;off|desktop&#8220; header_font_size_tablet=&#8220;32px&#8220; header_font_size_phone=&#8220;28px&#8220; header_font_size_last_edited=&#8220;on|phone&#8220; header_2_font_size_tablet=&#8220;32px&#8220; header_2_font_size_phone=&#8220;28px&#8220; header_2_font_size_last_edited=&#8220;on|phone&#8220;]<\/p>\n<h5>Ihre Privatsph\u00e4re ist wichtig<\/h5>\n<h1>Informationen zu Cookies &amp; Datenschutz<\/h1>\n<p>[\/et_pb_text][et_pb_text _builder_version=&#8220;3.23.3&#8243; text_font=&#8220;||||||||&#8220; text_font_size=&#8220;10px&#8220; text_orientation=&#8220;center&#8220; custom_margin=&#8220;||0px|&#8220;]<\/p>\n<p><em>Zuletzt aktualisiert am: 23.06.2019 &#8211; Facebook Pixel hinzugef\u00fcgt<\/em><\/p>\n<p>[\/et_pb_text][\/et_pb_column][\/et_pb_row][et_pb_row _builder_version=&#8220;3.22.3&#8243;][et_pb_column type=&#8220;4_4&#8243; _builder_version=&#8220;3.0.47&#8243;][et_pb_text _builder_version=&#8220;3.9&#8243; text_font=&#8220;||||||||&#8220; max_width=&#8220;850px&#8220; module_alignment=&#8220;center&#8220;]<\/p>\n<h1 style=\"text-align: center\">Datenschutzrichtlinie und Cookies<\/h1>\n<p style=\"text-align: center\"><strong>Personenbezogene Daten sind Daten und Bewertungen, die mit einer Person in Verbindung gebracht werden k\u00f6nnen. Dabei kann es sich zum Beispiel um den Namen, den Wohnort, die Telefonnummer, die E-Mail-Adresse und die IP-Adresse oder eine Kombination davon handeln, so dass Sie nachvollziehen k\u00f6nnen, wer hinter den Daten steht. Auf dieser Website protokollieren wir anonyme Statistiken \u00fcber alle Besucher. Wir verwenden Cookies in erster Linie zur Messung des Datenverkehrs und zur Optimierung der Inhalte. Diese Informationen k\u00f6nnen nicht zu Ihnen als Person zur\u00fcckverfolgt werden.    <\/strong><\/p>\n<p>[\/et_pb_text][\/et_pb_column][\/et_pb_row][et_pb_row custom_padding=&#8220;4px|0px|27px|0px|false|false&#8220; _builder_version=&#8220;3.22.3&#8243; background_size=&#8220;initial&#8220; background_position=&#8220;top_left&#8220; background_repeat=&#8220;repeat&#8220;][et_pb_column type=&#8220;1_2&#8243; _builder_version=&#8220;3.0.47&#8243;][et_pb_text _builder_version=&#8220;3.11.1&#8243; background_size=&#8220;initial&#8220; background_position=&#8220;top_left&#8220; background_repeat=&#8220;repeat&#8220;]<\/p>\n<p>Jede Verwendung personenbezogener Daten wird als Verarbeitung personenbezogener Informationen betrachtet, wie z.B. das Sammeln, Registrieren, Zusammenstellen, Speichern und Weitergeben oder eine Kombination davon. Die Verarbeitung personenbezogener Daten wird durch das Gesetz \u00fcber personenbezogene Daten geregelt. <\/p>\n<p><strong>Private Cruise<\/strong> ist f\u00fcr die Verarbeitung personenbezogener Daten verantwortlich, die im Zusammenhang mit der Nutzung unserer Dienstleistungen und Produkte verarbeitet werden, sowie f\u00fcr personenbezogene Daten, die wir zu den unten genannten Zwecken sammeln und verarbeiten. Die Tatsache, dass <strong>Private Cruise<\/strong> <strong> <\/strong>ist der Verantwortliche f\u00fcr die Behandlung, was in erster Linie bedeutet, dass <strong>Private Cruise<\/strong> in Bezug auf das Gesetz \u00fcber pers\u00f6nliche Daten auf dieser Website und deren Inhalt verantwortlich ist.<\/p>\n<p>[\/et_pb_text][\/et_pb_column][et_pb_column type=&#8220;1_2&#8243; _builder_version=&#8220;3.0.47&#8243;][et_pb_text _builder_version=&#8220;3.11.1&#8243; background_size=&#8220;initial&#8220; background_position=&#8220;top_left&#8220; background_repeat=&#8220;repeat&#8220;]<\/p>\n<p>Wenn <strong>Private Cruise<\/strong> ein anderes Unternehmen w\u00e4hlt, das f\u00fcr die Verarbeitung personenbezogener Informationen, d.h. Daten \u00fcber Sie, verantwortlich ist, nennen wir es einen Datenverarbeiter. In den F\u00e4llen, in denen wir Datenanbieter einsetzen, stellen wir sicher, dass wir Datenverarbeitungsvertr\u00e4ge abgeschlossen haben, die regeln, wie der Datenverarbeiter die frei werdenden Daten verarbeiten kann. Die Vorgabe hierf\u00fcr ist, dass die Vereinbarung mit dem Datenverarbeiter nur personenbezogene Daten im Auftrag von <strong>Private Cruise<\/strong> und f\u00fcr klar definierte Zwecke verarbeiten darf, wie es die Verordnung \u00fcber die Verarbeitung personenbezogener Daten verlangt.  <\/p>\n<p>[\/et_pb_text][\/et_pb_column][\/et_pb_row][et_pb_row custom_padding=&#8220;0|0px|0|0px|false|false&#8220; _builder_version=&#8220;3.22.3&#8243;][et_pb_column type=&#8220;4_4&#8243; _builder_version=&#8220;3.0.47&#8243;][et_pb_divider divider_weight=&#8220;3px&#8220; _builder_version=&#8220;3.9&#8243; max_width=&#8220;65%&#8220; module_alignment=&#8220;center&#8220;][\/et_pb_divider][\/et_pb_column][\/et_pb_row][et_pb_row custom_padding=&#8220;4px|0px|27px|0px|false|false&#8220; _builder_version=&#8220;3.22.3&#8243; background_size=&#8220;initial&#8220; background_position=&#8220;top_left&#8220; background_repeat=&#8220;repeat&#8220;][et_pb_column type=&#8220;1_2&#8243; _builder_version=&#8220;3.0.47&#8243;][et_pb_text _builder_version=&#8220;3.19.15&#8243; background_size=&#8220;initial&#8220; background_position=&#8220;top_left&#8220; background_repeat=&#8220;repeat&#8220;]<\/p>\n<p><strong>Verwenden wir &#8218;Cookies&#8216;?<\/strong><\/p>\n<p>Ja. Cookies sind kleine Dateien, die eine Website oder ihr Dienstanbieter \u00fcber Ihren Webbrowser auf die Festplatte Ihres Computers \u00fcbertr\u00e4gt (sofern Sie dies zulassen) und die es den Systemen der Website oder des Dienstanbieters erm\u00f6glichen, Ihren Browser zu erkennen und bestimmte Informationen zu erfassen und zu speichern. Sie helfen uns, Ihre Pr\u00e4ferenzen auf der Grundlage fr\u00fcherer oder aktueller Website-Aktivit\u00e4ten zu verstehen, was es uns erm\u00f6glicht, Ihnen verbesserte Dienste anzubieten. Wir verwenden Cookies auch, um aggregierte Daten \u00fcber den Website-Verkehr und die Interaktion mit der Website zu sammeln, damit wir in Zukunft bessere Website-Erfahrungen und -Tools anbieten k\u00f6nnen.   <\/p>\n<p><strong>Wir verwenden Cookies, um:<\/strong><br \/> &#8211; Die Pr\u00e4ferenzen des Benutzers f\u00fcr zuk\u00fcnftige Besuche zu verstehen und zu speichern.<br \/> &#8211; Zusammenfassende Daten \u00fcber den Website-Verkehr und die Interaktionen auf der Website zu sammeln, um in Zukunft bessere Website-Erlebnisse und -Tools anbieten zu k\u00f6nnen. Wir k\u00f6nnen auch vertrauensw\u00fcrdige Dienste von Dritten nutzen, die diese Informationen in unserem Namen verfolgen. <\/p>\n<p>Sie k\u00f6nnen w\u00e4hlen, ob Ihr Computer Sie jedes Mal warnen soll, wenn ein Cookie gesendet wird, oder ob Sie alle Cookies deaktivieren m\u00f6chten. Sie tun dies \u00fcber Ihre Browsereinstellungen. Da jeder Browser ein wenig anders ist, sollten Sie im Hilfemen\u00fc Ihres Browsers nachsehen, wie Sie Ihre Cookies korrekt \u00e4ndern k\u00f6nnen.  <\/p>\n<p>Wenn Sie Cookies deaktivieren, kann es sein, dass einige der Funktionen, die Ihr Website-Erlebnis effizienter machen, nicht richtig funktionieren.<\/p>\n<p>&nbsp;<\/p>\n<p>[\/et_pb_text][\/et_pb_column][et_pb_column type=&#8220;1_2&#8243; _builder_version=&#8220;3.0.47&#8243;][et_pb_text _builder_version=&#8220;3.19.15&#8243; background_size=&#8220;initial&#8220; background_position=&#8220;top_left&#8220; background_repeat=&#8220;repeat&#8220;]<\/p>\n<p><b>Welche Cookies verwenden wir?<\/b><\/p>\n<p>Wir verwenden das Tool Google Analytics, um den Verkehr, die Nutzungsmuster und die Trends auf dieser Website zu untersuchen. Die gesammelten Daten werden verwendet, um das Benutzererlebnis zu optimieren und den Inhalt der Website anzupassen. Gem\u00e4\u00df den Richtlinien von Google Analytic sammeln wir keine pers\u00f6nlichen Informationen \u00fcber Sie als Nutzer. Die erfassten Daten werden auf den Servern von Google gespeichert.   <\/p>\n<p>Wir verwenden auch den Facebook Pixel, um unsere Facebook-Werbung zu verfolgen und den Traffic auf unserer Webseite zu messen.  <\/p>\n<p><b>Wie Sie Cookies l\u00f6schen<\/b><\/p>\n<p>Normalerweise sind die meisten Browser so eingestellt, dass sie Cookies akzeptieren. Wir weisen darauf hin, dass Sie Cookies l\u00f6schen k\u00f6nnen, indem Sie die Anweisungen zum L\u00f6schen von Cookies in Ihrem Browser befolgen. Informationen dazu finden Sie in der &#8222;Hilfe&#8220;-Funktion Ihres Browsers. Bitte beachten Sie, dass die Einschr\u00e4nkung des Zugriffs auf Cookies die Funktionalit\u00e4t unserer Website beeintr\u00e4chtigen kann.   <\/p>\n<p>Befolgen Sie diese Anweisungen:<\/p>\n<p><strong>Internet Explorer:<\/strong> <a href=\"https:\/\/support.microsoft.com\/en-us\/kb\/278835#\/en-us\/kb\/278835\" target=\"_blank\" rel=\"noopener\">https:\/\/support.microsoft.com\/en-us\/kb\/278835#\/en-us\/kb\/278835<\/a><br \/> <strong>Chrome:<\/strong> <a href=\"https:\/\/support.google.com\/chrome\/answer\/95647?hl=no\" target=\"_blank\" rel=\"noopener\">https:\/\/support.google.com\/chrome\/answer\/95647?hl=no<\/a><br \/> <strong>Safari:<\/strong> <a href=\"https:\/\/support.apple.com\/kb\/PH17191?locale=no_NO\" target=\"_blank\" rel=\"noopener\">https:\/\/support.apple.com\/kb\/PH17191?locale=no_NO<\/a><br \/> <strong>Firefox:<\/strong> <a href=\"https:\/\/support.mozilla.org\/no\/kb\/delete-cookies-remove-info-websites-stored\" target=\"_blank\" rel=\"noopener\">https:\/\/support.mozilla.org\/no\/kb\/delete-cookies-remove-info-websites-stored<\/a><\/p>\n<p>[\/et_pb_text][\/et_pb_column][\/et_pb_row][et_pb_row custom_padding=&#8220;0|0px|0|0px|false|false&#8220; _builder_version=&#8220;3.22.3&#8243;][et_pb_column type=&#8220;4_4&#8243; _builder_version=&#8220;3.0.47&#8243;][et_pb_image src=&#8220;https:\/\/privatecruise.no\/wp-content\/uploads\/2019\/02\/analytics.jpg&#8220; align_tablet=&#8220;center&#8220; align_last_edited=&#8220;on|desktop&#8220; _builder_version=&#8220;3.23&#8243;][\/et_pb_image][et_pb_divider divider_weight=&#8220;3px&#8220; _builder_version=&#8220;3.9&#8243; max_width=&#8220;65%&#8220; module_alignment=&#8220;center&#8220;][\/et_pb_divider][\/et_pb_column][\/et_pb_row][et_pb_row custom_padding=&#8220;27px|0px|17px|0px|false|false&#8220; _builder_version=&#8220;3.22.3&#8243;][et_pb_column type=&#8220;1_2&#8243; _builder_version=&#8220;3.0.47&#8243;][et_pb_text _builder_version=&#8220;3.11.1&#8243;]<\/p>\n<h4>Wie sammeln wir Informationen \u00fcber Sie?<\/h4>\n<p>Bei den meisten unserer Daten \u00fcber Sie handelt es sich um Daten, die generiert werden, wenn Sie einen unserer Dienste nutzen. Beispiele hierf\u00fcr sind: Seitenaufrufe und Informationen \u00fcber Ihr Ger\u00e4t (PC, Handy, Tablet). <\/p>\n<p><strong>1. Informationen, die Sie mit uns teilen<\/strong><br \/> Wenn Sie ein Formular verwenden, geben Sie einige Daten an, die bei uns gespeichert werden. Diese Informationen werden in unseren Datenbanken gespeichert, da wir in der Lage sein sollten, auf Ihre Kontaktanfrage zu antworten. <\/p>\n<p><strong>2. Durch die Nutzung der Dienste gesammelte Informationen<\/strong><br \/> Wenn Sie unsere Dienste nutzen, zeichnen wir die Informationen dar\u00fcber auf, welche Dienste Sie nutzen und wie Sie sie nutzen. Wir tun dies, um die M\u00f6glichkeit zu haben, unsere Benutzererfahrung, den Inhalt unserer Dienste und die Betrugspr\u00e4vention zu verbessern und Inhalte und Anzeigen an Ihr Nutzungs- und Interessenverhalten anzupassen. <\/p>\n<p><strong>3. Informationen aus anderen Quellen<\/strong><br \/> Wir k\u00f6nnen Informationen aus anderen Quellen erhalten, wie z.B. von Werbenetzwerken, Kunden, Targeting-Tools oder anderen Dritten, um uns oder ihnen zu helfen, Ihr Nutzungsverhalten und Ihre Vorlieben zu verstehen oder allgemein die von uns angebotenen Dienste zu verbessern, damit sie besser auf Ihre Bed\u00fcrfnisse und Interessen zugeschnitten sind.<\/p>\n<p>&nbsp;<\/p>\n<h4>Wie verwenden wir die Informationen, die wir \u00fcber Sie gesammelt haben?<\/h4>\n<p>Wir haben alle pers\u00f6nlichen Daten gesammelt, um unsere Dienstleistungen und Produkte zu verstehen und zu verbessern, damit Sie die beste Benutzererfahrung auf unseren Websites machen k\u00f6nnen. <strong>Private Cruise<\/strong> arbeitet st\u00e4ndig daran, Ihnen die bestm\u00f6gliche Erfahrung mit unseren verf\u00fcgbaren Diensten zu bieten. Zu diesem Zweck k\u00f6nnen wir die von uns gesammelten pers\u00f6nlichen Daten verwenden: <\/p>\n<p><em>&#8211; Um ein Gesch\u00e4ft mit Ihnen abzuschlie\u00dfen und die Dienste so gut wie m\u00f6glich zu gestalten<\/em><br \/><strong>Private Cruise<\/strong> verarbeitet personenbezogene Informationen und andere Arten von Daten, um die mit Ihnen vereinbarten Dienstleistungen zu erbringen. Wir verwenden die Daten auch, um das beste Benutzererlebnis f\u00fcr Sie zu gew\u00e4hrleisten, indem wir die automatische Anmeldung, die Anpassung der Inhaltsansicht Ihres Bildschirms und das schnellstm\u00f6gliche Laden der Seite sicherstellen. <\/p>\n<p>&#8211; <em> F\u00fcr statistische Zwecke und zum Verst\u00e4ndnis von Markttrends<\/em><br \/>Wir erstellen Statistiken und zeichnen Markttrends auf, um unsere Websites zu verbessern und weiterzuentwickeln.<\/p>\n<p>&#8211; <em> Zur Personalisierung von Diensten &#8211; Auf Sie zugeschnittene Dienste<\/em><br \/>Wir m\u00f6chten Ihnen die M\u00f6glichkeit geben, ma\u00dfgeschneiderte Inhalte und Anpassungen zu erhalten. Wir tun dies, indem wir Ihre Daten zum Nutzerverhalten oder Ihre Vorlieben oder andere verf\u00fcgbare Informationen nutzen. Dies kann uns etwas \u00fcber Ihre Bed\u00fcrfnisse und W\u00fcnsche verraten, z. B. das Entfernen von Beitr\u00e4gen, die Sie bereits gelesen haben, von der Startseite oder das Anzeigen von Bewertungen empfohlener Artikel, und wir k\u00f6nnen Ihnen Empfehlungen zu Inhalten oder Diensten auf der Grundlage dessen geben, was Sie gelesen oder gekauft haben. Wir geben Ihnen auch Empfehlungen auf der Grundlage dessen, was andere Nutzer mit \u00e4hnlichem Nutzungsverhalten wie Sie gelesen haben.   <\/p>\n<p>[\/et_pb_text][\/et_pb_column][et_pb_column type=&#8220;1_2&#8243; _builder_version=&#8220;3.0.47&#8243;][et_pb_text _builder_version=&#8220;3.11.1&#8243;]<\/p>\n<h4>Informationen \u00fcber Marketing in E-Mail und Text<\/h4>\n<p>Wenn Sie eine aktive Kundenbeziehung zu <strong>Private Cruise<\/strong> haben, k\u00f6nnen wir Ihnen Marketing per E-Mail oder andere elektronische Kommunikationsmethoden im Rahmen des Marketinggesetzes zusenden, sofern Sie nichts anderes beantragt haben. Wenn Sie keine aktive Kundenbeziehung zu uns haben, werden wir Ihnen nur dann solche Werbung schicken, wenn Sie uns eine ausdr\u00fcckliche und informierte Zustimmung gegeben haben. <\/p>\n<h4>Wie werden diese Informationen weitergegeben?<\/h4>\n<p>In einigen F\u00e4llen geben wir Informationen auch an Partnerunternehmen weiter, die diese Informationen nutzen, um gezielte Inhalte und\/oder Angebote \u00fcber ihre Dienste zu vermitteln. Wir schlie\u00dfen dann Vereinbarungen ab, die den Zugriff auf die Verwendung der Informationen einschr\u00e4nken und Verpflichtungen zur Einhaltung der geltenden Datenschutzgesetze festlegen. <\/p>\n<p>Wenn der Verdacht besteht, dass im Zusammenhang mit der Nutzung der Dienste eine Straftat begangen wurde, k\u00f6nnen die Informationen auf Anfrage an Beh\u00f6rden weitergegeben werden.<\/p>\n<p>Wir werden pers\u00f6nliche Daten nicht weitergeben, verkaufen oder \u00fcbermitteln, au\u00dfer wie in dieser Datenschutzerkl\u00e4rung beschrieben.<\/p>\n<h4>Berichtigung und L\u00f6schung von pers\u00f6nlichen Daten<\/h4>\n<p>Es ist wichtig, dass die Informationen, die wir \u00fcber Sie sammeln, korrekt und auf dem neuesten Stand sind. Wenn Sie einen Fehler bemerken, bitten wir Sie, uns zu kontaktieren, damit die Informationen korrigiert werden k\u00f6nnen. Sie k\u00f6nnen sich auch an uns wenden, wenn Sie w\u00fcnschen, dass die Informationen gel\u00f6scht werden.  <\/p>\n<p>Wir speichern keine personenbezogenen Daten, die \u00fcber das hinausgehen, was zur Erf\u00fcllung des Zwecks der Verarbeitung und unserer gesetzlichen Pflichten, z. B. gem\u00e4\u00df dem Rechnungslegungsgesetz, erforderlich ist.<\/p>\n<h4>Unsere Analyse und Tools von Drittanbietern<\/h4>\n<p><strong>Private Cruise<\/strong> verwendet Analysetools, um Informationen dar\u00fcber zu sammeln, wie unsere Dienste genutzt werden. Wir verwenden Google Analytics, wo wir die Anzahl der Besucher, die besuchten Seiten, die Dauer eines Besuchs und \u00c4hnliches messen. <\/p>\n<p>Statistiken \u00fcber Nutzer und Datenverkehr werden in der Regel in aggregierter Form verwendet. Die Statistiken enthalten also keine Informationen, die direkt mit Ihnen als identifizierter Person in Verbindung gebracht werden k\u00f6nnen. IP-Adressen sind anonym.   <\/p>\n<h4>\u00dcber den Schutz der Privatsph\u00e4re von Kindern<\/h4>\n<p><strong>Private Cruise<\/strong> m\u00f6chte keine pers\u00f6nlichen Daten von Kindern unter 15 Jahren sammeln oder anderweitig behandeln.<\/p>\n<p>Wenn Kinder unter 15 Jahren uns dennoch personenbezogene Daten zur Verf\u00fcgung gestellt haben, werden wir diese Daten l\u00f6schen, sobald wir von der Beziehung Kenntnis erlangen.<\/p>\n<p>[\/et_pb_text][\/et_pb_column][\/et_pb_row][et_pb_row custom_padding=&#8220;0|0px|8px|0px|false|false&#8220; _builder_version=&#8220;3.22.3&#8243;][et_pb_column type=&#8220;4_4&#8243; _builder_version=&#8220;3.0.47&#8243;][et_pb_divider divider_weight=&#8220;3px&#8220; _builder_version=&#8220;3.9&#8243; max_width=&#8220;65%&#8220; module_alignment=&#8220;center&#8220;][\/et_pb_divider][\/et_pb_column][\/et_pb_row][et_pb_row _builder_version=&#8220;3.22.3&#8243;][et_pb_column type=&#8220;4_4&#8243; _builder_version=&#8220;3.0.47&#8243;][et_pb_text _builder_version=&#8220;3.11.1&#8243;]<\/p>\n<h4>\u00c4nderungen an den Datenschutzbestimmungen<\/h4>\n<p>Wir werden die Datenschutzerkl\u00e4rung f\u00fcr <strong>Private Cruise<\/strong> Services in regelm\u00e4\u00dfigen Abst\u00e4nden aktualisieren, um etwaige \u00c4nderungen an den Websites zu ber\u00fccksichtigen. Wenn wir die Datenschutzerkl\u00e4rung aktualisieren, wird die neue Erkl\u00e4rung 14 Tage vor den \u00c4nderungen auf den Websites ver\u00f6ffentlicht. Wir werden Sie \u00fcber die \u00c4nderungen bei den betroffenen Diensten informieren.  <\/p>\n<h4>Kontakt<\/h4>\n<p>Wenn Sie Fragen zur Datenschutzerkl\u00e4rung haben, kontaktieren Sie uns bitte unter:<\/p>\n<p>E-Mail: <b><a href=\"mailto:post@privatecruise.no\">post@privatecruise.no<\/a> <\/b> <\/p>\n<p>[\/et_pb_text][\/et_pb_column][\/et_pb_row][\/et_pb_section][et_pb_section fb_built=&#8220;1&#8243; disabled_on=&#8220;on|on|off&#8220; _builder_version=&#8220;3.22.3&#8243; custom_margin=&#8220;5px|0px|0px|0px&#8220; custom_padding=&#8220;0px|0px|0px|0px&#8220;][et_pb_row use_custom_gutter=&#8220;on&#8220; gutter_width=&#8220;1&#8243; custom_padding=&#8220;0px|0px|0px|0px&#8220; custom_margin=&#8220;0px|0px|0px|0px&#8220; make_equal=&#8220;on&#8220; module_class=&#8220; et_pb_row_fullwidth&#8220; _builder_version=&#8220;3.22.3&#8243; width=&#8220;100%&#8220; width_tablet=&#8220;100%&#8220; width_last_edited=&#8220;on|desktop&#8220; max_width=&#8220;100%&#8220; max_width_tablet=&#8220;100%&#8220; max_width_last_edited=&#8220;on|desktop&#8220; module_alignment=&#8220;center&#8220; make_fullwidth=&#8220;on&#8220;][et_pb_column type=&#8220;4_4&#8243; _builder_version=&#8220;3.0.47&#8243;][et_pb_gallery gallery_ids=&#8220;206771,206664,206662,206654,206634,206642,206651,206644&#8243; posts_number=&#8220;8&#8243; db_images_per_row=&#8220;8&#8243; db_image_max_width_tablet=&#8220;51&#8243; db_image_max_height_tablet=&#8220;501&#8243; db_image_row_spacing_tablet=&#8220;51&#8243; db_image_center_titles=&#8220;left&#8220; db_image_object_fit=&#8220;initial&#8220; show_title_and_caption=&#8220;off&#8220; show_pagination=&#8220;off&#8220; _builder_version=&#8220;3.19.11&#8243;]<\/p>\n<h2>Reise  <\/h2>\n<h4><span>Wussten Sie, dass Norwegen h\u00e4ufig als das gl\u00fccklichste Land der Welt bezeichnet wird?<\/span><\/h4>\n<p><span>Dies auf der Grundlage von Kriterien wie Freiheit, Ehrlichkeit, Wohlstand, Gesundheit und Gro\u00dfz\u00fcgigkeit. Besuchen Sie uns und nehmen Sie teil an dem, was uns gl\u00fccklich macht.   <\/span>K\u00f6nnte es sein, dass die au\u00dfergew\u00f6hnliche Landschaft, zu der wir Zugang haben, uns wirklich gl\u00fccklich macht?  <span>Die Region Stavanger ist ein Teil von Fjordnorwegen. Hier finden Sie atemberaubende Landschaften mit flie\u00dfenden Wasserf\u00e4llen, tiefblauen Fjorden und schneebedeckten Bergen   <\/span><\/p>\n<p>[\/et_pb_gallery][\/et_pb_column][\/et_pb_row][\/et_pb_section]<\/p>\n","protected":false},"excerpt":{"rendered":"<p>Ihre Privatsph\u00e4re ist wichtig Informationen zu Cookies &amp; DatenschutzZuletzt aktualisiert am: 23.06.2019 &#8211; Facebook Pixel hinzugef\u00fcgtDatenschutzrichtlinie und Cookies Personenbezogene Daten sind Daten und Bewertungen, die mit einer Person in Verbindung gebracht werden k\u00f6nnen. Dabei kann es sich zum Beispiel um den Namen, den Wohnort, die Telefonnummer, die E-Mail-Adresse und die IP-Adresse oder eine Kombination davon [&hellip;]<\/p>\n","protected":false},"author":6,"featured_media":0,"parent":0,"menu_order":0,"comment_status":"closed","ping_status":"closed","template":"","meta":{"_et_pb_use_builder":"on","_et_pb_old_content":"","_et_gb_content_width":"","footnotes":""},"class_list":["post-222459","page","type-page","status-publish","hentry"],"_links":{"self":[{"href":"https:\/\/privatecruise.no\/de\/wp-json\/wp\/v2\/pages\/222459","targetHints":{"allow":["GET"]}}],"collection":[{"href":"https:\/\/privatecruise.no\/de\/wp-json\/wp\/v2\/pages"}],"about":[{"href":"https:\/\/privatecruise.no\/de\/wp-json\/wp\/v2\/types\/page"}],"author":[{"embeddable":true,"href":"https:\/\/privatecruise.no\/de\/wp-json\/wp\/v2\/users\/6"}],"replies":[{"embeddable":true,"href":"https:\/\/privatecruise.no\/de\/wp-json\/wp\/v2\/comments?post=222459"}],"version-history":[{"count":6,"href":"https:\/\/privatecruise.no\/de\/wp-json\/wp\/v2\/pages\/222459\/revisions"}],"predecessor-version":[{"id":222493,"href":"https:\/\/privatecruise.no\/de\/wp-json\/wp\/v2\/pages\/222459\/revisions\/222493"}],"wp:attachment":[{"href":"https:\/\/privatecruise.no\/de\/wp-json\/wp\/v2\/media?parent=222459"}],"curies":[{"name":"wp","href":"https:\/\/api.w.org\/{rel}","templated":true}]}}