{"id":222436,"date":"2019-02-19T19:04:32","date_gmt":"2019-02-19T18:04:32","guid":{"rendered":"https:\/\/privatecruise.no\/dankeschoen\/"},"modified":"2025-03-28T12:39:53","modified_gmt":"2025-03-28T11:39:53","slug":"dankeschoen","status":"publish","type":"page","link":"https:\/\/privatecruise.no\/de\/anfrage\/dankeschoen\/","title":{"rendered":"Dankesch\u00f6n"},"content":{"rendered":"<p>[et_pb_section fb_built=&#8220;1&#8243; specialty=&#8220;on&#8220; custom_padding_last_edited=&#8220;on|phone&#8220; module_class=&#8220;topSub&#8220; _builder_version=&#8220;4.16&#8243; background_image=&#8220;https:\/\/privatecruise.no\/wp-content\/uploads\/2019\/01\/Private-Cruise-Lysefjord-Preikestolen-Pulpit-Rock-5-1.jpg&#8220; custom_margin=&#8220;||&#8220; custom_padding=&#8220;150px||150px&#8220; custom_padding_tablet=&#8220;100px||100px|&#8220; custom_padding_phone=&#8220;75px||75px|&#8220; global_colors_info=&#8220;{}&#8220;][et_pb_column type=&#8220;1_2&#8243; specialty_columns=&#8220;2&#8243; _builder_version=&#8220;4.16&#8243; custom_padding=&#8220;|||&#8220; global_colors_info=&#8220;{}&#8220; parallax__hover=&#8220;off&#8220; parallax_method__hover=&#8220;on&#8220; custom_padding__hover=&#8220;|||&#8220;][\/et_pb_column][et_pb_column type=&#8220;1_2&#8243; _builder_version=&#8220;4.16&#8243; custom_padding=&#8220;|||&#8220; global_colors_info=&#8220;{}&#8220; parallax__hover=&#8220;off&#8220; parallax_method__hover=&#8220;on&#8220; custom_padding__hover=&#8220;|||&#8220;][\/et_pb_column][\/et_pb_section][et_pb_section fb_built=&#8220;1&#8243; custom_padding_last_edited=&#8220;on|phone&#8220; admin_label=&#8220;About Section&#8220; module_id=&#8220;Infos&#8220; module_class=&#8220;SubInfo&#8220; _builder_version=&#8220;4.16&#8243; background_color=&#8220;#ffffff&#8220; use_background_color_gradient=&#8220;on&#8220; background_color_gradient_stops=&#8220;rgba(255,255,255,0.85) 0%|rgba(255,255,255,0.85) 100%&#8220; background_color_gradient_overlays_image=&#8220;on&#8220; background_color_gradient_start=&#8220;rgba(255,255,255,0.85)&#8220; background_color_gradient_end=&#8220;rgba(255,255,255,0.85)&#8220; background_image=&#8220;https:\/\/privatecruise.no\/wp-content\/uploads\/2019\/02\/pexels-photo-850796-1.jpeg&#8220; custom_padding=&#8220;0|0px|55px|0px|false|false&#8220; custom_padding_tablet=&#8220;||35px|&#8220; custom_padding_phone=&#8220;||0px&#8220; global_colors_info=&#8220;{}&#8220;][et_pb_row custom_padding_last_edited=&#8220;on|desktop&#8220; _builder_version=&#8220;4.16&#8243; custom_margin_tablet=&#8220;&#8220; custom_margin_phone=&#8220;&#8220; custom_margin_last_edited=&#8220;on|phone&#8220; custom_padding=&#8220;33.5938px|0px|0|0px|false|false&#8220; custom_padding_tablet=&#8220;&#8220; custom_padding_phone=&#8220;||0px&#8220; animation_style=&#8220;slide&#8220; animation_direction=&#8220;bottom&#8220; animation_intensity_slide=&#8220;5%&#8220; global_colors_info=&#8220;{}&#8220;][et_pb_column type=&#8220;4_4&#8243; _builder_version=&#8220;4.16&#8243; custom_padding=&#8220;|||&#8220; global_colors_info=&#8220;{}&#8220; custom_padding__hover=&#8220;|||&#8220;][et_pb_text _builder_version=&#8220;4.16&#8243; text_font=&#8220;||||||||&#8220; header_font=&#8220;|700|||||||&#8220; header_font_size=&#8220;50px&#8220; header_line_height=&#8220;1.5em&#8220; header_2_font=&#8220;|700|||||||&#8220; header_2_line_height=&#8220;1.5em&#8220; header_5_font=&#8220;|||on|||||&#8220; header_5_text_color=&#8220;rgba(0,0,0,0.4)&#8220; header_5_font_size=&#8220;20px&#8220; header_5_letter_spacing=&#8220;3px&#8220; background_color=&#8220;#ffffff&#8220; text_orientation=&#8220;center&#8220; max_width=&#8220;600px&#8220; module_alignment=&#8220;center&#8220; custom_margin=&#8220;-75px||0px&#8220; custom_padding=&#8220;35px||0px&#8220; text_line_height_last_edited=&#8220;off|desktop&#8220; header_font_size_tablet=&#8220;32px&#8220; header_font_size_phone=&#8220;28px&#8220; header_font_size_last_edited=&#8220;on|phone&#8220; header_2_font_size_tablet=&#8220;32px&#8220; header_2_font_size_phone=&#8220;28px&#8220; header_2_font_size_last_edited=&#8220;on|phone&#8220; box_shadow_style=&#8220;preset3&#8243; box_shadow_vertical=&#8220;-15px&#8220; global_colors_info=&#8220;{}&#8220;]<\/p>\n<h5>Anfrageformular gesendet<\/h5>\n<h1>Vielen Dank!<\/h1>\n<p>[\/et_pb_text][\/et_pb_column][\/et_pb_row][et_pb_row module_class=&#8220;NinjaSkjema&#8220; _builder_version=&#8220;4.16&#8243; custom_padding=&#8220;0|0px|33.1875px|0px|false|false&#8220; animation_style=&#8220;slide&#8220; animation_direction=&#8220;bottom&#8220; animation_delay=&#8220;250ms&#8220; animation_intensity_slide=&#8220;5%&#8220; global_colors_info=&#8220;{}&#8220;][et_pb_column type=&#8220;4_4&#8243; _builder_version=&#8220;4.16&#8243; custom_padding=&#8220;|||&#8220; global_colors_info=&#8220;{}&#8220; custom_padding__hover=&#8220;|||&#8220;][et_pb_text _builder_version=&#8220;4.16&#8243; text_font=&#8220;||||||||&#8220; text_font_size=&#8220;22px&#8220; header_font=&#8220;||||||||&#8220; header_4_font=&#8220;||||||||&#8220; header_4_text_align=&#8220;center&#8220; header_4_font_size=&#8220;24px&#8220; background_color=&#8220;#ffffff&#8220; max_width=&#8220;600px&#8220; module_alignment=&#8220;center&#8220; custom_margin=&#8220;||0px&#8220; custom_padding=&#8220;15px|15px|100px|15px&#8220; header_4_font_size_tablet=&#8220;22px&#8220; header_4_font_size_phone=&#8220;20px&#8220; header_4_font_size_last_edited=&#8220;on|phone&#8220; global_colors_info=&#8220;{}&#8220;]<\/p>\n<h4>Vielen Dank, dass Sie sich \u00fcber unsere Kreuzfahrten informieren m\u00f6chten. Wir werden uns so bald wie m\u00f6glich mit Ihnen in Verbindung setzen. Sie haben eine Kopie des von Ihnen gesendeten Formulars erhalten. Bitte \u00fcberpr\u00fcfen Sie Ihren Spam-Ordner, wenn Sie das Formular nicht in Ihrem Posteingang sehen. Wir freuen uns darauf, Sie kennenzulernen!   <\/h4>\n<p>[\/et_pb_text][et_pb_button button_url=&#8220;\/de\/&#8220; button_text=&#8220;Zur\u00fcck zur Hauptseite&#8220; button_alignment=&#8220;center&#8220; module_class=&#8220;hvr-grow&#8220; _builder_version=&#8220;4.27.4&#8243; custom_button=&#8220;on&#8220; button_text_size=&#8220;14px&#8220; button_text_color=&#8220;#ffffff&#8220; button_bg_color=&#8220;#000000&#8243; button_border_width=&#8220;0px&#8220; button_border_color=&#8220;rgba(0,0,0,0)&#8220; button_border_radius=&#8220;0px&#8220; button_letter_spacing=&#8220;2px&#8220; button_font=&#8220;|500||on|||||&#8220; button_use_icon=&#8220;off&#8220; custom_margin=&#8220;-75px||||false|false&#8220; custom_margin_tablet=&#8220;&#8220; custom_margin_phone=&#8220;&#8220; custom_margin_last_edited=&#8220;on|phone&#8220; custom_padding=&#8220;16px|30px|16px|30px|true|true&#8220; button_text_size_tablet=&#8220;&#8220; button_text_size_phone=&#8220;12px&#8220; button_text_size_last_edited=&#8220;on|phone&#8220; box_shadow_style=&#8220;preset1&#8243; box_shadow_vertical=&#8220;10px&#8220; box_shadow_blur=&#8220;20px&#8220; box_shadow_color=&#8220;rgba(0,0,0,0.15)&#8220; global_colors_info=&#8220;{}&#8220; button_text_size__hover_enabled=&#8220;off&#8220; button_text_color__hover_enabled=&#8220;off&#8220; button_bg_color__hover=&#8220;#37313d&#8220; button_bg_color__hover_enabled=&#8220;on|desktop&#8220; button_border_width__hover_enabled=&#8220;off&#8220; button_border_color__hover=&#8220;#3d3d37&#8243; button_border_color__hover_enabled=&#8220;off&#8220; button_border_radius__hover_enabled=&#8220;off&#8220; button_letter_spacing__hover=&#8220;2px&#8220; button_letter_spacing__hover_enabled=&#8220;on&#8220;][\/et_pb_button][et_pb_text _builder_version=&#8220;4.16&#8243; max_width=&#8220;590px&#8220; module_alignment=&#8220;center&#8220; custom_margin=&#8220;55px||&#8220; global_colors_info=&#8220;{}&#8220;]<\/p>\n<p>Wir werden die \u00fcber dieses Formular \u00fcbermittelten Informationen nicht f\u00fcr Werbung oder Marketing verwenden und die Informationen werden nicht an Dritte weitergegeben oder verkauft.<\/p>\n<p>Wir werden uns so schnell wie m\u00f6glich mit Ihnen in Verbindung setzen, um Ihre Anfrage zu bearbeiten. Bitte rechnen Sie mit bis zu 24 Stunden f\u00fcr regul\u00e4re Wochentage und 48 Stunden f\u00fcr Wochenenden. Wenn es sich um eine Last-Minute-Buchung handelt, setzen Sie sich bitte direkt mit uns telefonisch unter <a href=\"Tel:+47%20934%2097%20707\" target=\"_blank\" rel=\"noopener noreferrer\">+47 934 97 707 in Verbindung. <\/a>   <\/p>\n<p>[\/et_pb_text][et_pb_text _builder_version=&#8220;4.16&#8243; max_width=&#8220;590px&#8220; module_alignment=&#8220;center&#8220; global_colors_info=&#8220;{}&#8220; disabled_on=&#8220;on|on|on&#8220; disabled=&#8220;on&#8220;]<\/p>\n<p style=\"text-align: center;\"><strong>Wir akzeptieren folgende Zahlungsmethoden an Bord:  <\/strong><\/p>\n<p>[\/et_pb_text][et_pb_image src=&#8220;https:\/\/privatecruise.no\/wp-content\/uploads\/2019\/02\/payment-methods-nye.png&#8220; align=&#8220;center&#8220; align_tablet=&#8220;center&#8220; align_phone=&#8220;&#8220; align_last_edited=&#8220;on|desktop&#8220; _builder_version=&#8220;4.16&#8243; max_width=&#8220;450px&#8220; global_colors_info=&#8220;{}&#8220; disabled_on=&#8220;on|on|on&#8220; disabled=&#8220;on&#8220;][\/et_pb_image][\/et_pb_column][\/et_pb_row][\/et_pb_section]<\/p>\n","protected":false},"excerpt":{"rendered":"<p>Anfrageformular gesendet Vielen Dank!Vielen Dank, dass Sie sich \u00fcber unsere Kreuzfahrten informieren m\u00f6chten. Wir werden uns so bald wie m\u00f6glich mit Ihnen in Verbindung setzen. Sie haben eine Kopie des von Ihnen gesendeten Formulars erhalten. Bitte \u00fcberpr\u00fcfen Sie Ihren Spam-Ordner, wenn Sie das Formular nicht in Ihrem Posteingang sehen. Wir freuen uns darauf, Sie kennenzulernen! [&hellip;]<\/p>\n","protected":false},"author":6,"featured_media":0,"parent":222629,"menu_order":0,"comment_status":"closed","ping_status":"closed","template":"","meta":{"_et_pb_use_builder":"on","_et_pb_old_content":"","_et_gb_content_width":"","footnotes":""},"class_list":["post-222436","page","type-page","status-publish","hentry"],"_links":{"self":[{"href":"https:\/\/privatecruise.no\/de\/wp-json\/wp\/v2\/pages\/222436","targetHints":{"allow":["GET"]}}],"collection":[{"href":"https:\/\/privatecruise.no\/de\/wp-json\/wp\/v2\/pages"}],"about":[{"href":"https:\/\/privatecruise.no\/de\/wp-json\/wp\/v2\/types\/page"}],"author":[{"embeddable":true,"href":"https:\/\/privatecruise.no\/de\/wp-json\/wp\/v2\/users\/6"}],"replies":[{"embeddable":true,"href":"https:\/\/privatecruise.no\/de\/wp-json\/wp\/v2\/comments?post=222436"}],"version-history":[{"count":3,"href":"https:\/\/privatecruise.no\/de\/wp-json\/wp\/v2\/pages\/222436\/revisions"}],"predecessor-version":[{"id":223065,"href":"https:\/\/privatecruise.no\/de\/wp-json\/wp\/v2\/pages\/222436\/revisions\/223065"}],"up":[{"embeddable":true,"href":"https:\/\/privatecruise.no\/de\/wp-json\/wp\/v2\/pages\/222629"}],"wp:attachment":[{"href":"https:\/\/privatecruise.no\/de\/wp-json\/wp\/v2\/media?parent=222436"}],"curies":[{"name":"wp","href":"https:\/\/api.w.org\/{rel}","templated":true}]}}