{"id":222416,"date":"2019-02-13T22:10:00","date_gmt":"2019-02-13T21:10:00","guid":{"rendered":"https:\/\/privatecruise.no\/galerie\/"},"modified":"2025-03-27T14:58:09","modified_gmt":"2025-03-27T13:58:09","slug":"galerie","status":"publish","type":"page","link":"https:\/\/privatecruise.no\/de\/galerie\/","title":{"rendered":"Galerie"},"content":{"rendered":"<p>[et_pb_section fb_built=&#8220;1&#8243; specialty=&#8220;on&#8220; custom_padding_last_edited=&#8220;on|phone&#8220; module_class=&#8220;topSub&#8220; _builder_version=&#8220;3.19.11&#8243; background_image=&#8220;https:\/\/privatecruise.no\/wp-content\/uploads\/2019\/02\/City-Island.jpg&#8220; custom_margin=&#8220;||&#8220; custom_padding=&#8220;150px||150px&#8220; custom_padding_tablet=&#8220;100px||100px|&#8220; custom_padding_phone=&#8220;75px||75px|&#8220;][et_pb_column type=&#8220;1_2&#8243; specialty_columns=&#8220;2&#8243; _builder_version=&#8220;3.0.47&#8243; parallax__hover=&#8220;off&#8220; parallax_method__hover=&#8220;on&#8220; parallax=&#8220;off&#8220; parallax_method=&#8220;on&#8220;][\/et_pb_column][et_pb_column type=&#8220;1_2&#8243; _builder_version=&#8220;3.0.47&#8243; parallax__hover=&#8220;off&#8220; parallax_method__hover=&#8220;on&#8220; parallax=&#8220;off&#8220; parallax_method=&#8220;on&#8220;][\/et_pb_column][\/et_pb_section][et_pb_section fb_built=&#8220;1&#8243; custom_padding_last_edited=&#8220;on|phone&#8220; admin_label=&#8220;About Section&#8220; module_id=&#8220;Infos&#8220; module_class=&#8220;SubInfo&#8220; _builder_version=&#8220;3.19.11&#8243; background_color=&#8220;#ffffff&#8220; custom_padding=&#8220;0|0px|0|0px|false|false&#8220; custom_padding_tablet=&#8220;||35px|&#8220; custom_padding_phone=&#8220;||0px&#8220;][et_pb_row custom_padding=&#8220;33.5938px|0px|24px|0px|false|false&#8220; custom_padding_phone=&#8220;||0px&#8220; custom_padding_last_edited=&#8220;on|desktop&#8220; _builder_version=&#8220;3.19.11&#8243; custom_margin_last_edited=&#8220;on|phone&#8220; animation_style=&#8220;slide&#8220; animation_direction=&#8220;bottom&#8220; animation_intensity_slide=&#8220;5%&#8220;][et_pb_column type=&#8220;4_4&#8243; _builder_version=&#8220;3.0.47&#8243; parallax=&#8220;off&#8220; parallax_method=&#8220;on&#8220;][et_pb_text _builder_version=&#8220;3.19.11&#8243; text_font=&#8220;||||||||&#8220; text_line_height_last_edited=&#8220;off|desktop&#8220; header_font=&#8220;|700|||||||&#8220; header_font_size=&#8220;50px&#8220; header_font_size_tablet=&#8220;32px&#8220; header_font_size_phone=&#8220;28px&#8220; header_font_size_last_edited=&#8220;on|phone&#8220; header_line_height=&#8220;1.5em&#8220; header_2_font=&#8220;|700|||||||&#8220; header_2_font_size=&#8220;50px&#8220; header_2_font_size_tablet=&#8220;32px&#8220; header_2_font_size_phone=&#8220;28px&#8220; header_2_font_size_last_edited=&#8220;on|phone&#8220; header_2_line_height=&#8220;1.5em&#8220; header_5_font=&#8220;|||on|||||&#8220; header_5_text_color=&#8220;rgba(0,0,0,0.4)&#8220; header_5_font_size=&#8220;20px&#8220; header_5_letter_spacing=&#8220;3px&#8220; background_color=&#8220;#ffffff&#8220; box_shadow_style=&#8220;preset3&#8243; box_shadow_vertical=&#8220;-15px&#8220; text_orientation=&#8220;center&#8220; max_width=&#8220;600px&#8220; module_alignment=&#8220;center&#8220; custom_margin=&#8220;-75px||0px&#8220; custom_padding=&#8220;35px||0px&#8220;]<\/p>\n<h5>M\u00f6chten Sie eine Inspiration?<\/h5>\n<h1>Bildergalerie<\/h1>\n<p>[\/et_pb_text][\/et_pb_column][\/et_pb_row][et_pb_row use_custom_gutter=&#8220;on&#8220; gutter_width=&#8220;1&#8243; make_equal=&#8220;on&#8220; _builder_version=&#8220;3.19.11&#8243; module_alignment=&#8220;center&#8220;][et_pb_column type=&#8220;4_4&#8243; _builder_version=&#8220;3.0.47&#8243; parallax=&#8220;off&#8220; parallax_method=&#8220;on&#8220;][et_pb_gallery gallery_ids=&#8220;206771,206664,206662,206654,206634,206642,206651,206644&#8243; posts_number=&#8220;32&#8243; db_images_per_row=&#8220;4&#8243; db_image_max_width_tablet=&#8220;51&#8243; db_image_max_height_tablet=&#8220;501&#8243; db_image_row_spacing_tablet=&#8220;51&#8243; db_image_center_titles=&#8220;left&#8220; db_image_object_fit=&#8220;initial&#8220; show_title_and_caption=&#8220;off&#8220; _builder_version=&#8220;3.19.11&#8243;]<\/p>\n<h2>Reise  <\/h2>\n<h4><span>Wussten Sie, dass Norwegen h\u00e4ufig als das gl\u00fccklichste Land der Welt bezeichnet wird?<\/span><\/h4>\n<p><span>Dies auf der Grundlage von Kriterien wie Freiheit, Ehrlichkeit, Wohlfahrt, Gesundheit und Gro\u00dfz\u00fcgigkeit. Kommen Sie uns besuchen und nehmen Sie teil an dem, was uns gl\u00fccklich macht.   <\/span>K\u00f6nnte es sein, dass die au\u00dfergew\u00f6hnliche Landschaft, die uns zur Verf\u00fcgung steht, uns wirklich gl\u00fccklich macht?  <span>Die Region Stavanger ist ein Teil von Fjordnorwegen. Hier finden Sie atemberaubende Landschaften, flie\u00dfende Wasserf\u00e4lle, tiefblaue Fjorde und schneebedeckte Berge   <\/span><\/p>\n<p>[\/et_pb_gallery][\/et_pb_column][\/et_pb_row][\/et_pb_section][et_pb_section fb_built=&#8220;1&#8243; custom_padding_last_edited=&#8220;on|phone&#8220; admin_label=&#8220;About Section&#8220; module_id=&#8220;tripadvisor&#8220; _builder_version=&#8220;3.19.11&#8243; background_color=&#8220;#ffffff&#8220; custom_padding=&#8220;35px|0px|55px|0px|false|false&#8220; custom_padding_tablet=&#8220;||35px|&#8220; custom_padding_phone=&#8220;||0px&#8220;][et_pb_row _builder_version=&#8220;3.19.11&#8243;][et_pb_column type=&#8220;4_4&#8243; _builder_version=&#8220;3.19.11&#8243; parallax=&#8220;off&#8220; parallax_method=&#8220;on&#8220;][et_pb_image src=&#8220;https:\/\/privatecruise.no\/wp-content\/uploads\/2019\/02\/Tripadvisor-Cert.jpg&#8220; url=&#8220;https:\/\/www.tripadvisor.com\/Attraction_Review-g190511-d8290687-Reviews-Private_Cruise-Stavanger_Stavanger_Municipality_Rogaland_Western_Norway.html&#8220; url_new_window=&#8220;on&#8220; align=&#8220;center&#8220; _builder_version=&#8220;3.19.11&#8243; max_width=&#8220;200px&#8220; custom_margin=&#8220;||-35px&#8220;][\/et_pb_image][et_pb_text _builder_version=&#8220;3.19.11&#8243; text_font=&#8220;||||||||&#8220; text_line_height_last_edited=&#8220;off|desktop&#8220; header_font=&#8220;|700|||||||&#8220; header_font_size=&#8220;50px&#8220; header_font_size_tablet=&#8220;32px&#8220; header_font_size_phone=&#8220;28px&#8220; header_font_size_last_edited=&#8220;on|phone&#8220; header_line_height=&#8220;1.5em&#8220; header_2_font=&#8220;|700|||||||&#8220; header_2_font_size=&#8220;50px&#8220; header_2_font_size_tablet=&#8220;32px&#8220; header_2_font_size_phone=&#8220;28px&#8220; header_2_font_size_last_edited=&#8220;on|phone&#8220; header_2_line_height=&#8220;1.5em&#8220; header_5_font=&#8220;|||on|||||&#8220; header_5_text_color=&#8220;rgba(0,0,0,0.4)&#8220; header_5_font_size=&#8220;20px&#8220; header_5_letter_spacing=&#8220;3px&#8220; text_orientation=&#8220;center&#8220; max_width=&#8220;600px&#8220; module_alignment=&#8220;center&#8220; custom_padding=&#8220;35px||0px&#8220;]<\/p>\n<h2>Tripadvisor-Bewertungen<\/h2>\n<h5>5 von 5 Sternen<\/h5>\n<p>[\/et_pb_text][\/et_pb_column][\/et_pb_row][et_pb_row _builder_version=&#8220;3.19.6&#8243; animation_style=&#8220;slide&#8220; animation_direction=&#8220;bottom&#8220; animation_delay=&#8220;250ms&#8220; animation_intensity_slide=&#8220;5%&#8220;][et_pb_column type=&#8220;1_2&#8243; _builder_version=&#8220;3.0.47&#8243; parallax=&#8220;off&#8220; parallax_method=&#8220;on&#8220;][et_pb_text _builder_version=&#8220;3.19.11&#8243; text_font=&#8220;Teko|500|||||||&#8220; text_text_color=&#8220;#000000&#8243; text_font_size=&#8220;20px&#8220; text_font_size_phone=&#8220;16px&#8220; text_font_size_last_edited=&#8220;on|phone&#8220; text_letter_spacing=&#8220;2px&#8220; header_font=&#8220;||||||||&#8220; text_orientation=&#8220;center&#8220; max_width=&#8220;80%&#8220; max_width_last_edited=&#8220;on|phone&#8220; module_alignment=&#8220;center&#8220; animation_style=&#8220;zoom&#8220; animation_intensity_zoom=&#8220;8%&#8220;]<\/p>\n<p>&#8222;Drei Paare, ein Motorboot, ein hervorragender Skipper und eine wundersch\u00f6ne Landschaft&#8230; das sind die Zutaten f\u00fcr einen gro\u00dfartigen Tag auf dem Wasser. Unsere Kreuzfahrt f\u00fchrte uns durch den atemberaubenden Lysefjord, wo wir den ber\u00fchmten Kanzelfelsen bestaunten und Champagner tranken, der mit klarem, reinem Wasser aus dem nahe gelegenen Wasserfall heruntergesp\u00fclt wurde. Es war eine idyllische, lachende und denkw\u00fcrdige Reise, die wir ohne zu z\u00f6gern weiterempfehlen w\u00fcrden. Vielen Dank an unseren freundlichen, sachkundigen und professionellen Skipper&#8220;.<\/p>\n<p>[\/et_pb_text][et_pb_text _builder_version=&#8220;3.19.11&#8243; text_font=&#8220;||||||||&#8220; text_font_size=&#8220;12px&#8220; text_orientation=&#8220;center&#8220;]<\/p>\n<p><em>&#8211; eine von vielen 5-Sterne-Bewertungen auf Tripadvisor, diese von Benutzer &#8222;Sjammal&#8220;  <\/em><\/p>\n<p>[\/et_pb_text][et_pb_image src=&#8220;https:\/\/privatecruise.no\/wp-content\/uploads\/2019\/01\/tripadvisor-1.png&#8220; _builder_version=&#8220;3.19.11&#8243; max_width=&#8220;150px&#8220; module_alignment=&#8220;center&#8220;][\/et_pb_image][\/et_pb_column][et_pb_column type=&#8220;1_2&#8243; _builder_version=&#8220;3.0.47&#8243; parallax=&#8220;off&#8220; parallax_method=&#8220;on&#8220;][et_pb_text _builder_version=&#8220;3.19.11&#8243; text_font=&#8220;Teko|500|||||||&#8220; text_text_color=&#8220;#000000&#8243; text_font_size=&#8220;20px&#8220; text_font_size_phone=&#8220;16px&#8220; text_font_size_last_edited=&#8220;on|phone&#8220; text_letter_spacing=&#8220;2px&#8220; header_font=&#8220;||||||||&#8220; text_orientation=&#8220;center&#8220; max_width=&#8220;80%&#8220; max_width_last_edited=&#8220;on|phone&#8220; module_alignment=&#8220;center&#8220; animation_style=&#8220;zoom&#8220; animation_intensity_zoom=&#8220;8%&#8220;]<\/p>\n<p>&#8222;Drei Paare, ein Motorboot, ein hervorragender Skipper und eine wundersch\u00f6ne Landschaft&#8230; das sind die Zutaten f\u00fcr einen gro\u00dfartigen Tag auf dem Wasser. Unsere Kreuzfahrt f\u00fchrte uns durch den atemberaubenden Lysefjord, wo wir den ber\u00fchmten Kanzelfelsen bestaunten und Champagner tranken, der mit klarem, reinem Wasser aus dem nahe gelegenen Wasserfall heruntergesp\u00fclt wurde. Es war eine idyllische, lachende und denkw\u00fcrdige Reise, die wir ohne zu z\u00f6gern weiterempfehlen w\u00fcrden. Vielen Dank an unseren freundlichen, sachkundigen und professionellen Skipper&#8220;.<\/p>\n<p>[\/et_pb_text][et_pb_text _builder_version=&#8220;3.19.11&#8243; text_font=&#8220;||||||||&#8220; text_font_size=&#8220;12px&#8220; text_orientation=&#8220;center&#8220;]<\/p>\n<p><em>&#8211; eine von vielen 5-Sterne-Bewertungen auf Tripadvisor, hier von der Nutzerin Fiona W, Jersey. UK   <\/em><\/p>\n<p>[\/et_pb_text][et_pb_image src=&#8220;https:\/\/privatecruise.no\/wp-content\/uploads\/2019\/01\/tripadvisor-1.png&#8220; _builder_version=&#8220;3.19.11&#8243; max_width=&#8220;150px&#8220; module_alignment=&#8220;center&#8220;][\/et_pb_image][\/et_pb_column][\/et_pb_row][et_pb_row custom_padding=&#8220;22px|0px|33.5781px|0px|false|false&#8220; _builder_version=&#8220;3.19.11&#8243;][et_pb_column type=&#8220;4_4&#8243; _builder_version=&#8220;3.19.11&#8243; parallax=&#8220;off&#8220; parallax_method=&#8220;on&#8220;][et_pb_text _builder_version=&#8220;3.19.11&#8243; text_font=&#8220;||||on||||&#8220; text_orientation=&#8220;center&#8220;]<\/p>\n<p><a href=\"https:\/\/no.tripadvisor.com\/Attraction_Review-g190511-d8290687-Reviews-Private_Cruise-Stavanger_Stavanger_Municipality_Rogaland_Western_Norway.html\" target=\"_blank\" rel=\"noopener noreferrer\">Lesen Sie mehr Bewertungen auf Tripadvisor<\/a><\/p>\n<p>[\/et_pb_text][\/et_pb_column][\/et_pb_row][\/et_pb_section][et_pb_section fb_built=&#8220;1&#8243; admin_label=&#8220;Suggested Product&#8220; _builder_version=&#8220;3.19.11&#8243; custom_padding=&#8220;0|0px|0|0px|false|false&#8220; locked=&#8220;off&#8220; gutter_width__hover=&#8220;3&#8243; gutter_width__hover_enabled=&#8220;3&#8243; parallax_1__hover=&#8220;off&#8220; parallax_1__hover_enabled=&#8220;off&#8220; parallax_2__hover=&#8220;off&#8220; parallax_2__hover_enabled=&#8220;off&#8220; parallax_3__hover=&#8220;off&#8220; parallax_3__hover_enabled=&#8220;off&#8220; parallax_method_1__hover=&#8220;on&#8220; parallax_method_1__hover_enabled=&#8220;on&#8220; parallax_method_2__hover=&#8220;on&#8220; parallax_method_2__hover_enabled=&#8220;on&#8220; parallax_method_3__hover=&#8220;on&#8220; parallax_method_3__hover_enabled=&#8220;on&#8220; use_background_color_gradient__hover=&#8220;off&#8220; use_background_color_gradient__hover_enabled=&#8220;off&#8220; background_color_gradient_start__hover=&#8220;#2b87da&#8220; background_color_gradient_start__hover_enabled=&#8220;#2b87da&#8220; background_color_gradient_end__hover=&#8220;#29c4a9&#8243; background_color_gradient_end__hover_enabled=&#8220;#29c4a9&#8243; background_color_gradient_start_position__hover=&#8220;0%&#8220; background_color_gradient_start_position__hover_enabled=&#8220;0%&#8220; background_color_gradient_end_position__hover=&#8220;100%&#8220; background_color_gradient_end_position__hover_enabled=&#8220;100%&#8220; background_color_gradient_type__hover=&#8220;linear&#8220; background_color_gradient_type__hover_enabled=&#8220;linear&#8220; background_color_gradient_direction__hover=&#8220;180deg&#8220; background_color_gradient_direction__hover_enabled=&#8220;180deg&#8220; background_color_gradient_direction_radial__hover=&#8220;center&#8220; background_color_gradient_direction_radial__hover_enabled=&#8220;center&#8220; background_color_gradient_overlays_image__hover=&#8220;off&#8220; background_color_gradient_overlays_image__hover_enabled=&#8220;off&#8220; parallax__hover=&#8220;off&#8220; parallax__hover_enabled=&#8220;off&#8220; parallax_method__hover=&#8220;on&#8220; parallax_method__hover_enabled=&#8220;on&#8220; background_size__hover=&#8220;cover&#8220; background_size__hover_enabled=&#8220;cover&#8220; background_position__hover=&#8220;center&#8220; background_position__hover_enabled=&#8220;center&#8220; background_repeat__hover=&#8220;no-repeat&#8220; background_repeat__hover_enabled=&#8220;no-repeat&#8220; background_blend__hover=&#8220;normal&#8220; background_blend__hover_enabled=&#8220;normal&#8220; allow_player_pause__hover=&#8220;off&#8220; allow_player_pause__hover_enabled=&#8220;off&#8220; background_video_pause_outside_viewport__hover=&#8220;on&#8220; background_video_pause_outside_viewport__hover_enabled=&#8220;on&#8220; inner_shadow__hover=&#8220;off&#8220; inner_shadow__hover_enabled=&#8220;off&#8220; make_fullwidth__hover=&#8220;off&#8220; make_fullwidth__hover_enabled=&#8220;off&#8220; use_custom_width__hover=&#8220;off&#8220; use_custom_width__hover_enabled=&#8220;off&#8220; width_unit__hover=&#8220;on&#8220; width_unit__hover_enabled=&#8220;on&#8220; custom_width_px__hover=&#8220;1080px&#8220; custom_width_px__hover_enabled=&#8220;1080px&#8220; custom_width_percent__hover=&#8220;80%&#8220; custom_width_percent__hover_enabled=&#8220;80%&#8220; make_equal__hover=&#8220;off&#8220; make_equal__hover_enabled=&#8220;off&#8220; use_custom_gutter__hover=&#8220;off&#8220; use_custom_gutter__hover_enabled=&#8220;off&#8220; border_radii__hover=&#8220;on||||&#8220; border_radii__hover_enabled=&#8220;on||||&#8220; box_shadow_style__hover=&#8220;none&#8220; box_shadow_style__hover_enabled=&#8220;none&#8220; box_shadow_color__hover=&#8220;rgba(0,0,0,0.3)&#8220; box_shadow_color__hover_enabled=&#8220;rgba(0,0,0,0.3)&#8220; max_width__hover=&#8220;100%&#8220; max_width__hover_enabled=&#8220;100%&#8220; filter_hue_rotate__hover=&#8220;0deg&#8220; filter_hue_rotate__hover_enabled=&#8220;0deg&#8220; filter_saturate__hover=&#8220;100%&#8220; filter_saturate__hover_enabled=&#8220;100%&#8220; filter_brightness__hover=&#8220;100%&#8220; filter_brightness__hover_enabled=&#8220;100%&#8220; filter_contrast__hover=&#8220;100%&#8220; filter_contrast__hover_enabled=&#8220;100%&#8220; filter_invert__hover=&#8220;0%&#8220; filter_invert__hover_enabled=&#8220;0%&#8220; filter_sepia__hover=&#8220;0%&#8220; filter_sepia__hover_enabled=&#8220;0%&#8220; filter_opacity__hover=&#8220;100%&#8220; filter_opacity__hover_enabled=&#8220;100%&#8220; filter_blur__hover=&#8220;0px&#8220; filter_blur__hover_enabled=&#8220;0px&#8220; mix_blend_mode__hover=&#8220;normal&#8220; mix_blend_mode__hover_enabled=&#8220;normal&#8220; animation_style__hover=&#8220;none&#8220; animation_style__hover_enabled=&#8220;none&#8220; animation_repeat__hover=&#8220;once&#8220; animation_repeat__hover_enabled=&#8220;once&#8220; animation_direction__hover=&#8220;center&#8220; animation_direction__hover_enabled=&#8220;center&#8220; animation_duration__hover=&#8220;1000ms&#8220; animation_duration__hover_enabled=&#8220;1000ms&#8220; animation_delay__hover=&#8220;0ms&#8220; animation_delay__hover_enabled=&#8220;0ms&#8220; animation_intensity_slide__hover=&#8220;50%&#8220; animation_intensity_slide__hover_enabled=&#8220;50%&#8220; animation_intensity_zoom__hover=&#8220;50%&#8220; animation_intensity_zoom__hover_enabled=&#8220;50%&#8220; animation_intensity_flip__hover=&#8220;50%&#8220; animation_intensity_flip__hover_enabled=&#8220;50%&#8220; animation_intensity_fold__hover=&#8220;50%&#8220; animation_intensity_fold__hover_enabled=&#8220;50%&#8220; animation_intensity_roll__hover=&#8220;50%&#8220; animation_intensity_roll__hover_enabled=&#8220;50%&#8220; animation_starting_opacity__hover=&#8220;0%&#8220; animation_starting_opacity__hover_enabled=&#8220;0%&#8220; animation_speed_curve__hover=&#8220;ease-in-out&#8220; animation_speed_curve__hover_enabled=&#8220;ease-in-out&#8220; hover_transition_duration__hover=&#8220;300ms&#8220; hover_transition_duration__hover_enabled=&#8220;300ms&#8220; hover_transition_delay__hover=&#8220;0ms&#8220; hover_transition_delay__hover_enabled=&#8220;0ms&#8220; hover_transition_speed_curve__hover=&#8220;ease&#8220; hover_transition_speed_curve__hover_enabled=&#8220;ease&#8220;][et_pb_row use_custom_width=&#8220;on&#8220; width_unit=&#8220;off&#8220; custom_width_percent=&#8220;100%&#8220; use_custom_gutter=&#8220;on&#8220; gutter_width=&#8220;1&#8243; custom_padding=&#8220;0|0px|0|0px|false|false&#8220; make_equal=&#8220;on&#8220; background_color_1=&#8220;#000000&#8243; background_color_3=&#8220;#1a2545&#8243; padding_top_bottom_link_1=&#8220;true&#8220; padding_top_bottom_link_2=&#8220;true&#8220; padding_top_bottom_link_3=&#8220;false&#8220; padding_left_right_link_1=&#8220;true&#8220; padding_left_right_link_3=&#8220;false&#8220; use_background_color_gradient_2=&#8220;off&#8220; background_color_gradient_start_2=&#8220;rgba(26,37,69,0)&#8220; background_color_gradient_end_2=&#8220;#1a2545&#8243; background_color_gradient_direction_2=&#8220;90deg&#8220; background_color_gradient_start_position_2=&#8220;60%&#8220; background_color_gradient_end_position_2=&#8220;60%&#8220; padding_top_1=&#8220;80px&#8220; padding_top_2=&#8220;100px&#8220; padding_top_3=&#8220;15vw&#8220; padding_right_1=&#8220;10vw&#8220; padding_right_3=&#8220;10vw&#8220; padding_bottom_1=&#8220;80px&#8220; padding_bottom_2=&#8220;100px&#8220; padding_bottom_3=&#8220;10vw&#8220; padding_left_1=&#8220;10vw&#8220; padding_left_3=&#8220;5vw&#8220; padding_2_tablet=&#8220;50px||0px&#8220; padding_3_tablet=&#8220;|||10vw&#8220; padding_1_phone=&#8220;40px||40px&#8220; padding_2_phone=&#8220;0px||0px|25px&#8220; padding_3_phone=&#8220;40px||40px||true&#8220; padding_2_last_edited=&#8220;on|phone&#8220; module_class_1=&#8220;second-on-mobile&#8220; module_class_2=&#8220;first-on-mobile&#8220; custom_css_main_1=&#8220;display: flex;||flex-direction: column;||justify-content: center;||&#8220; module_class=&#8220;custom_row&#8220; _builder_version=&#8220;3.19.11&#8243;][et_pb_column type=&#8220;3_5&#8243; _builder_version=&#8220;3.19&#8243; padding_phone=&#8220;40px||40px&#8220; padding_bottom=&#8220;80px&#8220; padding_left=&#8220;10vw&#8220; padding_right=&#8220;10vw&#8220; padding_top=&#8220;80px&#8220; background_color=&#8220;#000000&#8243; parallax=&#8220;off&#8220; parallax_method=&#8220;on&#8220; module_class=&#8220;second-on-mobile&#8220; custom_css_main=&#8220;display: flex;||flex-direction: column;||justify-content: center;||&#8220;][et_pb_text _builder_version=&#8220;3.19.6&#8243; text_font=&#8220;||||||||&#8220; text_text_color=&#8220;#ffffff&#8220; text_line_height=&#8220;2em&#8220; header_font=&#8220;||||||||&#8220; header_2_font=&#8220;|700|||||||&#8220; header_2_font_size=&#8220;36px&#8220; header_2_font_size_tablet=&#8220;32px&#8220; header_2_font_size_phone=&#8220;32px&#8220; header_2_font_size_last_edited=&#8220;on|phone&#8220; header_2_line_height=&#8220;1.6em&#8220; header_3_font=&#8220;|700|||||||&#8220; header_3_font_size=&#8220;30px&#8220; header_3_font_size_phone=&#8220;22px&#8220; header_3_font_size_last_edited=&#8220;on|phone&#8220; header_3_line_height=&#8220;1.6em&#8220; header_4_font=&#8220;|500||on|||||&#8220; header_4_font_size_phone=&#8220;18px&#8220; header_4_font_size_last_edited=&#8220;on|phone&#8220; header_4_letter_spacing=&#8220;5px&#8220; header_4_line_height=&#8220;1.5em&#8220; background_layout=&#8220;dark&#8220; custom_margin=&#8220;||35px&#8220; locked=&#8220;off&#8220;]<\/p>\n<h4>Worauf warten Sie noch?  <\/h4>\n<h2>Buchen Sie noch heute eine Kreuzfahrt mit Private Cruise!<\/h2>\n<p>Private Cruise ist stolz auf seine F\u00e4higkeit, die perfekte Kreuzfahrt f\u00fcr fast jeden Anlass zu organisieren. Wir bieten t\u00e4glich private Sightseeing-Kreuzfahrten sowie einen Service, der v\u00f6llig individuell, einzigartig und pers\u00f6nlich ist. Wir wissen, dass Einf\u00fchlungsverm\u00f6gen und sorgf\u00e4ltige Planung entscheidende Faktoren sind. Wir sind stolz auf unseren erstklassigen Service und die Liebe zum Detail, die wir jedem unserer Kunden entgegenbringen.[\/et_pb_text][et_pb_button button_url=&#8220;https:\/\/privatecruise.no\/booking\/&#8220; button_text=&#8220;BOOK A CRUISE mit privater Kreuzfahrt&#8220; _builder_version=&#8220;3.19.6&#8243; custom_button=&#8220;on&#8220; button_text_size=&#8220;14px&#8220; button_text_color=&#8220;#000000&#8243; button_bg_color=&#8220;#ffffff&#8220; button_border_width=&#8220;0px&#8220; button_border_color=&#8220;#ffffff&#8220; button_border_radius=&#8220;100px&#8220; button_letter_spacing=&#8220;2px&#8220; button_font=&#8220;|500||on|||||&#8220; button_use_icon=&#8220;off&#8220; button_text_size_phone=&#8220;12px&#8220; button_text_size_last_edited=&#8220;on|phone&#8220; box_shadow_style=&#8220;preset1&#8243; box_shadow_vertical=&#8220;10px&#8220; box_shadow_blur=&#8220;20px&#8220; box_shadow_color=&#8220;rgba(0,0,0,0.15)&#8220; custom_padding=&#8220;16px|30px|16px|30px|true|true&#8220; button_letter_spacing_hover=&#8220;2px&#8220; locked=&#8220;off&#8220; button_text_size__hover_enabled=&#8220;off&#8220; button_one_text_size__hover_enabled=&#8220;off&#8220; button_two_text_size__hover_enabled=&#8220;off&#8220; button_text_color__hover_enabled=&#8220;off&#8220; button_one_text_color__hover_enabled=&#8220;off&#8220; button_two_text_color__hover_enabled=&#8220;off&#8220; button_border_width__hover_enabled=&#8220;off&#8220; button_one_border_width__hover_enabled=&#8220;off&#8220; button_two_border_width__hover_enabled=&#8220;off&#8220; button_border_color__hover_enabled=&#8220;off&#8220; button_one_border_color__hover_enabled=&#8220;off&#8220; button_two_border_color__hover_enabled=&#8220;off&#8220; button_border_radius__hover_enabled=&#8220;off&#8220; button_one_border_radius__hover_enabled=&#8220;off&#8220; button_two_border_radius__hover_enabled=&#8220;off&#8220; button_letter_spacing__hover_enabled=&#8220;on&#8220; button_letter_spacing__hover=&#8220;2px&#8220; button_one_letter_spacing__hover_enabled=&#8220;off&#8220; button_two_letter_spacing__hover_enabled=&#8220;off&#8220; button_bg_color__hover_enabled=&#8220;on&#8220; button_one_bg_color__hover_enabled=&#8220;off&#8220; button_two_bg_color__hover_enabled=&#8220;off&#8220; button_bg_color__hover=&#8220;#d6d6d5&#8243;][\/et_pb_button][\/et_pb_column][et_pb_column type=&#8220;2_5&#8243; _builder_version=&#8220;3.19&#8243; padding_phone=&#8220;0px||0px|25px&#8220; padding_tablet=&#8220;50px||0px&#8220; padding_last_edited=&#8220;on|phone&#8220; padding_bottom=&#8220;100px&#8220; padding_top=&#8220;100px&#8220; parallax=&#8220;off&#8220; parallax_method=&#8220;on&#8220; use_background_color_gradient=&#8220;off&#8220; background_color_gradient_start=&#8220;rgba(26,37,69,0)&#8220; background_color_gradient_end=&#8220;#1a2545&#8243; background_color_gradient_direction=&#8220;90deg&#8220; background_color_gradient_start_position=&#8220;60%&#8220; background_color_gradient_end_position=&#8220;60%&#8220; module_class=&#8220;first-on-mobile&#8220;][et_pb_image src=&#8220;https:\/\/privatecruise.no\/wp-content\/uploads\/2019\/01\/yacht-img-15.jpg&#8220; _builder_version=&#8220;3.19.6&#8243; border_width_all=&#8220;8px&#8220; border_color_all=&#8220;#ffffff&#8220; custom_margin=&#8220;|||-5vw&#8220; animation_style=&#8220;slide&#8220; animation_direction=&#8220;right&#8220; animation_intensity_slide=&#8220;2%&#8220; locked=&#8220;off&#8220; show_bottom_space__hover=&#8220;on&#8220; show_bottom_space__hover_enabled=&#8220;on&#8220;][\/et_pb_image][\/et_pb_column][\/et_pb_row][\/et_pb_section]<\/p>\n","protected":false},"excerpt":{"rendered":"<p>M\u00f6chten Sie eine Inspiration? BildergalerieReise Wussten Sie, dass Norwegen h\u00e4ufig als das gl\u00fccklichste Land der Welt bezeichnet wird? Dies auf der Grundlage von Kriterien wie Freiheit, Ehrlichkeit, Wohlfahrt, Gesundheit und Gro\u00dfz\u00fcgigkeit. Kommen Sie uns besuchen und nehmen Sie teil an dem, was uns gl\u00fccklich macht. K\u00f6nnte es sein, dass die au\u00dfergew\u00f6hnliche Landschaft, die uns zur [&hellip;]<\/p>\n","protected":false},"author":6,"featured_media":0,"parent":0,"menu_order":0,"comment_status":"closed","ping_status":"closed","template":"","meta":{"_et_pb_use_builder":"on","_et_pb_old_content":"","_et_gb_content_width":"","footnotes":""},"class_list":["post-222416","page","type-page","status-publish","hentry"],"_links":{"self":[{"href":"https:\/\/privatecruise.no\/de\/wp-json\/wp\/v2\/pages\/222416","targetHints":{"allow":["GET"]}}],"collection":[{"href":"https:\/\/privatecruise.no\/de\/wp-json\/wp\/v2\/pages"}],"about":[{"href":"https:\/\/privatecruise.no\/de\/wp-json\/wp\/v2\/types\/page"}],"author":[{"embeddable":true,"href":"https:\/\/privatecruise.no\/de\/wp-json\/wp\/v2\/users\/6"}],"replies":[{"embeddable":true,"href":"https:\/\/privatecruise.no\/de\/wp-json\/wp\/v2\/comments?post=222416"}],"version-history":[{"count":5,"href":"https:\/\/privatecruise.no\/de\/wp-json\/wp\/v2\/pages\/222416\/revisions"}],"predecessor-version":[{"id":222617,"href":"https:\/\/privatecruise.no\/de\/wp-json\/wp\/v2\/pages\/222416\/revisions\/222617"}],"wp:attachment":[{"href":"https:\/\/privatecruise.no\/de\/wp-json\/wp\/v2\/media?parent=222416"}],"curies":[{"name":"wp","href":"https:\/\/api.w.org\/{rel}","templated":true}]}}